{"id":398,"date":"2024-11-25T11:35:33","date_gmt":"2024-11-25T10:35:33","guid":{"rendered":"https:\/\/stg-autoelect-ontwikkeling.kinsta.cloud\/?page_id=398"},"modified":"2025-01-10T14:16:03","modified_gmt":"2025-01-10T13:16:03","slug":"datenschutzbestimmungen","status":"publish","type":"page","link":"https:\/\/www.auto-elect.nl\/de\/privacy-beleid\/","title":{"rendered":"Datenschutzrichtlinie"},"content":{"rendered":"<section class=\"text-only left\" >\n        <div class=\"grid-container\">\n        <div class=\"text\">\n        \t\t\t<h2 >Datenschutzerkl\u00e4rung Auto Elect B.V.<\/h2><p ><p>Auto Elect B.V. legt gro\u00dfen Wert auf den Schutz Ihrer pers\u00f6nlichen Daten. In dieser Datenschutzerkl\u00e4rung m\u00f6chten wir klare und transparente Informationen dar\u00fcber geben, wie wir mit personenbezogenen Daten umgehen.<\/p>\n<p>Wir setzen alles daran, Ihre Privatsph\u00e4re zu sch\u00fctzen, und gehen daher sorgf\u00e4ltig mit personenbezogenen Daten um. Auto Elect B.V. h\u00e4lt sich in allen F\u00e4llen an die geltenden Gesetze und Vorschriften, einschlie\u00dflich der Datenschutz-Grundverordnung (DSGVO).<\/p>\n<p>Das bedeutet, dass wir zumindest:<\/p>\n<ul>\n<li>Ihre personenbezogenen Daten in \u00dcbereinstimmung mit dem Zweck verarbeiten, f\u00fcr den sie bereitgestellt wurden; diese Zwecke und Arten von personenbezogenen Daten sind in dieser Datenschutzerkl\u00e4rung beschrieben.<\/li>\n<li>Die Verarbeitung Ihrer personenbezogenen Daten auf die Daten beschr\u00e4nken, die f\u00fcr die Zwecke, f\u00fcr die sie verarbeitet werden, unbedingt erforderlich sind.<\/li>\n<li>Ihre ausdr\u00fcckliche Zustimmung einholen, wenn diese f\u00fcr die Verarbeitung Ihrer personenbezogenen Daten erforderlich ist.<\/li>\n<li>Geeignete technische und\/oder organisatorische Ma\u00dfnahmen ergriffen haben, um die Sicherheit Ihrer personenbezogenen Daten zu gew\u00e4hrleisten.<\/li>\n<li>Keine personenbezogenen Daten an Dritte weitergeben, es sei denn, dies ist f\u00fcr die Zwecke erforderlich, f\u00fcr die sie bereitgestellt wurden.<\/li>\n<li>Sich Ihrer Rechte in Bezug auf Ihre personenbezogenen Daten bewusst sind, Sie darauf hinweisen und diese respektieren.<\/li>\n<\/ul>\n<p>Als Auto Elect B.V. sind wir f\u00fcr die Verarbeitung Ihrer personenbezogenen Daten verantwortlich. Wenn Sie nach Durchsicht unserer Datenschutzerkl\u00e4rung oder allgemeinere Fragen dazu haben oder Kontakt mit uns aufnehmen m\u00f6chten, k\u00f6nnen Sie dies \u00fcber die unten angegebenen Kontaktdaten tun.<\/p>\n<p><strong>Wer sind wir?<\/strong><\/p>\n<p>Auto Elect B.V.<br \/>\nAdresse: Marsweg 21-23, 3893 GB Zeewolde<br \/>\nE-Mail: <a href=\"mailto:info@auto-elect.nl\" rel=\"noopener\">info@auto-elect.nl<\/a><br \/>\nTelefon: +31 (0)36 202 20 10<br \/>\nWebsite: <a href=\"http:\/\/www.auto-elect.nl\/de\/\" target=\"_new\" rel=\"noopener\">www.auto-elect.de<\/a><\/p>\n<\/p>\t            <\/div>\n    <\/div>\n<\/section>\n\n\n\n<section class=\"text-only left\" >\n        <div class=\"grid-container\">\n        <div class=\"text\">\n        \t\t\t<h2 >Warum verarbeiten wir personenbezogene Daten?<\/h2><p ><p>Ihre personenbezogenen Daten werden von Auto Elect B.V. zu folgenden Zwecken verarbeitet:<\/p>\n<ul>\n<li>Abschluss und Durchf\u00fchrung von Vereinbarungen.<\/li>\n<li>Versand von Newslettern.<\/li>\n<\/ul>\n<p>F\u00fcr die oben genannten Zwecke k\u00f6nnen wir die folgenden personenbezogenen Daten von Ihnen anfordern:<\/p>\n<ul>\n<li>Name<\/li>\n<li>Adresse und Wohnort<\/li>\n<li>Telefonnummer<\/li>\n<li>E-Mail-Adresse<\/li>\n<\/ul>\n<\/p>\t            <\/div>\n    <\/div>\n<\/section>\n\n\n\n<section class=\"text-only left\" >\n        <div class=\"grid-container\">\n        <div class=\"text\">\n        \t\t\t<h2 >Weitergabe an Dritte<\/h2><p ><p>Die Daten, die Sie uns zur Verf\u00fcgung stellen, k\u00f6nnen an Dritte weitergegeben werden, wenn dies f\u00fcr die Durchf\u00fchrung der oben beschriebenen Zwecke erforderlich ist. Zum Beispiel nutzen wir Dritte f\u00fcr:<\/p>\n<ul>\n<li>Direktlieferungen von unserem Lieferanten.<\/li>\n<li>Unser Steuerb\u00fcro.<\/li>\n<\/ul>\n<p>Wir geben niemals personenbezogene Daten an andere Parteien weiter, mit denen wir keine Vereinbarung zur Auftragsverarbeitung abgeschlossen haben. Mit diesen Parteien (Auftragsverarbeitern) treffen wir die notwendigen Vereinbarungen, um die Sicherheit Ihrer personenbezogenen Daten zu gew\u00e4hrleisten. Dar\u00fcber hinaus geben wir Ihre Daten nicht an andere Parteien weiter, es sei denn, dies ist gesetzlich vorgeschrieben oder erlaubt. Ein Beispiel hierf\u00fcr ist, wenn die Polizei im Rahmen einer Untersuchung personenbezogene Daten von uns anfordert. In einem solchen Fall sind wir verpflichtet, diese Daten bereitzustellen.<\/p>\n<p>Wir geben keine personenbezogenen Daten an Parteien weiter, die au\u00dferhalb der EU ans\u00e4ssig sind.<\/p>\n<\/p>\t            <\/div>\n    <\/div>\n<\/section>\n\n\n\n<section class=\"text-only left\" >\n        <div class=\"grid-container\">\n        <div class=\"text\">\n        \t\t\t<h2 >Aufbewahrungsfrist<\/h2><p ><p>Auto Elect B.V. speichert personenbezogene Daten nicht l\u00e4nger, als es f\u00fcr den Zweck, zu dem sie bereitgestellt wurden, erforderlich ist oder gesetzlich vorgeschrieben ist.<\/p>\n<\/p>\t            <\/div>\n    <\/div>\n<\/section>\n\n\n\n<section class=\"text-only left\" >\n        <div class=\"grid-container\">\n        <div class=\"text\">\n        \t\t\t<h2 >Sicherheit<\/h2><p ><p>Wir haben geeignete technische und organisatorische Ma\u00dfnahmen ergriffen, um Ihre personenbezogenen Daten vor unrechtm\u00e4\u00dfiger Verarbeitung zu sch\u00fctzen. Diese Ma\u00dfnahmen umfassen:<\/p>\n<ul>\n<li>Ein sicheres Computersystem.<\/li>\n<li>Verteilung interner Zugriffsrechte.<\/li>\n<\/ul>\n<\/p>\t            <\/div>\n    <\/div>\n<\/section>\n\n\n\n<section class=\"text-only left\" >\n        <div class=\"grid-container\">\n        <div class=\"text\">\n        \t\t\t<h2 >Ihre Rechte in Bezug auf Ihre Daten<\/h2><p ><p>Sie haben das Recht auf Einsicht, Berichtigung oder L\u00f6schung der personenbezogenen Daten, die wir \u00fcber Sie gespeichert haben. Sie k\u00f6nnen auch der Verarbeitung Ihrer personenbezogenen Daten (oder eines Teils davon) durch uns oder durch einen unserer Auftragsverarbeiter widersprechen. Dar\u00fcber hinaus haben Sie das Recht, die von Ihnen bereitgestellten Daten von uns an sich selbst oder direkt an eine andere Partei \u00fcbertragen zu lassen, wenn dies gew\u00fcnscht wird. Selbstverst\u00e4ndlich k\u00f6nnen wir Sie bitten, sich auszuweisen, bevor wir den oben genannten Anfragen nachkommen.<\/p>\n<\/p>\t            <\/div>\n    <\/div>\n<\/section>\n\n\n\n<section class=\"text-only left\" >\n        <div class=\"grid-container\">\n        <div class=\"text\">\n        \t\t\t<h2 >Beschwerden<\/h2><p ><p>Sollten Sie eine Beschwerde \u00fcber die Verarbeitung Ihrer personenbezogenen Daten haben, bitten wir Sie, uns zu kontaktieren. Sollten wir gemeinsam keine L\u00f6sung finden, bedauern wir dies sehr. Sie haben das Recht, eine Beschwerde bei der Datenschutzbeh\u00f6rde (Autoriteit Persoonsgegevens) einzureichen, der zust\u00e4ndigen Aufsichtsbeh\u00f6rde f\u00fcr Datenschutzfragen.<\/p>\n<p>Wenn Sie Fragen oder Anmerkungen zu unseren Datenschutzbestimmungen haben, nehmen Sie bitte Kontakt mit uns auf.<\/p>\n<\/p>\t            <\/div>\n    <\/div>\n<\/section>","protected":false},"excerpt":{"rendered":"","protected":false},"author":4,"featured_media":0,"parent":0,"menu_order":0,"comment_status":"closed","ping_status":"closed","template":"","meta":{"_acf_changed":false,"footnotes":""},"class_list":["post-398","page","type-page","status-publish","hentry"],"acf":[],"yoast_head":"<!-- This site is optimized with the Yoast SEO plugin v27.4 - https:\/\/yoast.com\/product\/yoast-seo-wordpress\/ -->\n<title>Privacy Policy - Auto-Elect | Auto Elect Zeewolde<\/title>\n<meta name=\"description\" content=\"Read Auto-Elect&#039;s privacy policy to understand how we protect your data. Transparency and security in handling personal information.\" \/>\n<meta name=\"robots\" content=\"index, follow, max-snippet:-1, max-image-preview:large, max-video-preview:-1\" \/>\n<link rel=\"canonical\" href=\"https:\/\/www.auto-elect.nl\/de\/datenschutzbestimmungen\/\" \/>\n<meta property=\"og:locale\" content=\"de_DE\" \/>\n<meta property=\"og:type\" content=\"article\" \/>\n<meta property=\"og:title\" content=\"Privacy Policy - Auto-Elect | Auto Elect Zeewolde\" \/>\n<meta property=\"og:description\" content=\"Read Auto-Elect&#039;s privacy policy to understand how we protect your data. Transparency and security in handling personal information.\" \/>\n<meta property=\"og:url\" content=\"https:\/\/www.auto-elect.nl\/de\/datenschutzbestimmungen\/\" \/>\n<meta property=\"og:site_name\" content=\"Auto Elect Zeewolde\" \/>\n<meta property=\"article:modified_time\" content=\"2025-01-10T13:16:03+00:00\" \/>\n<meta name=\"twitter:card\" content=\"summary_large_image\" \/>\n<script type=\"application\/ld+json\" class=\"yoast-schema-graph\">{\"@context\":\"https:\\\/\\\/schema.org\",\"@graph\":[{\"@type\":\"WebPage\",\"@id\":\"https:\\\/\\\/www.auto-elect.nl\\\/privacy-beleid\\\/\",\"url\":\"https:\\\/\\\/www.auto-elect.nl\\\/privacy-beleid\\\/\",\"name\":\"Privacy Policy - Auto-Elect | Auto Elect Zeewolde\",\"isPartOf\":{\"@id\":\"https:\\\/\\\/www.auto-elect.nl\\\/#website\"},\"datePublished\":\"2024-11-25T10:35:33+00:00\",\"dateModified\":\"2025-01-10T13:16:03+00:00\",\"description\":\"Read Auto-Elect's privacy policy to understand how we protect your data. Transparency and security in handling personal information.\",\"breadcrumb\":{\"@id\":\"https:\\\/\\\/www.auto-elect.nl\\\/privacy-beleid\\\/#breadcrumb\"},\"inLanguage\":\"de\",\"potentialAction\":[{\"@type\":\"ReadAction\",\"target\":[\"https:\\\/\\\/www.auto-elect.nl\\\/privacy-beleid\\\/\"]}]},{\"@type\":\"BreadcrumbList\",\"@id\":\"https:\\\/\\\/www.auto-elect.nl\\\/privacy-beleid\\\/#breadcrumb\",\"itemListElement\":[{\"@type\":\"ListItem\",\"position\":1,\"name\":\"Home\",\"item\":\"https:\\\/\\\/www.auto-elect.nl\\\/\"},{\"@type\":\"ListItem\",\"position\":2,\"name\":\"Privacy beleid\"}]},{\"@type\":\"WebSite\",\"@id\":\"https:\\\/\\\/www.auto-elect.nl\\\/#website\",\"url\":\"https:\\\/\\\/www.auto-elect.nl\\\/\",\"name\":\"Auto Elect Zeewolde\",\"description\":\"Specialist in nieuwe en gereviseerde autotechnische producten\",\"potentialAction\":[{\"@type\":\"SearchAction\",\"target\":{\"@type\":\"EntryPoint\",\"urlTemplate\":\"https:\\\/\\\/www.auto-elect.nl\\\/?s={search_term_string}\"},\"query-input\":{\"@type\":\"PropertyValueSpecification\",\"valueRequired\":true,\"valueName\":\"search_term_string\"}}],\"inLanguage\":\"de\"}]}<\/script>\n<!-- \/ Yoast SEO plugin. -->","yoast_head_json":{"title":"Datenschutzerkl\u00e4rung - Auto-Elect | Auto Elect Zeewolde","description":"Lesen Sie die Datenschutzrichtlinie von Auto-Elect, um zu verstehen, wie wir Ihre Daten sch\u00fctzen. Transparenz und Sicherheit im Umgang mit personenbezogenen Daten.","robots":{"index":"index","follow":"follow","max-snippet":"max-snippet:-1","max-image-preview":"max-image-preview:large","max-video-preview":"max-video-preview:-1"},"canonical":"https:\/\/www.auto-elect.nl\/de\/datenschutzbestimmungen\/","og_locale":"de_DE","og_type":"article","og_title":"Privacy Policy - Auto-Elect | Auto Elect Zeewolde","og_description":"Read Auto-Elect's privacy policy to understand how we protect your data. Transparency and security in handling personal information.","og_url":"https:\/\/www.auto-elect.nl\/de\/datenschutzbestimmungen\/","og_site_name":"Auto Elect Zeewolde","article_modified_time":"2025-01-10T13:16:03+00:00","twitter_card":"summary_large_image","schema":{"@context":"https:\/\/schema.org","@graph":[{"@type":"WebPage","@id":"https:\/\/www.auto-elect.nl\/privacy-beleid\/","url":"https:\/\/www.auto-elect.nl\/privacy-beleid\/","name":"Datenschutzerkl\u00e4rung - Auto-Elect | Auto Elect Zeewolde","isPartOf":{"@id":"https:\/\/www.auto-elect.nl\/#website"},"datePublished":"2024-11-25T10:35:33+00:00","dateModified":"2025-01-10T13:16:03+00:00","description":"Lesen Sie die Datenschutzrichtlinie von Auto-Elect, um zu verstehen, wie wir Ihre Daten sch\u00fctzen. Transparenz und Sicherheit im Umgang mit personenbezogenen Daten.","breadcrumb":{"@id":"https:\/\/www.auto-elect.nl\/privacy-beleid\/#breadcrumb"},"inLanguage":"de","potentialAction":[{"@type":"ReadAction","target":["https:\/\/www.auto-elect.nl\/privacy-beleid\/"]}]},{"@type":"BreadcrumbList","@id":"https:\/\/www.auto-elect.nl\/privacy-beleid\/#breadcrumb","itemListElement":[{"@type":"ListItem","position":1,"name":"Home","item":"https:\/\/www.auto-elect.nl\/"},{"@type":"ListItem","position":2,"name":"Privacy beleid"}]},{"@type":"WebSite","@id":"https:\/\/www.auto-elect.nl\/#website","url":"https:\/\/www.auto-elect.nl\/","name":"Auto Elect Zeewolde","description":"Spezialist f\u00c3\u00bcr neue und \u00c3\u00bcberholte Autotechnikprodukte","potentialAction":[{"@type":"SearchAction","target":{"@type":"EntryPoint","urlTemplate":"https:\/\/www.auto-elect.nl\/?s={search_term_string}"},"query-input":{"@type":"PropertyValueSpecification","valueRequired":true,"valueName":"search_term_string"}}],"inLanguage":"de"}]}},"_links":{"self":[{"href":"https:\/\/www.auto-elect.nl\/de\/wp-json\/wp\/v2\/pages\/398","targetHints":{"allow":["GET"]}}],"collection":[{"href":"https:\/\/www.auto-elect.nl\/de\/wp-json\/wp\/v2\/pages"}],"about":[{"href":"https:\/\/www.auto-elect.nl\/de\/wp-json\/wp\/v2\/types\/page"}],"author":[{"embeddable":true,"href":"https:\/\/www.auto-elect.nl\/de\/wp-json\/wp\/v2\/users\/4"}],"replies":[{"embeddable":true,"href":"https:\/\/www.auto-elect.nl\/de\/wp-json\/wp\/v2\/comments?post=398"}],"version-history":[{"count":31,"href":"https:\/\/www.auto-elect.nl\/de\/wp-json\/wp\/v2\/pages\/398\/revisions"}],"predecessor-version":[{"id":10008,"href":"https:\/\/www.auto-elect.nl\/de\/wp-json\/wp\/v2\/pages\/398\/revisions\/10008"}],"wp:attachment":[{"href":"https:\/\/www.auto-elect.nl\/de\/wp-json\/wp\/v2\/media?parent=398"}],"curies":[{"name":"wp","href":"https:\/\/api.w.org\/{rel}","templated":true}]}}