{"id":393,"date":"2024-11-25T11:36:17","date_gmt":"2024-11-25T10:36:17","guid":{"rendered":"https:\/\/stg-autoelect-ontwikkeling.kinsta.cloud\/?page_id=393"},"modified":"2025-01-10T14:02:26","modified_gmt":"2025-01-10T13:02:26","slug":"haftungsausschluss","status":"publish","type":"page","link":"https:\/\/www.auto-elect.nl\/de\/disclaimer\/","title":{"rendered":"Haftungsausschluss"},"content":{"rendered":"<section class=\"text-only left\" >\n        <div class=\"grid-container\">\n        <div class=\"text\">\n        \t\t\t<h2 >Haftungsausschluss<\/h2><p ><p>Alle Bezeichnungen, Namen und Nummern auf dieser Website dienen ausschlie\u00dflich als Referenzmaterial. Kein Teil dieser Website, weder ganz noch teilweise, darf ohne schriftliche Genehmigung der Gesch\u00e4ftsleitung von Auto Elect B.V. von Dritten f\u00fcr Ver\u00f6ffentlichungen verwendet werden.<\/p>\n<p>Trotz sorgf\u00e4ltiger Pr\u00fcfung \u00fcbernehmen wir keine Verantwortung f\u00fcr den Inhalt externer Links.<\/p>\n<\/p>\t            <\/div>\n    <\/div>\n<\/section>","protected":false},"excerpt":{"rendered":"","protected":false},"author":4,"featured_media":0,"parent":0,"menu_order":0,"comment_status":"closed","ping_status":"closed","template":"","meta":{"_acf_changed":false,"footnotes":""},"class_list":["post-393","page","type-page","status-publish","hentry"],"acf":[],"yoast_head":"<!-- This site is optimized with the Yoast SEO plugin v27.4 - https:\/\/yoast.com\/product\/yoast-seo-wordpress\/ -->\n<title>Disclaimer - Auto-Elect | Terms &amp; Conditions Auto Elect Zeewolde<\/title>\n<meta name=\"description\" content=\"Read the disclaimer of Auto-Elect for information on the use of our website, accuracy of content, and liability. Terms and conditions apply.\" \/>\n<meta name=\"robots\" content=\"index, follow, max-snippet:-1, max-image-preview:large, max-video-preview:-1\" \/>\n<link rel=\"canonical\" href=\"https:\/\/www.auto-elect.nl\/de\/haftungsausschluss\/\" \/>\n<meta property=\"og:locale\" content=\"de_DE\" \/>\n<meta property=\"og:type\" content=\"article\" \/>\n<meta property=\"og:title\" content=\"Disclaimer - Auto-Elect | Terms &amp; Conditions Auto Elect Zeewolde\" \/>\n<meta property=\"og:description\" content=\"Read the disclaimer of Auto-Elect for information on the use of our website, accuracy of content, and liability. Terms and conditions apply.\" \/>\n<meta property=\"og:url\" content=\"https:\/\/www.auto-elect.nl\/de\/haftungsausschluss\/\" \/>\n<meta property=\"og:site_name\" content=\"Auto Elect Zeewolde\" \/>\n<meta property=\"article:modified_time\" content=\"2025-01-10T13:02:26+00:00\" \/>\n<meta name=\"twitter:card\" content=\"summary_large_image\" \/>\n<script type=\"application\/ld+json\" class=\"yoast-schema-graph\">{\"@context\":\"https:\\\/\\\/schema.org\",\"@graph\":[{\"@type\":\"WebPage\",\"@id\":\"https:\\\/\\\/www.auto-elect.nl\\\/disclaimer\\\/\",\"url\":\"https:\\\/\\\/www.auto-elect.nl\\\/disclaimer\\\/\",\"name\":\"Disclaimer - Auto-Elect | Terms & Conditions Auto Elect Zeewolde\",\"isPartOf\":{\"@id\":\"https:\\\/\\\/www.auto-elect.nl\\\/#website\"},\"datePublished\":\"2024-11-25T10:36:17+00:00\",\"dateModified\":\"2025-01-10T13:02:26+00:00\",\"description\":\"Read the disclaimer of Auto-Elect for information on the use of our website, accuracy of content, and liability. Terms and conditions apply.\",\"breadcrumb\":{\"@id\":\"https:\\\/\\\/www.auto-elect.nl\\\/disclaimer\\\/#breadcrumb\"},\"inLanguage\":\"de\",\"potentialAction\":[{\"@type\":\"ReadAction\",\"target\":[\"https:\\\/\\\/www.auto-elect.nl\\\/disclaimer\\\/\"]}]},{\"@type\":\"BreadcrumbList\",\"@id\":\"https:\\\/\\\/www.auto-elect.nl\\\/disclaimer\\\/#breadcrumb\",\"itemListElement\":[{\"@type\":\"ListItem\",\"position\":1,\"name\":\"Home\",\"item\":\"https:\\\/\\\/www.auto-elect.nl\\\/\"},{\"@type\":\"ListItem\",\"position\":2,\"name\":\"Disclaimer\"}]},{\"@type\":\"WebSite\",\"@id\":\"https:\\\/\\\/www.auto-elect.nl\\\/#website\",\"url\":\"https:\\\/\\\/www.auto-elect.nl\\\/\",\"name\":\"Auto Elect Zeewolde\",\"description\":\"Specialist in nieuwe en gereviseerde autotechnische producten\",\"potentialAction\":[{\"@type\":\"SearchAction\",\"target\":{\"@type\":\"EntryPoint\",\"urlTemplate\":\"https:\\\/\\\/www.auto-elect.nl\\\/?s={search_term_string}\"},\"query-input\":{\"@type\":\"PropertyValueSpecification\",\"valueRequired\":true,\"valueName\":\"search_term_string\"}}],\"inLanguage\":\"de\"}]}<\/script>\n<!-- \/ Yoast SEO plugin. -->","yoast_head_json":{"title":"Haftungsausschluss - Auto-Elect | Allgemeine Gesch\u00e4ftsbedingungen Auto Elect Zeewolde","description":"Lesen Sie den Haftungsausschluss von Auto-Elect f\u00fcr Informationen \u00fcber die Nutzung unserer Website, die Richtigkeit des Inhalts und die Haftung. Es gelten die allgemeinen Gesch\u00e4ftsbedingungen.","robots":{"index":"index","follow":"follow","max-snippet":"max-snippet:-1","max-image-preview":"max-image-preview:large","max-video-preview":"max-video-preview:-1"},"canonical":"https:\/\/www.auto-elect.nl\/de\/haftungsausschluss\/","og_locale":"de_DE","og_type":"article","og_title":"Disclaimer - Auto-Elect | Terms & Conditions Auto Elect Zeewolde","og_description":"Read the disclaimer of Auto-Elect for information on the use of our website, accuracy of content, and liability. Terms and conditions apply.","og_url":"https:\/\/www.auto-elect.nl\/de\/haftungsausschluss\/","og_site_name":"Auto Elect Zeewolde","article_modified_time":"2025-01-10T13:02:26+00:00","twitter_card":"summary_large_image","schema":{"@context":"https:\/\/schema.org","@graph":[{"@type":"WebPage","@id":"https:\/\/www.auto-elect.nl\/disclaimer\/","url":"https:\/\/www.auto-elect.nl\/disclaimer\/","name":"Haftungsausschluss - Auto-Elect | Allgemeine Gesch\u00e4ftsbedingungen Auto Elect Zeewolde","isPartOf":{"@id":"https:\/\/www.auto-elect.nl\/#website"},"datePublished":"2024-11-25T10:36:17+00:00","dateModified":"2025-01-10T13:02:26+00:00","description":"Lesen Sie den Haftungsausschluss von Auto-Elect f\u00fcr Informationen \u00fcber die Nutzung unserer Website, die Richtigkeit des Inhalts und die Haftung. Es gelten die allgemeinen Gesch\u00e4ftsbedingungen.","breadcrumb":{"@id":"https:\/\/www.auto-elect.nl\/disclaimer\/#breadcrumb"},"inLanguage":"de","potentialAction":[{"@type":"ReadAction","target":["https:\/\/www.auto-elect.nl\/disclaimer\/"]}]},{"@type":"BreadcrumbList","@id":"https:\/\/www.auto-elect.nl\/disclaimer\/#breadcrumb","itemListElement":[{"@type":"ListItem","position":1,"name":"Home","item":"https:\/\/www.auto-elect.nl\/"},{"@type":"ListItem","position":2,"name":"Disclaimer"}]},{"@type":"WebSite","@id":"https:\/\/www.auto-elect.nl\/#website","url":"https:\/\/www.auto-elect.nl\/","name":"Auto Elect Zeewolde","description":"Spezialist f\u00c3\u00bcr neue und \u00c3\u00bcberholte Autotechnikprodukte","potentialAction":[{"@type":"SearchAction","target":{"@type":"EntryPoint","urlTemplate":"https:\/\/www.auto-elect.nl\/?s={search_term_string}"},"query-input":{"@type":"PropertyValueSpecification","valueRequired":true,"valueName":"search_term_string"}}],"inLanguage":"de"}]}},"_links":{"self":[{"href":"https:\/\/www.auto-elect.nl\/de\/wp-json\/wp\/v2\/pages\/393","targetHints":{"allow":["GET"]}}],"collection":[{"href":"https:\/\/www.auto-elect.nl\/de\/wp-json\/wp\/v2\/pages"}],"about":[{"href":"https:\/\/www.auto-elect.nl\/de\/wp-json\/wp\/v2\/types\/page"}],"author":[{"embeddable":true,"href":"https:\/\/www.auto-elect.nl\/de\/wp-json\/wp\/v2\/users\/4"}],"replies":[{"embeddable":true,"href":"https:\/\/www.auto-elect.nl\/de\/wp-json\/wp\/v2\/comments?post=393"}],"version-history":[{"count":2,"href":"https:\/\/www.auto-elect.nl\/de\/wp-json\/wp\/v2\/pages\/393\/revisions"}],"predecessor-version":[{"id":395,"href":"https:\/\/www.auto-elect.nl\/de\/wp-json\/wp\/v2\/pages\/393\/revisions\/395"}],"wp:attachment":[{"href":"https:\/\/www.auto-elect.nl\/de\/wp-json\/wp\/v2\/media?parent=393"}],"curies":[{"name":"wp","href":"https:\/\/api.w.org\/{rel}","templated":true}]}}