{"id":353,"date":"2024-11-22T13:04:51","date_gmt":"2024-11-22T12:04:51","guid":{"rendered":"https:\/\/stg-autoelect-ontwikkeling.kinsta.cloud\/?page_id=353"},"modified":"2025-01-22T15:29:40","modified_gmt":"2025-01-22T14:29:40","slug":"wiederaufbereitung-von-nimh-batterien","status":"publish","type":"page","link":"https:\/\/www.auto-elect.nl\/de\/r-d\/nimh-batterijen-reconditioneren\/","title":{"rendered":"Wiederaufbereiten von NiMh-Akkus"},"content":{"rendered":"<section class=\"has-bg header\" >\n\t    <div class=\"img-box\">\n\t\t<figure><img decoding=\"async\" src=\"https:\/\/www.auto-elect.nl\/wp-content\/uploads\/2024\/09\/header-image-alfa-desktop.jpg\" alt=\"\" \/><\/figure>    <\/div>\n        <div class=\"grid-container\">\n       <div class=\"header-inner-container is-page\">\n           <div class=\"header-inner\" data-aos=\"fade-up\">\n\t\t               <div class=\"breadcrumbs\" typeof=\"Breadcrumblist\" vocab=\"https:\/\/schema.org\">\n\t\t\t<span property=\"itemListElement\" typeof=\"ListItem\"><a property=\"item\" typeof=\"WebPage\" title=\"Gehe zu Auto Elect Zeewolde.\" href=\"https:\/\/www.auto-elect.nl\/de\" class=\"home\" aria-current=\"page\"><span property=\"name\">Auto Elect Zeewolde<\/span><\/a><meta property=\"position\" content=\"1\"><\/span>        <\/div>\n\t\t<h1>Wiederaufbereiten von NiMh-Akkus<\/h1><p>Reparatur anstelle von Austausch<\/p>\n               <div class=\"btn-container\">\n\t\t\t                      <\/div>\n           <\/div>\n           <div class=\"employees-container\">\n               <div class=\"background\">\n                   <img decoding=\"async\" src=\"https:\/\/www.auto-elect.nl\/wp-content\/themes\/treesign\/assets\/images\/header-white-flakes.svg\" alt=\"Hintergrund Kopfzeile\">\n               <\/div>\n                      <\/div>\n       <\/div>\n    <\/div>\n<\/section>\n\n\n\n<section class=\"text-only left\" >\n        <div class=\"grid-container\">\n        <div class=\"text\">\n        \t\t\t<h2 >Reparierbarkeitsforschung f\u00fcr NiMH<\/h2><p ><p>Weltweit laufen Entwicklungen im Bereich der Elektrofahrzeuge auf Hochtouren. Dies wird durch Klimaziele zur Reduzierung von CO2 und zur Verbesserung der Lebensqualit\u00e4t in St\u00e4dten durch die Verringerung von Luftverschmutzung wie NOx und Feinstaub motiviert. Diese massive industrielle Umstellung f\u00fchrt zu einem Wechsel von einem treibstoffintensiven Energiesystem zu einem materialintensiven Energiesystem. Wir haben eine subventionierte Forschung zur Reparierbarkeit von Hybridbatterien durchgef\u00fchrt, um ihre Nutzungsphase zu verl\u00e4ngern.<\/p>\n<p>Es wurde spezifische Forschung an Hybridbatterien durchgef\u00fchrt, die Nickel-Metallhydrid (NiMH)-Zellen verwenden. Diese Hybridbatterien sind in Fahrzeugen wie dem Toyota Prius und dem Honda Civic zu finden. Die Forschung zeigt, dass die angewandte Lade- und Entlade-strategie in diesen Fahrzeugen (geringe Entladetiefe) den Vorteil hat, die maximalen Lade- und Entladezyklen zu erh\u00f6hen, aber den Nachteil hat, dass sich m\u00f6glicherweise die elektromaterielle Struktur \u00e4ndert. Das bedeutet im Klartext, dass die Kapazit\u00e4t (vorzeitig) abnimmt und ein Ungleichgewicht im Pack auftreten kann.<\/p>\n<\/p>        <a class=\"btn\" href=\"https:\/\/www.auto-elect.nl\/de\/kontakt\/\" target=\"_self\">\n\t\t\tKontaktieren Sie uns        <\/a>\n\t\t\t            <\/div>\n    <\/div>\n<\/section>\n\n\n<section class=\"text-media white left\" >\n    <div class=\"grid-container\">\n        <div class=\"grid-x grid-margin-x grid-margin-y\">\n            <div class=\"cell  large-offset-7 large-5\">\n                <div class=\"text\" data-aos=\"fade-up\">\n\t\t\t\t\t<h2>Wiederaufbereiten<\/h2><p>Wir haben eine Maschine entwickelt, die die genannten negativen Effekte weitgehend r\u00fcckg\u00e4ngig machen kann, indem sie eine Reparaturstrategie anwendet und die einzelnen Zellen ausgleicht. Die Maschine repariert einzelne Zellen und misst direkt, ob die Spezifikationen noch innerhalb der Toleranzen liegen. Diese Aktivit\u00e4ten fallen unter unser \u00dcberarbeitungsprogramm.<\/p>\n        <a class=\"btn\" href=\"https:\/\/www.auto-elect.nl\/de\/kontakt\/\" target=\"_self\">\n\t\t\tKontaktieren Sie uns        <\/a>\n\t\t                <\/div>\n            <\/div>\n        <\/div>\n    <\/div>\n    <div class=\"img-container\" data-aos=\"fade-up\" data-aos-delay=\"200\">\n\t\t<figure><img decoding=\"async\" src=\"https:\/\/www.auto-elect.nl\/wp-content\/uploads\/2024\/11\/discharge_curves_all_plot_jaris-scaled.webp\" alt=\"Wiederaufbereiten\" loading=\"lazy\" \/><\/figure>    <\/div>\n<\/section>\n\n\n\n<section class=\"text-only left\" >\n        <div class=\"grid-container\">\n        <div class=\"text\">\n        \t\t\t<h2 >Oder neu?<\/h2><p ><p>Es ist auch m\u00f6glich, Ihre Hybridbatterie komplett mit neuen Zellen neu aufzubauen. Dadurch ist garantiert, dass alles wieder gem\u00e4\u00df den Spezifikationen funktioniert und die Hybridbatterie jahrelang halten kann. W\u00e4hrend H\u00e4ndler ein komplett neues Batteriepack anbieten, verwenden wir das Geh\u00e4use und die Elektronik des vorhandenen Batteriepacks erneut. Da diese Komponenten jahrelang halten k\u00f6nnen, ist die Qualit\u00e4t garantiert, und wir k\u00f6nnen einen deutlich g\u00fcnstigeren Preis als der H\u00e4ndler anbieten. Das aktuelle Programm umfasst die folgenden Marken: Cadillac, Chevrolet, Citroen, Dodge, Ford, Honda, Lexus, Mazda, Peugeot, Porsche, Subaru, Toyota und Volkswagen.<\/p>\n<\/p>        <a class=\"btn\" href=\"https:\/\/www.auto-elect.nl\/de\/kontakt\/\" target=\"_self\">\n\t\t\tKontaktieren Sie uns        <\/a>\n\t\t\t            <\/div>\n    <\/div>\n<\/section>\n\n\n<section class=\"cta\" >\n    <div class=\"img-box\">\n\t\t<figure><img decoding=\"async\" src=\"https:\/\/www.auto-elect.nl\/wp-content\/uploads\/2024\/10\/samen-lossen-we-elke-storing-op.webp\" alt=\"Gemeinsam l\u00f6sen wir jedes Problem\" loading=\"lazy\" \/><\/figure>    <\/div>\n\n    <div class=\"grid-container\">\n        <div class=\"cta-inner\">\n\t        <h2>Gemeinsam l\u00f6sen wir jedes Problem<\/h2><p>Egal ob es sich um ein altes oder neues Auto handelt, gemeinsam l\u00f6sen wir jedes Problem. Mit unseren Produkten arbeiten Sie effizient und auf h\u00f6chstem Niveau. Wir k\u00f6nnen ab Lager liefern oder Ihr Produkt \u00fcberarbeiten. M\u00f6chten Sie mehr erfahren? Suchen Sie in unserem Online-Shop nach dem Produkt, das Sie ben\u00f6tigen, oder nehmen Sie direkt Kontakt auf. Wir schauen gerne, wie wir Ihnen helfen k\u00f6nnen, damit Ihr Kunde schnell wieder auf der Stra\u00dfe ist.<\/p>\n        <a class=\"btn outline\" href=\"https:\/\/www.auto-elect.nl\/de\/kontakt\/\" target=\"_self\">\n\t\t\tKontaktieren Sie uns        <\/a>\n\t\t        <\/div>\n    <\/div>\n<\/section>\n\n\n<section class=\"logos\" >\n    <div class=\"grid-container\">\n\t\t            <div class=\"logo-container\">\n\t\t\t\t                        <article class=\"logo-card\">\n\t\t\t\t\t\t\t\t<figure><img decoding=\"async\" src=\"https:\/\/www.auto-elect.nl\/wp-content\/uploads\/2024\/10\/logo-tec-doc-bw.png\" alt=\"\" loading=\"lazy\" \/><\/figure>\t\t\t\t\t\t\t                        <\/article>\n\t\t\t\t                        <article class=\"logo-card\">\n\t\t\t\t\t\t\t\t<figure><img decoding=\"async\" src=\"https:\/\/www.auto-elect.nl\/wp-content\/uploads\/2024\/10\/logo-edro-zw.png\" alt=\"\" loading=\"lazy\" \/><\/figure>\t\t\t\t\t\t\t                        <\/article>\n\t\t\t\t                        <article class=\"logo-card\">\n\t\t\t\t\t\t\t\t<figure><img decoding=\"async\" src=\"https:\/\/www.auto-elect.nl\/wp-content\/uploads\/2024\/10\/logo-gaured-zw.png\" alt=\"\" loading=\"lazy\" \/><\/figure>\t\t\t\t\t\t\t                        <\/article>\n\t\t\t\t                        <article class=\"logo-card\">\n\t\t\t\t\t\t\t\t<figure><img decoding=\"async\" src=\"https:\/\/www.auto-elect.nl\/wp-content\/uploads\/2024\/10\/logo-pim-automotive-zw.png\" alt=\"\" loading=\"lazy\" \/><\/figure>\t\t\t\t\t\t\t                        <\/article>\n\t\t\t\t                        <article class=\"logo-card\">\n\t\t\t\t\t\t\t\t<figure><img decoding=\"async\" src=\"https:\/\/www.auto-elect.nl\/wp-content\/uploads\/2024\/10\/logo-auto-elect-vintage-zw.png\" alt=\"\" loading=\"lazy\" \/><\/figure>\t\t\t\t\t\t\t                        <\/article>\n\t\t\t\t            <\/div>\n\t\t    <\/div>\n<\/section>","protected":false},"excerpt":{"rendered":"","protected":false},"author":4,"featured_media":0,"parent":17,"menu_order":0,"comment_status":"closed","ping_status":"closed","template":"","meta":{"_acf_changed":false,"footnotes":""},"class_list":["post-353","page","type-page","status-publish","hentry"],"acf":[],"yoast_head":"<!-- This site is optimized with the Yoast SEO plugin v27.4 - https:\/\/yoast.com\/product\/yoast-seo-wordpress\/ -->\n<title>NiMh batterijen reconditioneren - Auto Elect Zeewolde<\/title>\n<meta name=\"description\" content=\"Auto-Elect offers NiMH battery reconditioning services, restoring battery life and improving performance. The solution for your vehicle!\" \/>\n<meta name=\"robots\" content=\"index, follow, max-snippet:-1, max-image-preview:large, max-video-preview:-1\" \/>\n<link rel=\"canonical\" href=\"https:\/\/www.auto-elect.nl\/de\/r-d\/wiederaufbereitung-von-nimh-batterien\/\" \/>\n<meta property=\"og:locale\" content=\"de_DE\" \/>\n<meta property=\"og:type\" content=\"article\" \/>\n<meta property=\"og:title\" content=\"NiMh batterijen reconditioneren - Auto Elect Zeewolde\" \/>\n<meta property=\"og:description\" content=\"Auto-Elect offers NiMH battery reconditioning services, restoring battery life and improving performance. The solution for your vehicle!\" \/>\n<meta property=\"og:url\" content=\"https:\/\/www.auto-elect.nl\/de\/r-d\/wiederaufbereitung-von-nimh-batterien\/\" \/>\n<meta property=\"og:site_name\" content=\"Auto Elect Zeewolde\" \/>\n<meta property=\"article:modified_time\" content=\"2025-01-22T14:29:40+00:00\" \/>\n<meta name=\"twitter:card\" content=\"summary_large_image\" \/>\n<script type=\"application\/ld+json\" class=\"yoast-schema-graph\">{\"@context\":\"https:\\\/\\\/schema.org\",\"@graph\":[{\"@type\":\"WebPage\",\"@id\":\"https:\\\/\\\/www.auto-elect.nl\\\/r-d\\\/nimh-batterijen-reconditioneren\\\/\",\"url\":\"https:\\\/\\\/www.auto-elect.nl\\\/r-d\\\/nimh-batterijen-reconditioneren\\\/\",\"name\":\"NiMh batterijen reconditioneren - Auto Elect Zeewolde\",\"isPartOf\":{\"@id\":\"https:\\\/\\\/www.auto-elect.nl\\\/#website\"},\"datePublished\":\"2024-11-22T12:04:51+00:00\",\"dateModified\":\"2025-01-22T14:29:40+00:00\",\"description\":\"Auto-Elect offers NiMH battery reconditioning services, restoring battery life and improving performance. The solution for your vehicle!\",\"breadcrumb\":{\"@id\":\"https:\\\/\\\/www.auto-elect.nl\\\/r-d\\\/nimh-batterijen-reconditioneren\\\/#breadcrumb\"},\"inLanguage\":\"de\",\"potentialAction\":[{\"@type\":\"ReadAction\",\"target\":[\"https:\\\/\\\/www.auto-elect.nl\\\/r-d\\\/nimh-batterijen-reconditioneren\\\/\"]}]},{\"@type\":\"BreadcrumbList\",\"@id\":\"https:\\\/\\\/www.auto-elect.nl\\\/r-d\\\/nimh-batterijen-reconditioneren\\\/#breadcrumb\",\"itemListElement\":[{\"@type\":\"ListItem\",\"position\":1,\"name\":\"Home\",\"item\":\"https:\\\/\\\/www.auto-elect.nl\\\/\"},{\"@type\":\"ListItem\",\"position\":2,\"name\":\"R&amp;D\",\"item\":\"https:\\\/\\\/www.auto-elect.nl\\\/r-d\\\/\"},{\"@type\":\"ListItem\",\"position\":3,\"name\":\"NiMh batterijen reconditioneren\"}]},{\"@type\":\"WebSite\",\"@id\":\"https:\\\/\\\/www.auto-elect.nl\\\/#website\",\"url\":\"https:\\\/\\\/www.auto-elect.nl\\\/\",\"name\":\"Auto Elect Zeewolde\",\"description\":\"Specialist in nieuwe en gereviseerde autotechnische producten\",\"potentialAction\":[{\"@type\":\"SearchAction\",\"target\":{\"@type\":\"EntryPoint\",\"urlTemplate\":\"https:\\\/\\\/www.auto-elect.nl\\\/?s={search_term_string}\"},\"query-input\":{\"@type\":\"PropertyValueSpecification\",\"valueRequired\":true,\"valueName\":\"search_term_string\"}}],\"inLanguage\":\"de\"}]}<\/script>\n<!-- \/ Yoast SEO plugin. -->","yoast_head_json":{"title":"Wiederaufbereitung von NiMh-Akkus - Auto Elect Zeewolde","description":"Auto-Elect bietet einen NiMH-Batterie-Rekonditionierungsservice an, der die Lebensdauer der Batterie wiederherstellt und die Leistung verbessert. Die L\u00f6sung f\u00fcr Ihr Fahrzeug!","robots":{"index":"index","follow":"follow","max-snippet":"max-snippet:-1","max-image-preview":"max-image-preview:large","max-video-preview":"max-video-preview:-1"},"canonical":"https:\/\/www.auto-elect.nl\/de\/r-d\/wiederaufbereitung-von-nimh-batterien\/","og_locale":"de_DE","og_type":"article","og_title":"NiMh batterijen reconditioneren - Auto Elect Zeewolde","og_description":"Auto-Elect offers NiMH battery reconditioning services, restoring battery life and improving performance. The solution for your vehicle!","og_url":"https:\/\/www.auto-elect.nl\/de\/r-d\/wiederaufbereitung-von-nimh-batterien\/","og_site_name":"Auto Elect Zeewolde","article_modified_time":"2025-01-22T14:29:40+00:00","twitter_card":"summary_large_image","schema":{"@context":"https:\/\/schema.org","@graph":[{"@type":"WebPage","@id":"https:\/\/www.auto-elect.nl\/r-d\/nimh-batterijen-reconditioneren\/","url":"https:\/\/www.auto-elect.nl\/r-d\/nimh-batterijen-reconditioneren\/","name":"Wiederaufbereitung von NiMh-Akkus - Auto Elect Zeewolde","isPartOf":{"@id":"https:\/\/www.auto-elect.nl\/#website"},"datePublished":"2024-11-22T12:04:51+00:00","dateModified":"2025-01-22T14:29:40+00:00","description":"Auto-Elect bietet einen NiMH-Batterie-Rekonditionierungsservice an, der die Lebensdauer der Batterie wiederherstellt und die Leistung verbessert. Die L\u00f6sung f\u00fcr Ihr Fahrzeug!","breadcrumb":{"@id":"https:\/\/www.auto-elect.nl\/r-d\/nimh-batterijen-reconditioneren\/#breadcrumb"},"inLanguage":"de","potentialAction":[{"@type":"ReadAction","target":["https:\/\/www.auto-elect.nl\/r-d\/nimh-batterijen-reconditioneren\/"]}]},{"@type":"BreadcrumbList","@id":"https:\/\/www.auto-elect.nl\/r-d\/nimh-batterijen-reconditioneren\/#breadcrumb","itemListElement":[{"@type":"ListItem","position":1,"name":"Home","item":"https:\/\/www.auto-elect.nl\/"},{"@type":"ListItem","position":2,"name":"R&amp;D","item":"https:\/\/www.auto-elect.nl\/r-d\/"},{"@type":"ListItem","position":3,"name":"NiMh batterijen reconditioneren"}]},{"@type":"WebSite","@id":"https:\/\/www.auto-elect.nl\/#website","url":"https:\/\/www.auto-elect.nl\/","name":"Auto Elect Zeewolde","description":"Spezialist f\u00c3\u00bcr neue und \u00c3\u00bcberholte Autotechnikprodukte","potentialAction":[{"@type":"SearchAction","target":{"@type":"EntryPoint","urlTemplate":"https:\/\/www.auto-elect.nl\/?s={search_term_string}"},"query-input":{"@type":"PropertyValueSpecification","valueRequired":true,"valueName":"search_term_string"}}],"inLanguage":"de"}]}},"_links":{"self":[{"href":"https:\/\/www.auto-elect.nl\/de\/wp-json\/wp\/v2\/pages\/353","targetHints":{"allow":["GET"]}}],"collection":[{"href":"https:\/\/www.auto-elect.nl\/de\/wp-json\/wp\/v2\/pages"}],"about":[{"href":"https:\/\/www.auto-elect.nl\/de\/wp-json\/wp\/v2\/types\/page"}],"author":[{"embeddable":true,"href":"https:\/\/www.auto-elect.nl\/de\/wp-json\/wp\/v2\/users\/4"}],"replies":[{"embeddable":true,"href":"https:\/\/www.auto-elect.nl\/de\/wp-json\/wp\/v2\/comments?post=353"}],"version-history":[{"count":18,"href":"https:\/\/www.auto-elect.nl\/de\/wp-json\/wp\/v2\/pages\/353\/revisions"}],"predecessor-version":[{"id":10025,"href":"https:\/\/www.auto-elect.nl\/de\/wp-json\/wp\/v2\/pages\/353\/revisions\/10025"}],"up":[{"embeddable":true,"href":"https:\/\/www.auto-elect.nl\/de\/wp-json\/wp\/v2\/pages\/17"}],"wp:attachment":[{"href":"https:\/\/www.auto-elect.nl\/de\/wp-json\/wp\/v2\/media?parent=353"}],"curies":[{"name":"wp","href":"https:\/\/api.w.org\/{rel}","templated":true}]}}