{"id":341,"date":"2024-11-22T12:02:34","date_gmt":"2024-11-22T11:02:34","guid":{"rendered":"https:\/\/stg-autoelect-ontwikkeling.kinsta.cloud\/?page_id=341"},"modified":"2025-01-22T15:29:13","modified_gmt":"2025-01-22T14:29:13","slug":"kann-kontrollieren","status":"publish","type":"page","link":"https:\/\/www.auto-elect.nl\/de\/r-d\/can-controler\/","title":{"rendered":"CAN-Controller"},"content":{"rendered":"<section class=\"has-bg header\" >\n\t    <div class=\"img-box\">\n\t\t<figure><img decoding=\"async\" src=\"https:\/\/www.auto-elect.nl\/wp-content\/uploads\/2024\/09\/header-image-alfa-desktop.jpg\" alt=\"\" \/><\/figure>    <\/div>\n        <div class=\"grid-container\">\n       <div class=\"header-inner-container is-page\">\n           <div class=\"header-inner\" data-aos=\"fade-up\">\n\t\t               <div class=\"breadcrumbs\" typeof=\"Breadcrumblist\" vocab=\"https:\/\/schema.org\">\n\t\t\t<span property=\"itemListElement\" typeof=\"ListItem\"><a property=\"item\" typeof=\"WebPage\" title=\"Gehe zu Auto Elect Zeewolde.\" href=\"https:\/\/www.auto-elect.nl\/de\" class=\"home\" aria-current=\"page\"><span property=\"name\">Auto Elect Zeewolde<\/span><\/a><meta property=\"position\" content=\"1\"><\/span>        <\/div>\n\t\t<h1>CAN-Controller<\/h1><p>Schalten zur Verbindung<\/p>\n               <div class=\"btn-container\">\n\t\t\t                      <\/div>\n           <\/div>\n           <div class=\"employees-container\">\n               <div class=\"background\">\n                   <img decoding=\"async\" src=\"https:\/\/www.auto-elect.nl\/wp-content\/themes\/treesign\/assets\/images\/header-white-flakes.svg\" alt=\"Hintergrund Kopfzeile\">\n               <\/div>\n                      <\/div>\n       <\/div>\n    <\/div>\n<\/section>\n\n\n\n<section class=\"text-only left\" >\n        <div class=\"grid-container\">\n        <div class=\"text\">\n        \t\t\t<h2 >Bestehende Automobilkomponenten integrieren<\/h2><p ><div class=\"text-area\">\n<p>Die Nachfrage nach L\u00f6sungen zur Integration vorhandener Automobilkomponenten in Fahrzeuge steigt. Suchen Sie nach einer solchen L\u00f6sung? Unser CAN-Emulator bildet die Verbindung. Dabei spielt es keine Rolle, um welchen Fahrzeugtyp es sich handelt. Es k\u00f6nnte sich um ein klassisches Auto oder ein Last-Mile-Fahrzeug handeln, aber auch um ein Boot oder eine industrielle Maschine.<\/p>\n<p>Unsere Expertise umfasst unter anderem die Unterst\u00fctzung von Konversionsprojekten, bei denen Fahrzeuge oder industrielle Maschinen von einem konventionellen Verbrennungsmotorantrieb (ICE) auf einen elektrischen Antrieb umger\u00fcstet werden. In solchen Situationen k\u00f6nnen wir bei der Auswahl einer elektrischen hydraulischen Servolenkpumpe zur Ersetzung des originalen hydraulischen Systems oder einer elektrischen EPS-Lenks\u00e4ule oder -lenkgetriebe unterst\u00fctzen, bei denen eine ma\u00dfgeschneiderte CAN-Bus-Steuerung mithilfe unseres CAN-Emulators realisiert wird.<\/p>\n<\/div>\n<\/p>        <a class=\"btn\" href=\"https:\/\/www.auto-elect.nl\/de\/kontakt\/\" target=\"_self\">\n\t\t\tKontaktieren Sie uns        <\/a>\n\t\t\t            <\/div>\n    <\/div>\n<\/section>\n\n\n<section class=\"text-media white left\" >\n    <div class=\"grid-container\">\n        <div class=\"grid-x grid-margin-x grid-margin-y\">\n            <div class=\"cell  large-offset-7 large-5\">\n                <div class=\"text\" data-aos=\"fade-up\">\n\t\t\t\t\t<h2>Hochwertiger CAN-Emulator<\/h2><p>Der CAN-Emulator regelt die Kommunikation zwischen der Servolenkung und Ihrem Fahrzeug. Mit unserem Team helfen wir Ihnen von A bis Z: Wir vertiefen uns in die technischen Spezifikationen Ihres Fahrzeugs, \u00fcberarbeiten die ben\u00f6tigte Servolenkung und stimmen den CAN-Emulator darauf ab. Abschlie\u00dfend \u00fcberpr\u00fcfen wir die Funktion mit fortschrittlicher Testausr\u00fcstung.<\/p>\n        <a class=\"btn\" href=\"https:\/\/www.auto-elect.nl\/de\/servolenkung\/steuerhausbetrieb\/\" target=\"_self\">\n\t\t\tErfahren Sie mehr \u00fcber die Funktionsweise der Lenkung        <\/a>\n\t\t                <\/div>\n            <\/div>\n        <\/div>\n    <\/div>\n    <div class=\"img-container\" data-aos=\"fade-up\" data-aos-delay=\"200\">\n\t\t<figure><img decoding=\"async\" src=\"https:\/\/www.auto-elect.nl\/wp-content\/uploads\/2024\/11\/can-emulator-van-hoge-kwaliteit.webp\" alt=\"Hochwertiger CAN-Emulator\" loading=\"lazy\" \/><\/figure>    <\/div>\n<\/section>\n\n\n\n<section class=\"text-only left\" >\n        <div class=\"grid-container\">\n        <div class=\"text\">\n        \t\t\t<h2 >Entwicklung, Wartung, Reparatur<\/h2><p ><div class=\"text-area\">\n<p>Unser Engagement geht \u00fcber die blo\u00dfe Bereitstellung von Produkten hinaus. Wir streben langfristige Beziehungen zu unseren Kunden an, indem wir exzellenten Kundenservice bieten. Unser Team steht bereit, um technischen Support f\u00fcr die Konfiguration und Installation unserer CAN-Emulatoren zu bieten. Bei uns k\u00f6nnen Sie sich auf einen zuverl\u00e4ssigen Partner verlassen, der Ihre Bed\u00fcrfnisse versteht und eine reibungslose Integration unserer Produkte in Ihre Fahrzeuge oder Maschinen gew\u00e4hrleistet.<\/p>\n<p>Sobald wir ein System entwickelt haben, k\u00f6nnen wir problemlos weitere erstellen und bei Bedarf sogar einen Vorrat aufbauen. Wir bieten auch Unterst\u00fctzung f\u00fcr Wartung und Reparatur an. Neugierig auf die M\u00f6glichkeiten? Dann nehmen Sie Kontakt auf.<\/p>\n<\/div>\n<\/p>        <a class=\"btn\" href=\"https:\/\/www.auto-elect.nl\/de\/kontakt\/\" target=\"_self\">\n\t\t\tKontaktieren Sie uns        <\/a>\n\t\t\t            <\/div>\n    <\/div>\n<\/section>\n\n\n<section class=\"cta\" >\n    <div class=\"img-box\">\n\t\t<figure><img decoding=\"async\" src=\"https:\/\/www.auto-elect.nl\/wp-content\/uploads\/2024\/10\/samen-lossen-we-elke-storing-op.webp\" alt=\"Gemeinsam l\u00f6sen wir jedes Problem\" loading=\"lazy\" \/><\/figure>    <\/div>\n\n    <div class=\"grid-container\">\n        <div class=\"cta-inner\">\n\t        <h2>Gemeinsam l\u00f6sen wir jedes Problem<\/h2><p>Egal ob es sich um ein altes oder neues Auto handelt, gemeinsam l\u00f6sen wir jedes Problem. Mit unseren Produkten arbeiten Sie effizient und auf h\u00f6chstem Niveau. Wir k\u00f6nnen ab Lager liefern oder Ihr Produkt \u00fcberarbeiten. M\u00f6chten Sie mehr erfahren? Suchen Sie in unserem Online-Shop nach dem Produkt, das Sie ben\u00f6tigen, oder nehmen Sie direkt Kontakt auf. Wir schauen gerne, wie wir Ihnen helfen k\u00f6nnen, damit Ihr Kunde schnell wieder auf der Stra\u00dfe ist.<\/p>\n        <a class=\"btn outline\" href=\"https:\/\/www.auto-elect.nl\/de\/kontakt\/\" target=\"_self\">\n\t\t\tKontaktieren Sie uns        <\/a>\n\t\t        <\/div>\n    <\/div>\n<\/section>\n\n\n<section class=\"logos\" >\n    <div class=\"grid-container\">\n\t\t            <div class=\"logo-container\">\n\t\t\t\t                        <article class=\"logo-card\">\n\t\t\t\t\t\t\t\t<figure><img decoding=\"async\" src=\"https:\/\/www.auto-elect.nl\/wp-content\/uploads\/2024\/10\/logo-tec-doc-bw.png\" alt=\"\" loading=\"lazy\" \/><\/figure>\t\t\t\t\t\t\t                        <\/article>\n\t\t\t\t                        <article class=\"logo-card\">\n\t\t\t\t\t\t\t\t<figure><img decoding=\"async\" src=\"https:\/\/www.auto-elect.nl\/wp-content\/uploads\/2024\/10\/logo-edro-zw.png\" alt=\"\" loading=\"lazy\" \/><\/figure>\t\t\t\t\t\t\t                        <\/article>\n\t\t\t\t                        <article class=\"logo-card\">\n\t\t\t\t\t\t\t\t<figure><img decoding=\"async\" src=\"https:\/\/www.auto-elect.nl\/wp-content\/uploads\/2024\/10\/logo-gaured-zw.png\" alt=\"\" loading=\"lazy\" \/><\/figure>\t\t\t\t\t\t\t                        <\/article>\n\t\t\t\t                        <article class=\"logo-card\">\n\t\t\t\t\t\t\t\t<figure><img decoding=\"async\" src=\"https:\/\/www.auto-elect.nl\/wp-content\/uploads\/2024\/10\/logo-pim-automotive-zw.png\" alt=\"\" loading=\"lazy\" \/><\/figure>\t\t\t\t\t\t\t                        <\/article>\n\t\t\t\t                        <article class=\"logo-card\">\n\t\t\t\t\t\t\t\t<figure><img decoding=\"async\" src=\"https:\/\/www.auto-elect.nl\/wp-content\/uploads\/2024\/10\/logo-auto-elect-vintage-zw.png\" alt=\"\" loading=\"lazy\" \/><\/figure>\t\t\t\t\t\t\t                        <\/article>\n\t\t\t\t            <\/div>\n\t\t    <\/div>\n<\/section>","protected":false},"excerpt":{"rendered":"","protected":false},"author":4,"featured_media":0,"parent":17,"menu_order":0,"comment_status":"closed","ping_status":"closed","template":"","meta":{"_acf_changed":false,"footnotes":""},"class_list":["post-341","page","type-page","status-publish","hentry"],"acf":[],"yoast_head":"<!-- This site is optimized with the Yoast SEO plugin v27.4 - https:\/\/yoast.com\/product\/yoast-seo-wordpress\/ -->\n<title>CAN Controller - Auto-Elect | AVT- Auto Elect Zeewolde<\/title>\n<meta name=\"description\" content=\"Discover Auto-Elect\u2019s CAN controllers, designed for seamless vehicle communication. Enhance your car&#039;s performance and reliability with AVT\" \/>\n<meta name=\"robots\" content=\"index, follow, max-snippet:-1, max-image-preview:large, max-video-preview:-1\" \/>\n<link rel=\"canonical\" href=\"https:\/\/www.auto-elect.nl\/de\/r-d\/kann-kontrollieren\/\" \/>\n<meta property=\"og:locale\" content=\"de_DE\" \/>\n<meta property=\"og:type\" content=\"article\" \/>\n<meta property=\"og:title\" content=\"CAN Controller - Auto-Elect | AVT- Auto Elect Zeewolde\" \/>\n<meta property=\"og:description\" content=\"Discover Auto-Elect\u2019s CAN controllers, designed for seamless vehicle communication. Enhance your car&#039;s performance and reliability with AVT\" \/>\n<meta property=\"og:url\" content=\"https:\/\/www.auto-elect.nl\/de\/r-d\/kann-kontrollieren\/\" \/>\n<meta property=\"og:site_name\" content=\"Auto Elect Zeewolde\" \/>\n<meta property=\"article:modified_time\" content=\"2025-01-22T14:29:13+00:00\" \/>\n<meta name=\"twitter:card\" content=\"summary_large_image\" \/>\n<script type=\"application\/ld+json\" class=\"yoast-schema-graph\">{\"@context\":\"https:\\\/\\\/schema.org\",\"@graph\":[{\"@type\":\"WebPage\",\"@id\":\"https:\\\/\\\/www.auto-elect.nl\\\/r-d\\\/can-controler\\\/\",\"url\":\"https:\\\/\\\/www.auto-elect.nl\\\/r-d\\\/can-controler\\\/\",\"name\":\"CAN Controller - Auto-Elect | AVT- Auto Elect Zeewolde\",\"isPartOf\":{\"@id\":\"https:\\\/\\\/www.auto-elect.nl\\\/#website\"},\"datePublished\":\"2024-11-22T11:02:34+00:00\",\"dateModified\":\"2025-01-22T14:29:13+00:00\",\"description\":\"Discover Auto-Elect\u2019s CAN controllers, designed for seamless vehicle communication. Enhance your car's performance and reliability with AVT\",\"breadcrumb\":{\"@id\":\"https:\\\/\\\/www.auto-elect.nl\\\/r-d\\\/can-controler\\\/#breadcrumb\"},\"inLanguage\":\"de\",\"potentialAction\":[{\"@type\":\"ReadAction\",\"target\":[\"https:\\\/\\\/www.auto-elect.nl\\\/r-d\\\/can-controler\\\/\"]}]},{\"@type\":\"BreadcrumbList\",\"@id\":\"https:\\\/\\\/www.auto-elect.nl\\\/r-d\\\/can-controler\\\/#breadcrumb\",\"itemListElement\":[{\"@type\":\"ListItem\",\"position\":1,\"name\":\"Home\",\"item\":\"https:\\\/\\\/www.auto-elect.nl\\\/\"},{\"@type\":\"ListItem\",\"position\":2,\"name\":\"R&amp;D\",\"item\":\"https:\\\/\\\/www.auto-elect.nl\\\/r-d\\\/\"},{\"@type\":\"ListItem\",\"position\":3,\"name\":\"CAN-controller\"}]},{\"@type\":\"WebSite\",\"@id\":\"https:\\\/\\\/www.auto-elect.nl\\\/#website\",\"url\":\"https:\\\/\\\/www.auto-elect.nl\\\/\",\"name\":\"Auto Elect Zeewolde\",\"description\":\"Specialist in nieuwe en gereviseerde autotechnische producten\",\"potentialAction\":[{\"@type\":\"SearchAction\",\"target\":{\"@type\":\"EntryPoint\",\"urlTemplate\":\"https:\\\/\\\/www.auto-elect.nl\\\/?s={search_term_string}\"},\"query-input\":{\"@type\":\"PropertyValueSpecification\",\"valueRequired\":true,\"valueName\":\"search_term_string\"}}],\"inLanguage\":\"de\"}]}<\/script>\n<!-- \/ Yoast SEO plugin. -->","yoast_head_json":{"title":"CAN-Steuerung - Auto-Elect | AVT- Auto Elect Zeewolde","description":"Entdecken Sie die CAN-Controller von Auto-Elect, die f\u00fcr eine nahtlose Fahrzeugkommunikation entwickelt wurden. Verbessern Sie die Leistung und Zuverl\u00e4ssigkeit Ihres Fahrzeugs mit AVT","robots":{"index":"index","follow":"follow","max-snippet":"max-snippet:-1","max-image-preview":"max-image-preview:large","max-video-preview":"max-video-preview:-1"},"canonical":"https:\/\/www.auto-elect.nl\/de\/r-d\/kann-kontrollieren\/","og_locale":"de_DE","og_type":"article","og_title":"CAN Controller - Auto-Elect | AVT- Auto Elect Zeewolde","og_description":"Discover Auto-Elect\u2019s CAN controllers, designed for seamless vehicle communication. Enhance your car's performance and reliability with AVT","og_url":"https:\/\/www.auto-elect.nl\/de\/r-d\/kann-kontrollieren\/","og_site_name":"Auto Elect Zeewolde","article_modified_time":"2025-01-22T14:29:13+00:00","twitter_card":"summary_large_image","schema":{"@context":"https:\/\/schema.org","@graph":[{"@type":"WebPage","@id":"https:\/\/www.auto-elect.nl\/r-d\/can-controler\/","url":"https:\/\/www.auto-elect.nl\/r-d\/can-controler\/","name":"CAN-Steuerung - Auto-Elect | AVT- Auto Elect Zeewolde","isPartOf":{"@id":"https:\/\/www.auto-elect.nl\/#website"},"datePublished":"2024-11-22T11:02:34+00:00","dateModified":"2025-01-22T14:29:13+00:00","description":"Entdecken Sie die CAN-Controller von Auto-Elect, die f\u00fcr eine nahtlose Fahrzeugkommunikation entwickelt wurden. Verbessern Sie die Leistung und Zuverl\u00e4ssigkeit Ihres Fahrzeugs mit AVT","breadcrumb":{"@id":"https:\/\/www.auto-elect.nl\/r-d\/can-controler\/#breadcrumb"},"inLanguage":"de","potentialAction":[{"@type":"ReadAction","target":["https:\/\/www.auto-elect.nl\/r-d\/can-controler\/"]}]},{"@type":"BreadcrumbList","@id":"https:\/\/www.auto-elect.nl\/r-d\/can-controler\/#breadcrumb","itemListElement":[{"@type":"ListItem","position":1,"name":"Home","item":"https:\/\/www.auto-elect.nl\/"},{"@type":"ListItem","position":2,"name":"R&amp;D","item":"https:\/\/www.auto-elect.nl\/r-d\/"},{"@type":"ListItem","position":3,"name":"CAN-controller"}]},{"@type":"WebSite","@id":"https:\/\/www.auto-elect.nl\/#website","url":"https:\/\/www.auto-elect.nl\/","name":"Auto Elect Zeewolde","description":"Spezialist f\u00c3\u00bcr neue und \u00c3\u00bcberholte Autotechnikprodukte","potentialAction":[{"@type":"SearchAction","target":{"@type":"EntryPoint","urlTemplate":"https:\/\/www.auto-elect.nl\/?s={search_term_string}"},"query-input":{"@type":"PropertyValueSpecification","valueRequired":true,"valueName":"search_term_string"}}],"inLanguage":"de"}]}},"_links":{"self":[{"href":"https:\/\/www.auto-elect.nl\/de\/wp-json\/wp\/v2\/pages\/341","targetHints":{"allow":["GET"]}}],"collection":[{"href":"https:\/\/www.auto-elect.nl\/de\/wp-json\/wp\/v2\/pages"}],"about":[{"href":"https:\/\/www.auto-elect.nl\/de\/wp-json\/wp\/v2\/types\/page"}],"author":[{"embeddable":true,"href":"https:\/\/www.auto-elect.nl\/de\/wp-json\/wp\/v2\/users\/4"}],"replies":[{"embeddable":true,"href":"https:\/\/www.auto-elect.nl\/de\/wp-json\/wp\/v2\/comments?post=341"}],"version-history":[{"count":9,"href":"https:\/\/www.auto-elect.nl\/de\/wp-json\/wp\/v2\/pages\/341\/revisions"}],"predecessor-version":[{"id":10133,"href":"https:\/\/www.auto-elect.nl\/de\/wp-json\/wp\/v2\/pages\/341\/revisions\/10133"}],"up":[{"embeddable":true,"href":"https:\/\/www.auto-elect.nl\/de\/wp-json\/wp\/v2\/pages\/17"}],"wp:attachment":[{"href":"https:\/\/www.auto-elect.nl\/de\/wp-json\/wp\/v2\/media?parent=341"}],"curies":[{"name":"wp","href":"https:\/\/api.w.org\/{rel}","templated":true}]}}