{"id":330,"date":"2024-11-22T11:35:19","date_gmt":"2024-11-22T10:35:19","guid":{"rendered":"https:\/\/stg-autoelect-ontwikkeling.kinsta.cloud\/?page_id=330"},"modified":"2025-01-22T15:32:30","modified_gmt":"2025-01-22T14:32:30","slug":"lenksaule","status":"publish","type":"page","link":"https:\/\/www.auto-elect.nl\/de\/stuurbekrachtiging\/stuurkolom\/","title":{"rendered":"Lenks\u00e4ule"},"content":{"rendered":"<section class=\"has-bg header\" >\n\t    <div class=\"img-box\">\n\t\t<figure><img decoding=\"async\" src=\"https:\/\/www.auto-elect.nl\/wp-content\/uploads\/2024\/09\/header-image-alfa-desktop.jpg\" alt=\"\" \/><\/figure>    <\/div>\n        <div class=\"grid-container\">\n       <div class=\"header-inner-container is-page\">\n           <div class=\"header-inner\" data-aos=\"fade-up\">\n\t\t               <div class=\"breadcrumbs\" typeof=\"Breadcrumblist\" vocab=\"https:\/\/schema.org\">\n\t\t\t<span property=\"itemListElement\" typeof=\"ListItem\"><a property=\"item\" typeof=\"WebPage\" title=\"Gehe zu Auto Elect Zeewolde.\" href=\"https:\/\/www.auto-elect.nl\/de\" class=\"home\" aria-current=\"page\"><span property=\"name\">Auto Elect Zeewolde<\/span><\/a><meta property=\"position\" content=\"1\"><\/span>        <\/div>\n\t\t<h1>Lenks\u00e4ule<\/h1><p>Von hoher Qualit\u00e4t<\/p>\n               <div class=\"btn-container\">\n\t\t\t                      <\/div>\n           <\/div>\n           <div class=\"employees-container\">\n               <div class=\"background\">\n                   <img decoding=\"async\" src=\"https:\/\/www.auto-elect.nl\/wp-content\/themes\/treesign\/assets\/images\/header-white-flakes.svg\" alt=\"Hintergrund Kopfzeile\">\n               <\/div>\n                      <\/div>\n       <\/div>\n    <\/div>\n<\/section>\n\n\n\n<section class=\"text-only left\" >\n        <div class=\"grid-container\">\n        <div class=\"text\">\n        \t\t\t<h2 >Auto Elect B.V. Ihr Partner f\u00fcr Lenkgetriebe<\/h2><p ><p>Die elektronische Servolenkung (EPS) spielt eine entscheidende Rolle bei der Optimierung der dynamischen und statischen Leistung von Fahrzeugen. Eine spezifische Konfiguration, die dabei angewendet wird, ist die Lenks\u00e4ulenunterst\u00fctzung (C-EPS), bei der ein Elektromotor die Lenks\u00e4ule unterst\u00fctzt. In dieser Anordnung bleibt das Lenkgetriebe, das mit den R\u00e4dern verbunden ist, ununterst\u00fctzt und unverst\u00e4rkt. Dieser Ansatz wird h\u00e4ufig in wendigen und kompakten Stadtautos mit begrenztem Motorraum eingesetzt, dank der g\u00fcnstigen Gr\u00f6\u00dfe der elektrischen Lenks\u00e4ule.<\/p>\n<\/p>        <a class=\"btn\" href=\"https:\/\/www.auto-elect.nl\/de\/kontakt\/\" target=\"_self\">\n\t\t\tKontaktieren Sie uns        <\/a>\n\t\t\t            <\/div>\n    <\/div>\n<\/section>\n\n\n<section class=\"text-media white left\" >\n    <div class=\"grid-container\">\n        <div class=\"grid-x grid-margin-x grid-margin-y\">\n            <div class=\"cell  large-offset-7 large-5\">\n                <div class=\"text\" data-aos=\"fade-up\">\n\t\t\t\t\t<h2>Funktionalit\u00e4t von C-EPS und Sicherheitsmerkmale<\/h2><p>C-EPS verwendet elektrische Energie, um das vom Fahrer auf das Lenkrad ausge\u00fcbte Drehmoment zu verst\u00e4rken und eine Drehbewegung der Vorderr\u00e4der zu erzeugen. Der Grad der Unterst\u00fctzung wird durch die Eingabe des Fahrers und die Stra\u00dfenbedingungen bestimmt. Das Unterst\u00fctzungsprofil kann auch basierend auf verschiedenen Fahrmodi wie Normal oder Sport angepasst werden. Um diese Funktion sicher und effektiv zu nutzen, ist die elektrische Lenks\u00e4ule mit einem Lenkwinkelsensor (SAS) und einem Drehmomentsensor ausgestattet.<\/p>\n<p>In einigen F\u00e4llen sind diese Sensoren in einem kombinierten TAS-Sensor (Drehmoment- und Winkelsensor) integriert. Der Lenkwinkelsensor stellt sicher, dass der Bordcomputer jederzeit \u00fcber die Position der R\u00e4der informiert ist, w\u00e4hrend der Drehmomentsensor Informationen \u00fcber das vom Fahrer ausge\u00fcbte Drehmoment liefert. Ein weiteres Sicherheitsmerkmal dieser Lenks\u00e4ulen ist, dass das Lenkrad immer mechanisch mit dem Lenkgetriebe verbunden ist, sodass auch bei einem Ausfall der elektrischen S\u00e4ule weiterhin manuell gelenkt werden kann.<\/p>\n        <a class=\"btn\" href=\"https:\/\/www.auto-elect.nl\/de\/servolenkung\/steuerhausbetrieb\/\" target=\"_self\">\n\t\t\tErfahren Sie mehr \u00fcber die Funktionsweise der Lenkung        <\/a>\n\t\t                <\/div>\n            <\/div>\n        <\/div>\n    <\/div>\n    <div class=\"img-container\" data-aos=\"fade-up\" data-aos-delay=\"200\">\n\t\t<figure><img decoding=\"async\" src=\"https:\/\/www.auto-elect.nl\/wp-content\/uploads\/2024\/11\/functionaliteit-van-c-eps-en-veiligheidskenmerken.webp\" alt=\"Funktionalit\u00e4t von C-EPS und Sicherheitsmerkmale\" loading=\"lazy\" \/><\/figure>    <\/div>\n<\/section>\n\n\n\n<section class=\"text-only left\" >\n        <div class=\"grid-container\">\n        <div class=\"text\">\n        \t\t\t<h2 >H\u00e4ufige Probleme und \u00dcberarbeitung<\/h2><p ><p>Eines der h\u00e4ufigsten Probleme mit elektrischen Lenks\u00e4ulen ist das Aussetzen der Servounterst\u00fctzung. Dies kann verschiedene Ursachen haben, wie korrupte Software, defekte Sensoren, kaputte Motoren und Defekte an elektrischen Komponenten wie Relais. Dar\u00fcber hinaus k\u00f6nnen mechanische Probleme auftreten, wie Spiel zwischen der Eingangs- und Ausgangswelle der S\u00e4ule, schweres oder leichtes Lenken und unerw\u00fcnschte Ger\u00e4usche.<\/p>\n<p>Wir sind spezialisiert auf die \u00dcberarbeitung verschiedener Lenkgetriebe, einschlie\u00dflich klassischer Modelle. Bei jeder \u00dcberarbeitung verwenden wir Originalteile, wenden die neuesten Techniken an und unterziehen das \u00fcberarbeitete Lenkgetriebe gr\u00fcndlichen Tests, um m\u00f6gliche Probleme zu identifizieren. Wo n\u00f6tig f\u00fchren wir Modifikationen durch, um die Lebensdauer zu verl\u00e4ngern und die Leistung zu optimieren.<\/p>\n<p>Bei Auto Elect B.V. streben wir danach, Ihre Lenkung mit h\u00f6chster Effizienz und Sicherheit zu betreiben, mit Blick auf Nachhaltigkeit und verbesserte Leistung.<\/p>\n<\/p>        <a class=\"btn\" href=\"https:\/\/www.auto-elect.nl\/de\/servolenkung\/steuerhausrevision\/\" target=\"_self\">\n\t\t\tErfahren Sie mehr \u00fcber die \u00dcberarbeitung der Lenkung        <\/a>\n\t\t\t            <\/div>\n    <\/div>\n<\/section>\n\n\n<section class=\"cta\" >\n    <div class=\"img-box\">\n\t\t<figure><img decoding=\"async\" src=\"https:\/\/www.auto-elect.nl\/wp-content\/uploads\/2024\/10\/samen-lossen-we-elke-storing-op.webp\" alt=\"Gemeinsam l\u00f6sen wir jedes Problem\" loading=\"lazy\" \/><\/figure>    <\/div>\n\n    <div class=\"grid-container\">\n        <div class=\"cta-inner\">\n\t        <h2>Gemeinsam l\u00f6sen wir jedes Problem<\/h2><p>Egal ob es sich um ein altes oder neues Auto handelt, gemeinsam l\u00f6sen wir jedes Problem. Mit unseren Produkten arbeiten Sie effizient und auf h\u00f6chstem Niveau. Wir k\u00f6nnen ab Lager liefern oder Ihr Produkt \u00fcberarbeiten. M\u00f6chten Sie mehr erfahren? Suchen Sie in unserem Online-Shop nach dem Produkt, das Sie ben\u00f6tigen, oder nehmen Sie direkt Kontakt auf. Wir schauen gerne, wie wir Ihnen helfen k\u00f6nnen, damit Ihr Kunde schnell wieder auf der Stra\u00dfe ist.<\/p>\n        <a class=\"btn outline\" href=\"https:\/\/www.auto-elect.nl\/de\/kontakt\/\" target=\"_self\">\n\t\t\tKontaktieren Sie uns        <\/a>\n\t\t        <\/div>\n    <\/div>\n<\/section>\n\n\n<section class=\"logos\" >\n    <div class=\"grid-container\">\n\t\t            <div class=\"logo-container\">\n\t\t\t\t                        <article class=\"logo-card\">\n\t\t\t\t\t\t\t\t<figure><img decoding=\"async\" src=\"https:\/\/www.auto-elect.nl\/wp-content\/uploads\/2024\/10\/logo-tec-doc-bw.png\" alt=\"\" loading=\"lazy\" \/><\/figure>\t\t\t\t\t\t\t                        <\/article>\n\t\t\t\t                        <article class=\"logo-card\">\n\t\t\t\t\t\t\t\t<figure><img decoding=\"async\" src=\"https:\/\/www.auto-elect.nl\/wp-content\/uploads\/2024\/10\/logo-edro-zw.png\" alt=\"\" loading=\"lazy\" \/><\/figure>\t\t\t\t\t\t\t                        <\/article>\n\t\t\t\t                        <article class=\"logo-card\">\n\t\t\t\t\t\t\t\t<figure><img decoding=\"async\" src=\"https:\/\/www.auto-elect.nl\/wp-content\/uploads\/2024\/10\/logo-gaured-zw.png\" alt=\"\" loading=\"lazy\" \/><\/figure>\t\t\t\t\t\t\t                        <\/article>\n\t\t\t\t                        <article class=\"logo-card\">\n\t\t\t\t\t\t\t\t<figure><img decoding=\"async\" src=\"https:\/\/www.auto-elect.nl\/wp-content\/uploads\/2024\/10\/logo-pim-automotive-zw.png\" alt=\"\" loading=\"lazy\" \/><\/figure>\t\t\t\t\t\t\t                        <\/article>\n\t\t\t\t                        <article class=\"logo-card\">\n\t\t\t\t\t\t\t\t<figure><img decoding=\"async\" src=\"https:\/\/www.auto-elect.nl\/wp-content\/uploads\/2024\/10\/logo-auto-elect-vintage-zw.png\" alt=\"\" loading=\"lazy\" \/><\/figure>\t\t\t\t\t\t\t                        <\/article>\n\t\t\t\t            <\/div>\n\t\t    <\/div>\n<\/section>","protected":false},"excerpt":{"rendered":"","protected":false},"author":4,"featured_media":0,"parent":15,"menu_order":0,"comment_status":"closed","ping_status":"closed","template":"","meta":{"_acf_changed":false,"footnotes":""},"class_list":["post-330","page","type-page","status-publish","hentry"],"acf":[],"yoast_head":"<!-- This site is optimized with the Yoast SEO plugin v27.4 - https:\/\/yoast.com\/product\/yoast-seo-wordpress\/ -->\n<title>Stuurkolom van hoge kwaliteit - Auto Elect Zeewolde<\/title>\n<meta name=\"description\" content=\"Bekijk ons assortiment stuurkolommen voor diverse voertuigen. Kwaliteit en betrouwbaarheid voor optimale stuurbekrachtiging. Direct leverbaar!\" \/>\n<meta name=\"robots\" content=\"index, follow, max-snippet:-1, max-image-preview:large, max-video-preview:-1\" \/>\n<link rel=\"canonical\" href=\"https:\/\/www.auto-elect.nl\/de\/servolenkung\/lenksaule\/\" \/>\n<meta property=\"og:locale\" content=\"de_DE\" \/>\n<meta property=\"og:type\" content=\"article\" \/>\n<meta property=\"og:title\" content=\"Stuurkolom van hoge kwaliteit - Auto Elect Zeewolde\" \/>\n<meta property=\"og:description\" content=\"Bekijk ons assortiment stuurkolommen voor diverse voertuigen. Kwaliteit en betrouwbaarheid voor optimale stuurbekrachtiging. Direct leverbaar!\" \/>\n<meta property=\"og:url\" content=\"https:\/\/www.auto-elect.nl\/de\/servolenkung\/lenksaule\/\" \/>\n<meta property=\"og:site_name\" content=\"Auto Elect Zeewolde\" \/>\n<meta property=\"article:modified_time\" content=\"2025-01-22T14:32:30+00:00\" \/>\n<meta name=\"twitter:card\" content=\"summary_large_image\" \/>\n<script type=\"application\/ld+json\" class=\"yoast-schema-graph\">{\"@context\":\"https:\\\/\\\/schema.org\",\"@graph\":[{\"@type\":\"WebPage\",\"@id\":\"https:\\\/\\\/www.auto-elect.nl\\\/stuurbekrachtiging\\\/stuurkolom\\\/\",\"url\":\"https:\\\/\\\/www.auto-elect.nl\\\/stuurbekrachtiging\\\/stuurkolom\\\/\",\"name\":\"Stuurkolom van hoge kwaliteit - Auto Elect Zeewolde\",\"isPartOf\":{\"@id\":\"https:\\\/\\\/www.auto-elect.nl\\\/#website\"},\"datePublished\":\"2024-11-22T10:35:19+00:00\",\"dateModified\":\"2025-01-22T14:32:30+00:00\",\"description\":\"Bekijk ons assortiment stuurkolommen voor diverse voertuigen. Kwaliteit en betrouwbaarheid voor optimale stuurbekrachtiging. Direct leverbaar!\",\"breadcrumb\":{\"@id\":\"https:\\\/\\\/www.auto-elect.nl\\\/stuurbekrachtiging\\\/stuurkolom\\\/#breadcrumb\"},\"inLanguage\":\"de\",\"potentialAction\":[{\"@type\":\"ReadAction\",\"target\":[\"https:\\\/\\\/www.auto-elect.nl\\\/stuurbekrachtiging\\\/stuurkolom\\\/\"]}]},{\"@type\":\"BreadcrumbList\",\"@id\":\"https:\\\/\\\/www.auto-elect.nl\\\/stuurbekrachtiging\\\/stuurkolom\\\/#breadcrumb\",\"itemListElement\":[{\"@type\":\"ListItem\",\"position\":1,\"name\":\"Home\",\"item\":\"https:\\\/\\\/www.auto-elect.nl\\\/\"},{\"@type\":\"ListItem\",\"position\":2,\"name\":\"Stuurbekrachtiging\",\"item\":\"https:\\\/\\\/www.auto-elect.nl\\\/stuurbekrachtiging\\\/\"},{\"@type\":\"ListItem\",\"position\":3,\"name\":\"Stuurkolom\"}]},{\"@type\":\"WebSite\",\"@id\":\"https:\\\/\\\/www.auto-elect.nl\\\/#website\",\"url\":\"https:\\\/\\\/www.auto-elect.nl\\\/\",\"name\":\"Auto Elect Zeewolde\",\"description\":\"Specialist in nieuwe en gereviseerde autotechnische producten\",\"potentialAction\":[{\"@type\":\"SearchAction\",\"target\":{\"@type\":\"EntryPoint\",\"urlTemplate\":\"https:\\\/\\\/www.auto-elect.nl\\\/?s={search_term_string}\"},\"query-input\":{\"@type\":\"PropertyValueSpecification\",\"valueRequired\":true,\"valueName\":\"search_term_string\"}}],\"inLanguage\":\"de\"}]}<\/script>\n<!-- \/ Yoast SEO plugin. -->","yoast_head_json":{"title":"Hochwertige Lenks\u00e4ule - Auto Elect Zeewolde","description":"Sehen Sie sich unser Angebot an Lenks\u00e4ulen f\u00fcr verschiedene Fahrzeuge an. Qualit\u00e4t und Zuverl\u00e4ssigkeit f\u00fcr eine optimale Servolenkung. Direkt verf\u00fcgbar!","robots":{"index":"index","follow":"follow","max-snippet":"max-snippet:-1","max-image-preview":"max-image-preview:large","max-video-preview":"max-video-preview:-1"},"canonical":"https:\/\/www.auto-elect.nl\/de\/servolenkung\/lenksaule\/","og_locale":"de_DE","og_type":"article","og_title":"Stuurkolom van hoge kwaliteit - Auto Elect Zeewolde","og_description":"Bekijk ons assortiment stuurkolommen voor diverse voertuigen. Kwaliteit en betrouwbaarheid voor optimale stuurbekrachtiging. Direct leverbaar!","og_url":"https:\/\/www.auto-elect.nl\/de\/servolenkung\/lenksaule\/","og_site_name":"Auto Elect Zeewolde","article_modified_time":"2025-01-22T14:32:30+00:00","twitter_card":"summary_large_image","schema":{"@context":"https:\/\/schema.org","@graph":[{"@type":"WebPage","@id":"https:\/\/www.auto-elect.nl\/stuurbekrachtiging\/stuurkolom\/","url":"https:\/\/www.auto-elect.nl\/stuurbekrachtiging\/stuurkolom\/","name":"Hochwertige Lenks\u00e4ule - Auto Elect Zeewolde","isPartOf":{"@id":"https:\/\/www.auto-elect.nl\/#website"},"datePublished":"2024-11-22T10:35:19+00:00","dateModified":"2025-01-22T14:32:30+00:00","description":"Sehen Sie sich unser Angebot an Lenks\u00e4ulen f\u00fcr verschiedene Fahrzeuge an. Qualit\u00e4t und Zuverl\u00e4ssigkeit f\u00fcr eine optimale Servolenkung. Direkt verf\u00fcgbar!","breadcrumb":{"@id":"https:\/\/www.auto-elect.nl\/stuurbekrachtiging\/stuurkolom\/#breadcrumb"},"inLanguage":"de","potentialAction":[{"@type":"ReadAction","target":["https:\/\/www.auto-elect.nl\/stuurbekrachtiging\/stuurkolom\/"]}]},{"@type":"BreadcrumbList","@id":"https:\/\/www.auto-elect.nl\/stuurbekrachtiging\/stuurkolom\/#breadcrumb","itemListElement":[{"@type":"ListItem","position":1,"name":"Home","item":"https:\/\/www.auto-elect.nl\/"},{"@type":"ListItem","position":2,"name":"Stuurbekrachtiging","item":"https:\/\/www.auto-elect.nl\/stuurbekrachtiging\/"},{"@type":"ListItem","position":3,"name":"Stuurkolom"}]},{"@type":"WebSite","@id":"https:\/\/www.auto-elect.nl\/#website","url":"https:\/\/www.auto-elect.nl\/","name":"Auto Elect Zeewolde","description":"Spezialist f\u00c3\u00bcr neue und \u00c3\u00bcberholte Autotechnikprodukte","potentialAction":[{"@type":"SearchAction","target":{"@type":"EntryPoint","urlTemplate":"https:\/\/www.auto-elect.nl\/?s={search_term_string}"},"query-input":{"@type":"PropertyValueSpecification","valueRequired":true,"valueName":"search_term_string"}}],"inLanguage":"de"}]}},"_links":{"self":[{"href":"https:\/\/www.auto-elect.nl\/de\/wp-json\/wp\/v2\/pages\/330","targetHints":{"allow":["GET"]}}],"collection":[{"href":"https:\/\/www.auto-elect.nl\/de\/wp-json\/wp\/v2\/pages"}],"about":[{"href":"https:\/\/www.auto-elect.nl\/de\/wp-json\/wp\/v2\/types\/page"}],"author":[{"embeddable":true,"href":"https:\/\/www.auto-elect.nl\/de\/wp-json\/wp\/v2\/users\/4"}],"replies":[{"embeddable":true,"href":"https:\/\/www.auto-elect.nl\/de\/wp-json\/wp\/v2\/comments?post=330"}],"version-history":[{"count":6,"href":"https:\/\/www.auto-elect.nl\/de\/wp-json\/wp\/v2\/pages\/330\/revisions"}],"predecessor-version":[{"id":10030,"href":"https:\/\/www.auto-elect.nl\/de\/wp-json\/wp\/v2\/pages\/330\/revisions\/10030"}],"up":[{"embeddable":true,"href":"https:\/\/www.auto-elect.nl\/de\/wp-json\/wp\/v2\/pages\/15"}],"wp:attachment":[{"href":"https:\/\/www.auto-elect.nl\/de\/wp-json\/wp\/v2\/media?parent=330"}],"curies":[{"name":"wp","href":"https:\/\/api.w.org\/{rel}","templated":true}]}}