{"id":322,"date":"2024-11-22T11:26:10","date_gmt":"2024-11-22T10:26:10","guid":{"rendered":"https:\/\/stg-autoelect-ontwikkeling.kinsta.cloud\/?page_id=322"},"modified":"2025-01-22T15:32:38","modified_gmt":"2025-01-22T14:32:38","slug":"steuerhausbetrieb","status":"publish","type":"page","link":"https:\/\/www.auto-elect.nl\/de\/stuurbekrachtiging\/stuurhuis-werking\/","title":{"rendered":"Lenkgetriebe Funktion"},"content":{"rendered":"<section class=\"has-bg header\" >\n\t    <div class=\"img-box\">\n\t\t<figure><img decoding=\"async\" src=\"https:\/\/www.auto-elect.nl\/wp-content\/uploads\/2024\/09\/header-image-alfa-desktop.jpg\" alt=\"\" \/><\/figure>    <\/div>\n        <div class=\"grid-container\">\n       <div class=\"header-inner-container is-page\">\n           <div class=\"header-inner\" data-aos=\"fade-up\">\n\t\t               <div class=\"breadcrumbs\" typeof=\"Breadcrumblist\" vocab=\"https:\/\/schema.org\">\n\t\t\t<span property=\"itemListElement\" typeof=\"ListItem\"><a property=\"item\" typeof=\"WebPage\" title=\"Gehe zu Auto Elect Zeewolde.\" href=\"https:\/\/www.auto-elect.nl\/de\" class=\"home\" aria-current=\"page\"><span property=\"name\">Auto Elect Zeewolde<\/span><\/a><meta property=\"position\" content=\"1\"><\/span>        <\/div>\n\t\t<h1>Lenkgetriebe Funktion<\/h1><p>Hydraulisch und elektrisch<\/p>\n               <div class=\"btn-container\">\n\t\t\t                      <\/div>\n           <\/div>\n           <div class=\"employees-container\">\n               <div class=\"background\">\n                   <img decoding=\"async\" src=\"https:\/\/www.auto-elect.nl\/wp-content\/themes\/treesign\/assets\/images\/header-white-flakes.svg\" alt=\"Hintergrund Kopfzeile\">\n               <\/div>\n                      <\/div>\n       <\/div>\n    <\/div>\n<\/section>\n\n\n\n<section class=\"text-only left\" >\n        <div class=\"grid-container\">\n        <div class=\"text\">\n        \t\t\t<h2 >So funktioniert ein Lenkgetriebe<\/h2><p ><p>Es gibt verschiedene Arten von Lenkgetrieben. Obwohl sie alle unterschiedlich sind, haben sie eines gemeinsam: Wenn am Lenkrad gedreht wird, \u00fcbertragen sie die gew\u00fcnschte Bewegung auf die R\u00e4der des Autos. Die Aktion des Fahrers und der Zustand der Stra\u00dfe bestimmen dabei den Grad der Servolenkung.<\/p>\n<\/p>        <a class=\"btn\" href=\"https:\/\/www.auto-elect.nl\/de\/kontakt\/\" target=\"_self\">\n\t\t\tKontaktieren Sie uns        <\/a>\n\t\t\t            <\/div>\n    <\/div>\n<\/section>\n\n\n<section class=\"text-media white left\" >\n    <div class=\"grid-container\">\n        <div class=\"grid-x grid-margin-x grid-margin-y\">\n            <div class=\"cell  large-offset-7 large-5\">\n                <div class=\"text\" data-aos=\"fade-up\">\n\t\t\t\t\t<h2>Hydraulische Servolenkung<\/h2><p>Die traditionellste Form der Servolenkung basiert auf einem hydraulischen System. Bei diesem System transportiert eine Pumpe Hydraulik\u00f6l zu Zylindern im Lenkgetriebe. Durch den entstehenden \u00d6ldruck ist weniger menschliche Kraft erforderlich, um das Lenkrad zu bewegen.<\/p>\n        <a class=\"btn\" href=\"https:\/\/www.auto-elect.nl\/autoboek.html\" target=\"_self\">\n\t\t\tSehen Sie sich unsere Produkte an        <\/a>\n\t\t                <\/div>\n            <\/div>\n        <\/div>\n    <\/div>\n    <div class=\"img-container\" data-aos=\"fade-up\" data-aos-delay=\"200\">\n\t\t<figure><img decoding=\"async\" src=\"https:\/\/www.auto-elect.nl\/wp-content\/uploads\/2024\/11\/hydraulische-stuurbekrachtiging.webp\" alt=\"Hydraulische Servolenkung\" loading=\"lazy\" \/><\/figure>    <\/div>\n<\/section>\n\n\n<section class=\"text-media white right\" >\n    <div class=\"grid-container\">\n        <div class=\"grid-x grid-margin-x grid-margin-y\">\n            <div class=\"cell  large-5\">\n                <div class=\"text\" data-aos=\"fade-up\">\n\t\t\t\t\t<h2>Elektrische Servolenkung<\/h2><p>Die elektrische Servolenkung besteht aus zwei Sensoren: einem, der erkennt, dass der Fahrer am Lenkrad dreht, und einem, der erkennt, dass die Lenkstange tats\u00e4chlich bewegt wird. Diese Informationen werden an einen Mikroprozessor gesendet, der den Grad der Unterst\u00fctzung berechnet und an den Elektromotor weitergibt.<\/p>\n        <a class=\"btn\" href=\"https:\/\/www.auto-elect.nl\/autoboek.html\" target=\"_self\">\n\t\t\tSehen Sie sich unsere Produkte an        <\/a>\n\t\t                <\/div>\n            <\/div>\n        <\/div>\n    <\/div>\n    <div class=\"img-container\" data-aos=\"fade-up\" data-aos-delay=\"200\">\n\t\t<figure><img decoding=\"async\" src=\"https:\/\/www.auto-elect.nl\/wp-content\/uploads\/2024\/11\/elektrische-stuurbekrachtiging.webp\" alt=\"Elektrische Servolenkung\" loading=\"lazy\" \/><\/figure>    <\/div>\n<\/section>\n\n\n\n<section class=\"text-only left\" >\n        <div class=\"grid-container\">\n        <div class=\"text\">\n        \t\t\t<h2 >Spezialist f\u00fcr \u00dcberholung<\/h2><p ><p>Bei Auto Elect haben wir Kenntnisse sowohl in hydraulischer als auch in elektrischer Servolenkung. Seit \u00fcber drei\u00dfig Jahren sind wir auf die \u00dcberarbeitung verschiedener Produkte und Systeme spezialisiert. M\u00f6chten Sie mehr erfahren? Mit unserem Wissen \u00fcber klassische und moderne Autos helfen wir Ihnen gerne weiter.<\/p>\n<\/p>        <a class=\"btn\" href=\"https:\/\/www.auto-elect.nl\/de\/servolenkung\/steuerhausrevision\/\" target=\"_self\">\n\t\t\tErfahren Sie mehr \u00fcber die \u00dcberarbeitung der Lenkung        <\/a>\n\t\t\t            <\/div>\n    <\/div>\n<\/section>\n\n\n<section class=\"cta\" >\n    <div class=\"img-box\">\n\t\t<figure><img decoding=\"async\" src=\"https:\/\/www.auto-elect.nl\/wp-content\/uploads\/2024\/10\/samen-lossen-we-elke-storing-op.webp\" alt=\"Gemeinsam l\u00f6sen wir jedes Problem\" loading=\"lazy\" \/><\/figure>    <\/div>\n\n    <div class=\"grid-container\">\n        <div class=\"cta-inner\">\n\t        <h2>Gemeinsam l\u00f6sen wir jedes Problem<\/h2><p>Egal ob es sich um ein altes oder neues Auto handelt, gemeinsam l\u00f6sen wir jedes Problem. Mit unseren Produkten arbeiten Sie effizient und auf h\u00f6chstem Niveau. Wir k\u00f6nnen ab Lager liefern oder Ihr Produkt \u00fcberarbeiten. M\u00f6chten Sie mehr erfahren? Suchen Sie in unserem Online-Shop nach dem Produkt, das Sie ben\u00f6tigen, oder nehmen Sie direkt Kontakt auf. Wir schauen gerne, wie wir Ihnen helfen k\u00f6nnen, damit Ihr Kunde schnell wieder auf der Stra\u00dfe ist.<\/p>\n        <a class=\"btn outline\" href=\"https:\/\/www.auto-elect.nl\/de\/kontakt\/\" target=\"_self\">\n\t\t\tKontaktieren Sie uns        <\/a>\n\t\t        <\/div>\n    <\/div>\n<\/section>\n\n\n<section class=\"logos\" >\n    <div class=\"grid-container\">\n\t\t            <div class=\"logo-container\">\n\t\t\t\t                        <article class=\"logo-card\">\n\t\t\t\t\t\t\t\t<figure><img decoding=\"async\" src=\"https:\/\/www.auto-elect.nl\/wp-content\/uploads\/2024\/10\/logo-tec-doc-bw.png\" alt=\"\" loading=\"lazy\" \/><\/figure>\t\t\t\t\t\t\t                        <\/article>\n\t\t\t\t                        <article class=\"logo-card\">\n\t\t\t\t\t\t\t\t<figure><img decoding=\"async\" src=\"https:\/\/www.auto-elect.nl\/wp-content\/uploads\/2024\/10\/logo-edro-zw.png\" alt=\"\" loading=\"lazy\" \/><\/figure>\t\t\t\t\t\t\t                        <\/article>\n\t\t\t\t                        <article class=\"logo-card\">\n\t\t\t\t\t\t\t\t<figure><img decoding=\"async\" src=\"https:\/\/www.auto-elect.nl\/wp-content\/uploads\/2024\/10\/logo-gaured-zw.png\" alt=\"\" loading=\"lazy\" \/><\/figure>\t\t\t\t\t\t\t                        <\/article>\n\t\t\t\t                        <article class=\"logo-card\">\n\t\t\t\t\t\t\t\t<figure><img decoding=\"async\" src=\"https:\/\/www.auto-elect.nl\/wp-content\/uploads\/2024\/10\/logo-pim-automotive-zw.png\" alt=\"\" loading=\"lazy\" \/><\/figure>\t\t\t\t\t\t\t                        <\/article>\n\t\t\t\t                        <article class=\"logo-card\">\n\t\t\t\t\t\t\t\t<figure><img decoding=\"async\" src=\"https:\/\/www.auto-elect.nl\/wp-content\/uploads\/2024\/10\/logo-auto-elect-vintage-zw.png\" alt=\"\" loading=\"lazy\" \/><\/figure>\t\t\t\t\t\t\t                        <\/article>\n\t\t\t\t            <\/div>\n\t\t    <\/div>\n<\/section>","protected":false},"excerpt":{"rendered":"","protected":false},"author":4,"featured_media":0,"parent":15,"menu_order":0,"comment_status":"closed","ping_status":"closed","template":"","meta":{"_acf_changed":false,"footnotes":""},"class_list":["post-322","page","type-page","status-publish","hentry"],"acf":[],"yoast_head":"<!-- This site is optimized with the Yoast SEO plugin v27.4 - https:\/\/yoast.com\/product\/yoast-seo-wordpress\/ -->\n<title>Steering Rack Function - Auto-Elect | Auto Elect Zeewolde<\/title>\n<meta name=\"description\" content=\"Learn how the steering rack works in your vehicle. Auto-Elect explains its role in steering power and control for a smooth driving experience.\" \/>\n<meta name=\"robots\" content=\"index, follow, max-snippet:-1, max-image-preview:large, max-video-preview:-1\" \/>\n<link rel=\"canonical\" href=\"https:\/\/www.auto-elect.nl\/de\/servolenkung\/steuerhausbetrieb\/\" \/>\n<meta property=\"og:locale\" content=\"de_DE\" \/>\n<meta property=\"og:type\" content=\"article\" \/>\n<meta property=\"og:title\" content=\"Steering Rack Function - Auto-Elect | Auto Elect Zeewolde\" \/>\n<meta property=\"og:description\" content=\"Learn how the steering rack works in your vehicle. Auto-Elect explains its role in steering power and control for a smooth driving experience.\" \/>\n<meta property=\"og:url\" content=\"https:\/\/www.auto-elect.nl\/de\/servolenkung\/steuerhausbetrieb\/\" \/>\n<meta property=\"og:site_name\" content=\"Auto Elect Zeewolde\" \/>\n<meta property=\"article:modified_time\" content=\"2025-01-22T14:32:38+00:00\" \/>\n<meta name=\"twitter:card\" content=\"summary_large_image\" \/>\n<script type=\"application\/ld+json\" class=\"yoast-schema-graph\">{\"@context\":\"https:\\\/\\\/schema.org\",\"@graph\":[{\"@type\":\"WebPage\",\"@id\":\"https:\\\/\\\/www.auto-elect.nl\\\/stuurbekrachtiging\\\/stuurhuis-werking\\\/\",\"url\":\"https:\\\/\\\/www.auto-elect.nl\\\/stuurbekrachtiging\\\/stuurhuis-werking\\\/\",\"name\":\"Steering Rack Function - Auto-Elect | Auto Elect Zeewolde\",\"isPartOf\":{\"@id\":\"https:\\\/\\\/www.auto-elect.nl\\\/#website\"},\"datePublished\":\"2024-11-22T10:26:10+00:00\",\"dateModified\":\"2025-01-22T14:32:38+00:00\",\"description\":\"Learn how the steering rack works in your vehicle. Auto-Elect explains its role in steering power and control for a smooth driving experience.\",\"breadcrumb\":{\"@id\":\"https:\\\/\\\/www.auto-elect.nl\\\/stuurbekrachtiging\\\/stuurhuis-werking\\\/#breadcrumb\"},\"inLanguage\":\"de\",\"potentialAction\":[{\"@type\":\"ReadAction\",\"target\":[\"https:\\\/\\\/www.auto-elect.nl\\\/stuurbekrachtiging\\\/stuurhuis-werking\\\/\"]}]},{\"@type\":\"BreadcrumbList\",\"@id\":\"https:\\\/\\\/www.auto-elect.nl\\\/stuurbekrachtiging\\\/stuurhuis-werking\\\/#breadcrumb\",\"itemListElement\":[{\"@type\":\"ListItem\",\"position\":1,\"name\":\"Home\",\"item\":\"https:\\\/\\\/www.auto-elect.nl\\\/\"},{\"@type\":\"ListItem\",\"position\":2,\"name\":\"Stuurbekrachtiging\",\"item\":\"https:\\\/\\\/www.auto-elect.nl\\\/stuurbekrachtiging\\\/\"},{\"@type\":\"ListItem\",\"position\":3,\"name\":\"Stuurhuis werking\"}]},{\"@type\":\"WebSite\",\"@id\":\"https:\\\/\\\/www.auto-elect.nl\\\/#website\",\"url\":\"https:\\\/\\\/www.auto-elect.nl\\\/\",\"name\":\"Auto Elect Zeewolde\",\"description\":\"Specialist in nieuwe en gereviseerde autotechnische producten\",\"potentialAction\":[{\"@type\":\"SearchAction\",\"target\":{\"@type\":\"EntryPoint\",\"urlTemplate\":\"https:\\\/\\\/www.auto-elect.nl\\\/?s={search_term_string}\"},\"query-input\":{\"@type\":\"PropertyValueSpecification\",\"valueRequired\":true,\"valueName\":\"search_term_string\"}}],\"inLanguage\":\"de\"}]}<\/script>\n<!-- \/ Yoast SEO plugin. -->","yoast_head_json":{"title":"Funktion der Zahnstangenlenkung - Auto-Elect | Auto Elect Zeewolde","description":"Erfahren Sie, wie die Zahnstangenlenkung in Ihrem Fahrzeug funktioniert. Auto-Elect erkl\u00e4rt, welche Rolle die Zahnstange f\u00fcr die Lenkkraft und die Kontrolle der Lenkung spielt, um ein reibungsloses Fahrerlebnis zu gew\u00e4hrleisten.","robots":{"index":"index","follow":"follow","max-snippet":"max-snippet:-1","max-image-preview":"max-image-preview:large","max-video-preview":"max-video-preview:-1"},"canonical":"https:\/\/www.auto-elect.nl\/de\/servolenkung\/steuerhausbetrieb\/","og_locale":"de_DE","og_type":"article","og_title":"Steering Rack Function - Auto-Elect | Auto Elect Zeewolde","og_description":"Learn how the steering rack works in your vehicle. Auto-Elect explains its role in steering power and control for a smooth driving experience.","og_url":"https:\/\/www.auto-elect.nl\/de\/servolenkung\/steuerhausbetrieb\/","og_site_name":"Auto Elect Zeewolde","article_modified_time":"2025-01-22T14:32:38+00:00","twitter_card":"summary_large_image","schema":{"@context":"https:\/\/schema.org","@graph":[{"@type":"WebPage","@id":"https:\/\/www.auto-elect.nl\/stuurbekrachtiging\/stuurhuis-werking\/","url":"https:\/\/www.auto-elect.nl\/stuurbekrachtiging\/stuurhuis-werking\/","name":"Funktion der Zahnstangenlenkung - Auto-Elect | Auto Elect Zeewolde","isPartOf":{"@id":"https:\/\/www.auto-elect.nl\/#website"},"datePublished":"2024-11-22T10:26:10+00:00","dateModified":"2025-01-22T14:32:38+00:00","description":"Erfahren Sie, wie die Zahnstangenlenkung in Ihrem Fahrzeug funktioniert. Auto-Elect erkl\u00e4rt, welche Rolle die Zahnstange f\u00fcr die Lenkkraft und die Kontrolle der Lenkung spielt, um ein reibungsloses Fahrerlebnis zu gew\u00e4hrleisten.","breadcrumb":{"@id":"https:\/\/www.auto-elect.nl\/stuurbekrachtiging\/stuurhuis-werking\/#breadcrumb"},"inLanguage":"de","potentialAction":[{"@type":"ReadAction","target":["https:\/\/www.auto-elect.nl\/stuurbekrachtiging\/stuurhuis-werking\/"]}]},{"@type":"BreadcrumbList","@id":"https:\/\/www.auto-elect.nl\/stuurbekrachtiging\/stuurhuis-werking\/#breadcrumb","itemListElement":[{"@type":"ListItem","position":1,"name":"Home","item":"https:\/\/www.auto-elect.nl\/"},{"@type":"ListItem","position":2,"name":"Stuurbekrachtiging","item":"https:\/\/www.auto-elect.nl\/stuurbekrachtiging\/"},{"@type":"ListItem","position":3,"name":"Stuurhuis werking"}]},{"@type":"WebSite","@id":"https:\/\/www.auto-elect.nl\/#website","url":"https:\/\/www.auto-elect.nl\/","name":"Auto Elect Zeewolde","description":"Spezialist f\u00c3\u00bcr neue und \u00c3\u00bcberholte Autotechnikprodukte","potentialAction":[{"@type":"SearchAction","target":{"@type":"EntryPoint","urlTemplate":"https:\/\/www.auto-elect.nl\/?s={search_term_string}"},"query-input":{"@type":"PropertyValueSpecification","valueRequired":true,"valueName":"search_term_string"}}],"inLanguage":"de"}]}},"_links":{"self":[{"href":"https:\/\/www.auto-elect.nl\/de\/wp-json\/wp\/v2\/pages\/322","targetHints":{"allow":["GET"]}}],"collection":[{"href":"https:\/\/www.auto-elect.nl\/de\/wp-json\/wp\/v2\/pages"}],"about":[{"href":"https:\/\/www.auto-elect.nl\/de\/wp-json\/wp\/v2\/types\/page"}],"author":[{"embeddable":true,"href":"https:\/\/www.auto-elect.nl\/de\/wp-json\/wp\/v2\/users\/4"}],"replies":[{"embeddable":true,"href":"https:\/\/www.auto-elect.nl\/de\/wp-json\/wp\/v2\/comments?post=322"}],"version-history":[{"count":6,"href":"https:\/\/www.auto-elect.nl\/de\/wp-json\/wp\/v2\/pages\/322\/revisions"}],"predecessor-version":[{"id":10029,"href":"https:\/\/www.auto-elect.nl\/de\/wp-json\/wp\/v2\/pages\/322\/revisions\/10029"}],"up":[{"embeddable":true,"href":"https:\/\/www.auto-elect.nl\/de\/wp-json\/wp\/v2\/pages\/15"}],"wp:attachment":[{"href":"https:\/\/www.auto-elect.nl\/de\/wp-json\/wp\/v2\/media?parent=322"}],"curies":[{"name":"wp","href":"https:\/\/api.w.org\/{rel}","templated":true}]}}