{"id":312,"date":"2024-11-22T11:09:12","date_gmt":"2024-11-22T10:09:12","guid":{"rendered":"https:\/\/stg-autoelect-ontwikkeling.kinsta.cloud\/?page_id=312"},"modified":"2025-01-22T15:31:00","modified_gmt":"2025-01-22T14:31:00","slug":"steuerhausrevision","status":"publish","type":"page","link":"https:\/\/www.auto-elect.nl\/de\/stuurbekrachtiging\/stuurhuis-revisie\/","title":{"rendered":"Lenkgetriebe \u00dcberholung"},"content":{"rendered":"<section class=\"has-bg header\" >\n\t    <div class=\"img-box\">\n\t\t<figure><img decoding=\"async\" src=\"https:\/\/www.auto-elect.nl\/wp-content\/uploads\/2024\/09\/header-image-alfa-desktop.jpg\" alt=\"\" \/><\/figure>    <\/div>\n        <div class=\"grid-container\">\n       <div class=\"header-inner-container is-page\">\n           <div class=\"header-inner\" data-aos=\"fade-up\">\n\t\t               <div class=\"breadcrumbs\" typeof=\"Breadcrumblist\" vocab=\"https:\/\/schema.org\">\n\t\t\t<span property=\"itemListElement\" typeof=\"ListItem\"><a property=\"item\" typeof=\"WebPage\" title=\"Gehe zu Auto Elect Zeewolde.\" href=\"https:\/\/www.auto-elect.nl\/de\" class=\"home\" aria-current=\"page\"><span property=\"name\">Auto Elect Zeewolde<\/span><\/a><meta property=\"position\" content=\"1\"><\/span>        <\/div>\n\t\t<h1>Lenkgetriebe \u00dcberholung<\/h1><p>Kosten sparen, Qualit\u00e4t erhalten<\/p>\n               <div class=\"btn-container\">\n\t\t\t                      <\/div>\n           <\/div>\n           <div class=\"employees-container\">\n               <div class=\"background\">\n                   <img decoding=\"async\" src=\"https:\/\/www.auto-elect.nl\/wp-content\/themes\/treesign\/assets\/images\/header-white-flakes.svg\" alt=\"Hintergrund Kopfzeile\">\n               <\/div>\n                      <\/div>\n       <\/div>\n    <\/div>\n<\/section>\n\n\n\n<section class=\"text-only left\" >\n        <div class=\"grid-container\">\n        <div class=\"text\">\n        \t\t\t<h2 >\u00dcberholung durch Auto Elect<\/h2><p ><p>Wenn Sie am Lenkrad drehen, \u00fcbertr\u00e4gt das Lenkgetriebe die gew\u00fcnschte Bewegung auf die R\u00e4der. Funktioniert dies nicht richtig, k\u00f6nnen Sie nicht sicher fahren. Deshalb ist das Lenkgetriebe ein Sicherheitsbauteil: Wenn es kaputt geht, muss es ersetzt oder erneuert werden. Erst danach darf das Auto wieder auf die Stra\u00dfe. Eine \u00dcberholung ist eine interessante Option: Sie sparen Kosten bei gleichbleibender Qualit\u00e4t. Besonders wenn Sie mit Auto Elect zusammenarbeiten.<\/p>\n<\/p>        <a class=\"btn\" href=\"https:\/\/www.auto-elect.nl\/de\/kontakt\/\" target=\"_self\">\n\t\t\tKontaktieren Sie uns        <\/a>\n\t\t\t            <\/div>\n    <\/div>\n<\/section>\n\n\n<section class=\"text-media white left\" >\n    <div class=\"grid-container\">\n        <div class=\"grid-x grid-margin-x grid-margin-y\">\n            <div class=\"cell  large-offset-7 large-5\">\n                <div class=\"text\" data-aos=\"fade-up\">\n\t\t\t\t\t<h2>So gehen wir vor<\/h2><p>Auto Elect ist auf Lenkgetriebe\u00fcberholung spezialisiert. Das bedeutet, dass wir defekte Teile in Lenkgetrieben reparieren und austauschen. Da wir ausschlie\u00dflich Originalmaterialien verwenden, machen wir das Lenkgetriebe wieder wie neu. Dar\u00fcber hinaus arbeiten wir effizient: Wir f\u00fchren die \u00dcberholung innerhalb von drei Werktagen durch. Wir haben auch \u00fcberholte Lenkgetriebe auf Lager. Wenn Sie Ihre Bestellung vor 13:00 Uhr aufgeben, erhalten Sie sie am n\u00e4chsten Tag. Auf alle unsere Produkte gilt eine zweij\u00e4hrige Garantie.<\/p>\n        <a class=\"btn\" href=\"https:\/\/www.auto-elect.nl\/de\/kontakt\/\" target=\"_self\">\n\t\t\tKontaktieren Sie uns        <\/a>\n\t\t                <\/div>\n            <\/div>\n        <\/div>\n    <\/div>\n    <div class=\"img-container\" data-aos=\"fade-up\" data-aos-delay=\"200\">\n\t\t<figure><img decoding=\"async\" src=\"https:\/\/www.auto-elect.nl\/wp-content\/uploads\/2024\/11\/stuurhuis-revisie.webp\" alt=\"So gehen wir vor\" loading=\"lazy\" \/><\/figure>    <\/div>\n<\/section>\n\n\n\n<section class=\"text-only left\" >\n        <div class=\"grid-container\">\n        <div class=\"text\">\n        \t\t\t<h2 >Erkennen von Defekten<\/h2><p ><div class=\"text-area\">\n<p>Wenn Sie ein Lenkgetriebe \u00fcberholen lassen m\u00f6chten, ist es wichtig, einen Defekt rechtzeitig zu erkennen. Deshalb teilen wir Ihnen die wichtigsten Symptome mit.<\/p>\n<ul>\n<li><strong>Hydraulische Lenkgetriebe<\/strong><br \/>\nDies kann Hydraulik\u00f6l sein. Das Lenksystem verliert Fl\u00fcssigkeit, sodass die Servolenkung irgendwann nicht mehr funktioniert. Das ist gef\u00e4hrlich. Au\u00dferdem kann es nach einer Weile zu Sch\u00e4den an der \u00d6lpumpe kommen, was hohe Kosten verursacht.<\/li>\n<li><strong>Elektrische Lenkgetriebe<\/strong><br \/>\nAchten Sie darauf, wenn die Servolenkung gelegentlich ausf\u00e4llt oder nicht startet. Brennt auch eine Warnleuchte auf dem Armaturenbrett, dann wissen Sie sicher, dass etwas mit dem Lenkgetriebe nicht stimmt. Ergreifen Sie so schnell wie m\u00f6glich Ma\u00dfnahmen, um den Schaden zu begrenzen.<\/li>\n<\/ul>\n<\/div>\n<\/p>\t            <\/div>\n    <\/div>\n<\/section>\n\n\n\n<section class=\"text-only left\" >\n        <div class=\"grid-container\">\n        <div class=\"text\">\n        \t\t\t<h2 >Mehr erfahren?<\/h2><p ><div class=\"text-area\">M\u00f6chten Sie mehr \u00fcber die \u00dcberarbeitung des Lenkgetriebes erfahren? Bei Auto Elect sind wir Entwickler, aber vor allem Liebhaber von autotechnischen Produkten. Mit unserem Wissen \u00fcber sowohl klassische als auch moderne Autos informieren wir Sie gerne.<\/div>\n<\/p>        <a class=\"btn\" href=\"https:\/\/www.auto-elect.nl\/de\/kontakt\/\" target=\"_self\">\n\t\t\tKontaktieren Sie uns        <\/a>\n\t\t\t            <\/div>\n    <\/div>\n<\/section>\n\n\n<section class=\"cta\" >\n    <div class=\"img-box\">\n\t\t<figure><img decoding=\"async\" src=\"https:\/\/www.auto-elect.nl\/wp-content\/uploads\/2024\/10\/samen-lossen-we-elke-storing-op.webp\" alt=\"Gemeinsam l\u00f6sen wir jedes Problem\" loading=\"lazy\" \/><\/figure>    <\/div>\n\n    <div class=\"grid-container\">\n        <div class=\"cta-inner\">\n\t        <h2>Gemeinsam l\u00f6sen wir jedes Problem<\/h2><p>Egal ob es sich um ein altes oder neues Auto handelt, gemeinsam l\u00f6sen wir jedes Problem. Mit unseren Produkten arbeiten Sie effizient und auf h\u00f6chstem Niveau. Wir k\u00f6nnen ab Lager liefern oder Ihr Produkt \u00fcberarbeiten. M\u00f6chten Sie mehr erfahren? Suchen Sie in unserem Online-Shop nach dem Produkt, das Sie ben\u00f6tigen, oder nehmen Sie direkt Kontakt auf. Wir schauen gerne, wie wir Ihnen helfen k\u00f6nnen, damit Ihr Kunde schnell wieder auf der Stra\u00dfe ist.<\/p>\n        <a class=\"btn outline\" href=\"https:\/\/www.auto-elect.nl\/de\/kontakt\/\" target=\"_self\">\n\t\t\tKontaktieren Sie uns        <\/a>\n\t\t        <\/div>\n    <\/div>\n<\/section>\n\n\n<section class=\"logos\" >\n    <div class=\"grid-container\">\n\t\t            <div class=\"logo-container\">\n\t\t\t\t                        <article class=\"logo-card\">\n\t\t\t\t\t\t\t\t<figure><img decoding=\"async\" src=\"https:\/\/www.auto-elect.nl\/wp-content\/uploads\/2024\/10\/logo-tec-doc-bw.png\" alt=\"\" loading=\"lazy\" \/><\/figure>\t\t\t\t\t\t\t                        <\/article>\n\t\t\t\t                        <article class=\"logo-card\">\n\t\t\t\t\t\t\t\t<figure><img decoding=\"async\" src=\"https:\/\/www.auto-elect.nl\/wp-content\/uploads\/2024\/10\/logo-edro-zw.png\" alt=\"\" loading=\"lazy\" \/><\/figure>\t\t\t\t\t\t\t                        <\/article>\n\t\t\t\t                        <article class=\"logo-card\">\n\t\t\t\t\t\t\t\t<figure><img decoding=\"async\" src=\"https:\/\/www.auto-elect.nl\/wp-content\/uploads\/2024\/10\/logo-gaured-zw.png\" alt=\"\" loading=\"lazy\" \/><\/figure>\t\t\t\t\t\t\t                        <\/article>\n\t\t\t\t                        <article class=\"logo-card\">\n\t\t\t\t\t\t\t\t<figure><img decoding=\"async\" src=\"https:\/\/www.auto-elect.nl\/wp-content\/uploads\/2024\/10\/logo-pim-automotive-zw.png\" alt=\"\" loading=\"lazy\" \/><\/figure>\t\t\t\t\t\t\t                        <\/article>\n\t\t\t\t                        <article class=\"logo-card\">\n\t\t\t\t\t\t\t\t<figure><img decoding=\"async\" src=\"https:\/\/www.auto-elect.nl\/wp-content\/uploads\/2024\/10\/logo-auto-elect-vintage-zw.png\" alt=\"\" loading=\"lazy\" \/><\/figure>\t\t\t\t\t\t\t                        <\/article>\n\t\t\t\t            <\/div>\n\t\t    <\/div>\n<\/section>","protected":false},"excerpt":{"rendered":"","protected":false},"author":4,"featured_media":0,"parent":15,"menu_order":0,"comment_status":"closed","ping_status":"closed","template":"","meta":{"_acf_changed":false,"footnotes":""},"class_list":["post-312","page","type-page","status-publish","hentry"],"acf":[],"yoast_head":"<!-- This site is optimized with the Yoast SEO plugin v27.4 - https:\/\/yoast.com\/product\/yoast-seo-wordpress\/ -->\n<title>Stuurhuis Revisie - Auto-Elect |- Auto Elect Zeewolde<\/title>\n<meta name=\"description\" content=\"Laat je stuurhuis professioneel reviseren bij Auto-Elect. Verbeter de stuurprestaties en verleng de levensduur van je voertuig.\" \/>\n<meta name=\"robots\" content=\"index, follow, max-snippet:-1, max-image-preview:large, max-video-preview:-1\" \/>\n<link rel=\"canonical\" href=\"https:\/\/www.auto-elect.nl\/de\/servolenkung\/steuerhausrevision\/\" \/>\n<meta property=\"og:locale\" content=\"de_DE\" \/>\n<meta property=\"og:type\" content=\"article\" \/>\n<meta property=\"og:title\" content=\"Stuurhuis Revisie - Auto-Elect |- Auto Elect Zeewolde\" \/>\n<meta property=\"og:description\" content=\"Laat je stuurhuis professioneel reviseren bij Auto-Elect. Verbeter de stuurprestaties en verleng de levensduur van je voertuig.\" \/>\n<meta property=\"og:url\" content=\"https:\/\/www.auto-elect.nl\/de\/servolenkung\/steuerhausrevision\/\" \/>\n<meta property=\"og:site_name\" content=\"Auto Elect Zeewolde\" \/>\n<meta property=\"article:modified_time\" content=\"2025-01-22T14:31:00+00:00\" \/>\n<meta name=\"twitter:card\" content=\"summary_large_image\" \/>\n<script type=\"application\/ld+json\" class=\"yoast-schema-graph\">{\"@context\":\"https:\\\/\\\/schema.org\",\"@graph\":[{\"@type\":\"WebPage\",\"@id\":\"https:\\\/\\\/www.auto-elect.nl\\\/stuurbekrachtiging\\\/stuurhuis-revisie\\\/\",\"url\":\"https:\\\/\\\/www.auto-elect.nl\\\/stuurbekrachtiging\\\/stuurhuis-revisie\\\/\",\"name\":\"Stuurhuis Revisie - Auto-Elect |- Auto Elect Zeewolde\",\"isPartOf\":{\"@id\":\"https:\\\/\\\/www.auto-elect.nl\\\/#website\"},\"datePublished\":\"2024-11-22T10:09:12+00:00\",\"dateModified\":\"2025-01-22T14:31:00+00:00\",\"description\":\"Laat je stuurhuis professioneel reviseren bij Auto-Elect. Verbeter de stuurprestaties en verleng de levensduur van je voertuig.\",\"breadcrumb\":{\"@id\":\"https:\\\/\\\/www.auto-elect.nl\\\/stuurbekrachtiging\\\/stuurhuis-revisie\\\/#breadcrumb\"},\"inLanguage\":\"de\",\"potentialAction\":[{\"@type\":\"ReadAction\",\"target\":[\"https:\\\/\\\/www.auto-elect.nl\\\/stuurbekrachtiging\\\/stuurhuis-revisie\\\/\"]}]},{\"@type\":\"BreadcrumbList\",\"@id\":\"https:\\\/\\\/www.auto-elect.nl\\\/stuurbekrachtiging\\\/stuurhuis-revisie\\\/#breadcrumb\",\"itemListElement\":[{\"@type\":\"ListItem\",\"position\":1,\"name\":\"Home\",\"item\":\"https:\\\/\\\/www.auto-elect.nl\\\/\"},{\"@type\":\"ListItem\",\"position\":2,\"name\":\"Stuurbekrachtiging\",\"item\":\"https:\\\/\\\/www.auto-elect.nl\\\/stuurbekrachtiging\\\/\"},{\"@type\":\"ListItem\",\"position\":3,\"name\":\"Stuurhuis revisie\"}]},{\"@type\":\"WebSite\",\"@id\":\"https:\\\/\\\/www.auto-elect.nl\\\/#website\",\"url\":\"https:\\\/\\\/www.auto-elect.nl\\\/\",\"name\":\"Auto Elect Zeewolde\",\"description\":\"Specialist in nieuwe en gereviseerde autotechnische producten\",\"potentialAction\":[{\"@type\":\"SearchAction\",\"target\":{\"@type\":\"EntryPoint\",\"urlTemplate\":\"https:\\\/\\\/www.auto-elect.nl\\\/?s={search_term_string}\"},\"query-input\":{\"@type\":\"PropertyValueSpecification\",\"valueRequired\":true,\"valueName\":\"search_term_string\"}}],\"inLanguage\":\"de\"}]}<\/script>\n<!-- \/ Yoast SEO plugin. -->","yoast_head_json":{"title":"\u00dcberholung des Lenkungsgeh\u00e4uses - Auto-Elect |- Auto Elect Zeewolde","description":"Lassen Sie Ihr Lenkgetriebe bei Auto-Elect professionell \u00fcberholen. Verbessern Sie die Lenkleistung und verl\u00e4ngern Sie die Lebensdauer Ihres Fahrzeugs.","robots":{"index":"index","follow":"follow","max-snippet":"max-snippet:-1","max-image-preview":"max-image-preview:large","max-video-preview":"max-video-preview:-1"},"canonical":"https:\/\/www.auto-elect.nl\/de\/servolenkung\/steuerhausrevision\/","og_locale":"de_DE","og_type":"article","og_title":"Stuurhuis Revisie - Auto-Elect |- Auto Elect Zeewolde","og_description":"Laat je stuurhuis professioneel reviseren bij Auto-Elect. Verbeter de stuurprestaties en verleng de levensduur van je voertuig.","og_url":"https:\/\/www.auto-elect.nl\/de\/servolenkung\/steuerhausrevision\/","og_site_name":"Auto Elect Zeewolde","article_modified_time":"2025-01-22T14:31:00+00:00","twitter_card":"summary_large_image","schema":{"@context":"https:\/\/schema.org","@graph":[{"@type":"WebPage","@id":"https:\/\/www.auto-elect.nl\/stuurbekrachtiging\/stuurhuis-revisie\/","url":"https:\/\/www.auto-elect.nl\/stuurbekrachtiging\/stuurhuis-revisie\/","name":"\u00dcberholung des Lenkungsgeh\u00e4uses - Auto-Elect |- Auto Elect Zeewolde","isPartOf":{"@id":"https:\/\/www.auto-elect.nl\/#website"},"datePublished":"2024-11-22T10:09:12+00:00","dateModified":"2025-01-22T14:31:00+00:00","description":"Lassen Sie Ihr Lenkgetriebe bei Auto-Elect professionell \u00fcberholen. Verbessern Sie die Lenkleistung und verl\u00e4ngern Sie die Lebensdauer Ihres Fahrzeugs.","breadcrumb":{"@id":"https:\/\/www.auto-elect.nl\/stuurbekrachtiging\/stuurhuis-revisie\/#breadcrumb"},"inLanguage":"de","potentialAction":[{"@type":"ReadAction","target":["https:\/\/www.auto-elect.nl\/stuurbekrachtiging\/stuurhuis-revisie\/"]}]},{"@type":"BreadcrumbList","@id":"https:\/\/www.auto-elect.nl\/stuurbekrachtiging\/stuurhuis-revisie\/#breadcrumb","itemListElement":[{"@type":"ListItem","position":1,"name":"Home","item":"https:\/\/www.auto-elect.nl\/"},{"@type":"ListItem","position":2,"name":"Stuurbekrachtiging","item":"https:\/\/www.auto-elect.nl\/stuurbekrachtiging\/"},{"@type":"ListItem","position":3,"name":"Stuurhuis revisie"}]},{"@type":"WebSite","@id":"https:\/\/www.auto-elect.nl\/#website","url":"https:\/\/www.auto-elect.nl\/","name":"Auto Elect Zeewolde","description":"Spezialist f\u00c3\u00bcr neue und \u00c3\u00bcberholte Autotechnikprodukte","potentialAction":[{"@type":"SearchAction","target":{"@type":"EntryPoint","urlTemplate":"https:\/\/www.auto-elect.nl\/?s={search_term_string}"},"query-input":{"@type":"PropertyValueSpecification","valueRequired":true,"valueName":"search_term_string"}}],"inLanguage":"de"}]}},"_links":{"self":[{"href":"https:\/\/www.auto-elect.nl\/de\/wp-json\/wp\/v2\/pages\/312","targetHints":{"allow":["GET"]}}],"collection":[{"href":"https:\/\/www.auto-elect.nl\/de\/wp-json\/wp\/v2\/pages"}],"about":[{"href":"https:\/\/www.auto-elect.nl\/de\/wp-json\/wp\/v2\/types\/page"}],"author":[{"embeddable":true,"href":"https:\/\/www.auto-elect.nl\/de\/wp-json\/wp\/v2\/users\/4"}],"replies":[{"embeddable":true,"href":"https:\/\/www.auto-elect.nl\/de\/wp-json\/wp\/v2\/comments?post=312"}],"version-history":[{"count":6,"href":"https:\/\/www.auto-elect.nl\/de\/wp-json\/wp\/v2\/pages\/312\/revisions"}],"predecessor-version":[{"id":10028,"href":"https:\/\/www.auto-elect.nl\/de\/wp-json\/wp\/v2\/pages\/312\/revisions\/10028"}],"up":[{"embeddable":true,"href":"https:\/\/www.auto-elect.nl\/de\/wp-json\/wp\/v2\/pages\/15"}],"wp:attachment":[{"href":"https:\/\/www.auto-elect.nl\/de\/wp-json\/wp\/v2\/media?parent=312"}],"curies":[{"name":"wp","href":"https:\/\/api.w.org\/{rel}","templated":true}]}}