{"id":291,"date":"2024-11-22T10:40:48","date_gmt":"2024-11-22T09:40:48","guid":{"rendered":"https:\/\/stg-autoelect-ontwikkeling.kinsta.cloud\/?page_id=291"},"modified":"2025-01-22T15:30:52","modified_gmt":"2025-01-22T14:30:52","slug":"neu","status":"publish","type":"page","link":"https:\/\/www.auto-elect.nl\/de\/stuurbekrachtiging\/nieuw\/","title":{"rendered":"Neu"},"content":{"rendered":"<section class=\"has-bg header\" >\n\t    <div class=\"img-box\">\n\t\t<figure><img decoding=\"async\" src=\"https:\/\/www.auto-elect.nl\/wp-content\/uploads\/2024\/09\/header-image-alfa-desktop.jpg\" alt=\"\" \/><\/figure>    <\/div>\n        <div class=\"grid-container\">\n       <div class=\"header-inner-container is-page\">\n           <div class=\"header-inner\" data-aos=\"fade-up\">\n\t\t               <div class=\"breadcrumbs\" typeof=\"Breadcrumblist\" vocab=\"https:\/\/schema.org\">\n\t\t\t<span property=\"itemListElement\" typeof=\"ListItem\"><a property=\"item\" typeof=\"WebPage\" title=\"Gehe zu Auto Elect Zeewolde.\" href=\"https:\/\/www.auto-elect.nl\/de\" class=\"home\" aria-current=\"page\"><span property=\"name\">Auto Elect Zeewolde<\/span><\/a><meta property=\"position\" content=\"1\"><\/span>        <\/div>\n\t\t<h1>Neu<\/h1><p>Von hoher Qualit\u00e4t<\/p>\n               <div class=\"btn-container\">\n\t\t\t                      <\/div>\n           <\/div>\n           <div class=\"employees-container\">\n               <div class=\"background\">\n                   <img decoding=\"async\" src=\"https:\/\/www.auto-elect.nl\/wp-content\/themes\/treesign\/assets\/images\/header-white-flakes.svg\" alt=\"Hintergrund Kopfzeile\">\n               <\/div>\n                      <\/div>\n       <\/div>\n    <\/div>\n<\/section>\n\n\n\n<section class=\"text-only left\" >\n        <div class=\"grid-container\">\n        <div class=\"text\">\n        \t\t\t<h2 >Umfassendes Sortiment<\/h2><p ><p>Bei Auto Elect versuchen wir immer, Produkte zuerst zu \u00fcberarbeiten. Wenn das nicht m\u00f6glich ist, bieten wir neue Produkte an. Wir verf\u00fcgen \u00fcber ein umfangreiches Sortiment f\u00fcr den Automobilsektor. Da uns eine gute Qualit\u00e4t wichtig ist, arbeiten wir mit sorgf\u00e4ltig ausgew\u00e4hlten Herstellern zusammen. Obwohl sie auf hohem Niveau arbeiten, entscheiden wir uns daf\u00fcr, alle unsere Produkte vor der Lieferung an Sie zus\u00e4tzlich zu \u00fcberpr\u00fcfen. Daf\u00fcr entwickelt unsere Forschungs- und Entwicklungsabteilung fortschrittliche Testger\u00e4te. So k\u00f6nnen Sie sich auf optimale Leistung in der Praxis verlassen.<\/p>\n<\/p>\t            <\/div>\n    <\/div>\n<\/section>\n\n\n\n<section class=\"text-only left\" >\n        <div class=\"grid-container\">\n        <div class=\"text\">\n        \t\t\t<h2 >Wissen ist der Schl\u00fcssel<\/h2><p ><p>Unsere Produkte sind in Bezug auf Qualit\u00e4t vergleichbar oder sogar besser als OEM-Produkte. Da wir den Markt kontinuierlich \u00fcberwachen, wissen wir, was ben\u00f6tigt wird. Basierend darauf entwickeln wir Produkte nach dem Konzept der 'Reverse Engineering'. Qualit\u00e4t ist unser Ausgangspunkt. Wir vertiefen uns in jedes Detail und scheuen uns nicht vor Anpassungen an bestehenden Produkten.<\/p>\n<\/p>        <a class=\"btn\" href=\"https:\/\/www.auto-elect.nl\/de\/kontakt\/\" target=\"_self\">\n\t\t\tKontaktieren Sie uns        <\/a>\n\t\t\t            <\/div>\n    <\/div>\n<\/section>\n\n\n<section class=\"text-media white left\" >\n    <div class=\"grid-container\">\n        <div class=\"grid-x grid-margin-x grid-margin-y\">\n            <div class=\"cell  large-offset-7 large-5\">\n                <div class=\"text\" data-aos=\"fade-up\">\n\t\t\t\t\t<h2>Garantie<\/h2><p>Es ist besser, ein Produkt zweimal zu testen und sicherzustellen, dass es perfekt funktioniert, als darauf zu warten, ob das Produkt seine Arbeit erledigt. Das ist unsere Vision. Durch die zus\u00e4tzliche \u00dcberpr\u00fcfung aller unserer Produkte vor der Lieferung vermeiden wir Probleme. Auf diese Weise helfen wir Ihnen, Fehlerkosten, Verz\u00f6gerungen und Kundenverluste zu vermeiden. Wenn ein Produkt dennoch nicht funktioniert, stehen unsere engagierten Techniker sofort zur Verf\u00fcgung.<\/p>\n        <a class=\"btn\" href=\"https:\/\/www.auto-elect.nl\/de\/kontakt\/\" target=\"_self\">\n\t\t\tKontaktieren Sie uns        <\/a>\n\t\t                <\/div>\n            <\/div>\n        <\/div>\n    <\/div>\n    <div class=\"img-container\" data-aos=\"fade-up\" data-aos-delay=\"200\">\n\t\t<figure><img decoding=\"async\" src=\"https:\/\/www.auto-elect.nl\/wp-content\/uploads\/2024\/11\/nieuwe-stuurbekrachtiging.webp\" alt=\"Garantie\" loading=\"lazy\" \/><\/figure>    <\/div>\n<\/section>\n\n\n\n<section class=\"text-only left\" >\n        <div class=\"grid-container\">\n        <div class=\"text\">\n        \t\t\t<h2 >M\u00f6chten Sie mehr \u00fcber unsere neuen Produkte erfahren?<\/h2><p ><p>M\u00f6chten Sie mehr \u00fcber unsere neuen Produkte erfahren? Bei Auto Elect sind wir Entwickler, aber vor allem Liebhaber von autotechnischen Produkten. Mit unserem Wissen \u00fcber sowohl klassische als auch moderne Autos informieren wir Sie gerne.<\/p>\n<\/p>        <a class=\"btn\" href=\"https:\/\/www.auto-elect.nl\/autoboek.html\" target=\"_self\">\n\t\t\tSehen Sie sich unseren Bestand an        <\/a>\n\t\t\t            <\/div>\n    <\/div>\n<\/section>\n\n\n<section class=\"cta\" >\n    <div class=\"img-box\">\n\t\t<figure><img decoding=\"async\" src=\"https:\/\/www.auto-elect.nl\/wp-content\/uploads\/2024\/10\/samen-lossen-we-elke-storing-op.webp\" alt=\"Gemeinsam l\u00f6sen wir jedes Problem\" loading=\"lazy\" \/><\/figure>    <\/div>\n\n    <div class=\"grid-container\">\n        <div class=\"cta-inner\">\n\t        <h2>Gemeinsam l\u00f6sen wir jedes Problem<\/h2><p>Egal ob es sich um ein altes oder neues Auto handelt, gemeinsam l\u00f6sen wir jedes Problem. Mit unseren Produkten arbeiten Sie effizient und auf h\u00f6chstem Niveau. Wir k\u00f6nnen ab Lager liefern oder Ihr Produkt \u00fcberarbeiten. M\u00f6chten Sie mehr erfahren? Suchen Sie in unserem Online-Shop nach dem Produkt, das Sie ben\u00f6tigen, oder nehmen Sie direkt Kontakt auf. Wir schauen gerne, wie wir Ihnen helfen k\u00f6nnen, damit Ihr Kunde schnell wieder auf der Stra\u00dfe ist.<\/p>\n        <a class=\"btn outline\" href=\"https:\/\/www.auto-elect.nl\/de\/kontakt\/\" target=\"_self\">\n\t\t\tKontaktieren Sie uns        <\/a>\n\t\t        <\/div>\n    <\/div>\n<\/section>\n\n\n<section class=\"logos\" >\n    <div class=\"grid-container\">\n\t\t            <div class=\"logo-container\">\n\t\t\t\t                        <article class=\"logo-card\">\n\t\t\t\t\t\t\t\t<figure><img decoding=\"async\" src=\"https:\/\/www.auto-elect.nl\/wp-content\/uploads\/2024\/10\/logo-tec-doc-bw.png\" alt=\"\" loading=\"lazy\" \/><\/figure>\t\t\t\t\t\t\t                        <\/article>\n\t\t\t\t                        <article class=\"logo-card\">\n\t\t\t\t\t\t\t\t<figure><img decoding=\"async\" src=\"https:\/\/www.auto-elect.nl\/wp-content\/uploads\/2024\/10\/logo-edro-zw.png\" alt=\"\" loading=\"lazy\" \/><\/figure>\t\t\t\t\t\t\t                        <\/article>\n\t\t\t\t                        <article class=\"logo-card\">\n\t\t\t\t\t\t\t\t<figure><img decoding=\"async\" src=\"https:\/\/www.auto-elect.nl\/wp-content\/uploads\/2024\/10\/logo-gaured-zw.png\" alt=\"\" loading=\"lazy\" \/><\/figure>\t\t\t\t\t\t\t                        <\/article>\n\t\t\t\t                        <article class=\"logo-card\">\n\t\t\t\t\t\t\t\t<figure><img decoding=\"async\" src=\"https:\/\/www.auto-elect.nl\/wp-content\/uploads\/2024\/10\/logo-pim-automotive-zw.png\" alt=\"\" loading=\"lazy\" \/><\/figure>\t\t\t\t\t\t\t                        <\/article>\n\t\t\t\t                        <article class=\"logo-card\">\n\t\t\t\t\t\t\t\t<figure><img decoding=\"async\" src=\"https:\/\/www.auto-elect.nl\/wp-content\/uploads\/2024\/10\/logo-auto-elect-vintage-zw.png\" alt=\"\" loading=\"lazy\" \/><\/figure>\t\t\t\t\t\t\t                        <\/article>\n\t\t\t\t            <\/div>\n\t\t    <\/div>\n<\/section>","protected":false},"excerpt":{"rendered":"","protected":false},"author":4,"featured_media":0,"parent":15,"menu_order":0,"comment_status":"closed","ping_status":"closed","template":"","meta":{"_acf_changed":false,"footnotes":""},"class_list":["post-291","page","type-page","status-publish","hentry"],"acf":[],"yoast_head":"<!-- This site is optimized with the Yoast SEO plugin v27.4 - https:\/\/yoast.com\/product\/yoast-seo-wordpress\/ -->\n<title>New Steering Assistance - Auto-Elect |- Auto Elect Zeewolde<\/title>\n<meta name=\"description\" content=\"Discover new steering assistance systems at Auto-Elect. High-quality parts for optimal steering performance and reliability in your vehicle.\" \/>\n<meta name=\"robots\" content=\"index, follow, max-snippet:-1, max-image-preview:large, max-video-preview:-1\" \/>\n<link rel=\"canonical\" href=\"https:\/\/www.auto-elect.nl\/de\/servolenkung\/neu\/\" \/>\n<meta property=\"og:locale\" content=\"de_DE\" \/>\n<meta property=\"og:type\" content=\"article\" \/>\n<meta property=\"og:title\" content=\"New Steering Assistance - Auto-Elect |- Auto Elect Zeewolde\" \/>\n<meta property=\"og:description\" content=\"Discover new steering assistance systems at Auto-Elect. High-quality parts for optimal steering performance and reliability in your vehicle.\" \/>\n<meta property=\"og:url\" content=\"https:\/\/www.auto-elect.nl\/de\/servolenkung\/neu\/\" \/>\n<meta property=\"og:site_name\" content=\"Auto Elect Zeewolde\" \/>\n<meta property=\"article:modified_time\" content=\"2025-01-22T14:30:52+00:00\" \/>\n<meta name=\"twitter:card\" content=\"summary_large_image\" \/>\n<script type=\"application\/ld+json\" class=\"yoast-schema-graph\">{\"@context\":\"https:\\\/\\\/schema.org\",\"@graph\":[{\"@type\":\"WebPage\",\"@id\":\"https:\\\/\\\/www.auto-elect.nl\\\/stuurbekrachtiging\\\/nieuw\\\/\",\"url\":\"https:\\\/\\\/www.auto-elect.nl\\\/stuurbekrachtiging\\\/nieuw\\\/\",\"name\":\"New Steering Assistance - Auto-Elect |- Auto Elect Zeewolde\",\"isPartOf\":{\"@id\":\"https:\\\/\\\/www.auto-elect.nl\\\/#website\"},\"datePublished\":\"2024-11-22T09:40:48+00:00\",\"dateModified\":\"2025-01-22T14:30:52+00:00\",\"description\":\"Discover new steering assistance systems at Auto-Elect. High-quality parts for optimal steering performance and reliability in your vehicle.\",\"breadcrumb\":{\"@id\":\"https:\\\/\\\/www.auto-elect.nl\\\/stuurbekrachtiging\\\/nieuw\\\/#breadcrumb\"},\"inLanguage\":\"de\",\"potentialAction\":[{\"@type\":\"ReadAction\",\"target\":[\"https:\\\/\\\/www.auto-elect.nl\\\/stuurbekrachtiging\\\/nieuw\\\/\"]}]},{\"@type\":\"BreadcrumbList\",\"@id\":\"https:\\\/\\\/www.auto-elect.nl\\\/stuurbekrachtiging\\\/nieuw\\\/#breadcrumb\",\"itemListElement\":[{\"@type\":\"ListItem\",\"position\":1,\"name\":\"Home\",\"item\":\"https:\\\/\\\/www.auto-elect.nl\\\/\"},{\"@type\":\"ListItem\",\"position\":2,\"name\":\"Stuurbekrachtiging\",\"item\":\"https:\\\/\\\/www.auto-elect.nl\\\/stuurbekrachtiging\\\/\"},{\"@type\":\"ListItem\",\"position\":3,\"name\":\"Nieuw\"}]},{\"@type\":\"WebSite\",\"@id\":\"https:\\\/\\\/www.auto-elect.nl\\\/#website\",\"url\":\"https:\\\/\\\/www.auto-elect.nl\\\/\",\"name\":\"Auto Elect Zeewolde\",\"description\":\"Specialist in nieuwe en gereviseerde autotechnische producten\",\"potentialAction\":[{\"@type\":\"SearchAction\",\"target\":{\"@type\":\"EntryPoint\",\"urlTemplate\":\"https:\\\/\\\/www.auto-elect.nl\\\/?s={search_term_string}\"},\"query-input\":{\"@type\":\"PropertyValueSpecification\",\"valueRequired\":true,\"valueName\":\"search_term_string\"}}],\"inLanguage\":\"de\"}]}<\/script>\n<!-- \/ Yoast SEO plugin. -->","yoast_head_json":{"title":"Neue Lenkhilfe - Auto-Elect |- Auto Elect Zeewolde","description":"Entdecken Sie neue Lenkunterst\u00fctzungssysteme bei Auto-Elect. Hochwertige Teile f\u00fcr optimale Lenkleistung und Zuverl\u00e4ssigkeit in Ihrem Fahrzeug.","robots":{"index":"index","follow":"follow","max-snippet":"max-snippet:-1","max-image-preview":"max-image-preview:large","max-video-preview":"max-video-preview:-1"},"canonical":"https:\/\/www.auto-elect.nl\/de\/servolenkung\/neu\/","og_locale":"de_DE","og_type":"article","og_title":"New Steering Assistance - Auto-Elect |- Auto Elect Zeewolde","og_description":"Discover new steering assistance systems at Auto-Elect. High-quality parts for optimal steering performance and reliability in your vehicle.","og_url":"https:\/\/www.auto-elect.nl\/de\/servolenkung\/neu\/","og_site_name":"Auto Elect Zeewolde","article_modified_time":"2025-01-22T14:30:52+00:00","twitter_card":"summary_large_image","schema":{"@context":"https:\/\/schema.org","@graph":[{"@type":"WebPage","@id":"https:\/\/www.auto-elect.nl\/stuurbekrachtiging\/nieuw\/","url":"https:\/\/www.auto-elect.nl\/stuurbekrachtiging\/nieuw\/","name":"Neue Lenkhilfe - Auto-Elect |- Auto Elect Zeewolde","isPartOf":{"@id":"https:\/\/www.auto-elect.nl\/#website"},"datePublished":"2024-11-22T09:40:48+00:00","dateModified":"2025-01-22T14:30:52+00:00","description":"Entdecken Sie neue Lenkunterst\u00fctzungssysteme bei Auto-Elect. Hochwertige Teile f\u00fcr optimale Lenkleistung und Zuverl\u00e4ssigkeit in Ihrem Fahrzeug.","breadcrumb":{"@id":"https:\/\/www.auto-elect.nl\/stuurbekrachtiging\/nieuw\/#breadcrumb"},"inLanguage":"de","potentialAction":[{"@type":"ReadAction","target":["https:\/\/www.auto-elect.nl\/stuurbekrachtiging\/nieuw\/"]}]},{"@type":"BreadcrumbList","@id":"https:\/\/www.auto-elect.nl\/stuurbekrachtiging\/nieuw\/#breadcrumb","itemListElement":[{"@type":"ListItem","position":1,"name":"Home","item":"https:\/\/www.auto-elect.nl\/"},{"@type":"ListItem","position":2,"name":"Stuurbekrachtiging","item":"https:\/\/www.auto-elect.nl\/stuurbekrachtiging\/"},{"@type":"ListItem","position":3,"name":"Nieuw"}]},{"@type":"WebSite","@id":"https:\/\/www.auto-elect.nl\/#website","url":"https:\/\/www.auto-elect.nl\/","name":"Auto Elect Zeewolde","description":"Spezialist f\u00c3\u00bcr neue und \u00c3\u00bcberholte Autotechnikprodukte","potentialAction":[{"@type":"SearchAction","target":{"@type":"EntryPoint","urlTemplate":"https:\/\/www.auto-elect.nl\/?s={search_term_string}"},"query-input":{"@type":"PropertyValueSpecification","valueRequired":true,"valueName":"search_term_string"}}],"inLanguage":"de"}]}},"_links":{"self":[{"href":"https:\/\/www.auto-elect.nl\/de\/wp-json\/wp\/v2\/pages\/291","targetHints":{"allow":["GET"]}}],"collection":[{"href":"https:\/\/www.auto-elect.nl\/de\/wp-json\/wp\/v2\/pages"}],"about":[{"href":"https:\/\/www.auto-elect.nl\/de\/wp-json\/wp\/v2\/types\/page"}],"author":[{"embeddable":true,"href":"https:\/\/www.auto-elect.nl\/de\/wp-json\/wp\/v2\/users\/4"}],"replies":[{"embeddable":true,"href":"https:\/\/www.auto-elect.nl\/de\/wp-json\/wp\/v2\/comments?post=291"}],"version-history":[{"count":14,"href":"https:\/\/www.auto-elect.nl\/de\/wp-json\/wp\/v2\/pages\/291\/revisions"}],"predecessor-version":[{"id":10027,"href":"https:\/\/www.auto-elect.nl\/de\/wp-json\/wp\/v2\/pages\/291\/revisions\/10027"}],"up":[{"embeddable":true,"href":"https:\/\/www.auto-elect.nl\/de\/wp-json\/wp\/v2\/pages\/15"}],"wp:attachment":[{"href":"https:\/\/www.auto-elect.nl\/de\/wp-json\/wp\/v2\/media?parent=291"}],"curies":[{"name":"wp","href":"https:\/\/api.w.org\/{rel}","templated":true}]}}