{"id":19,"date":"2024-09-30T12:10:32","date_gmt":"2024-09-30T12:10:32","guid":{"rendered":"http:\/\/auto-elect.test\/?page_id=19"},"modified":"2025-02-19T11:11:39","modified_gmt":"2025-02-19T10:11:39","slug":"uber-uns","status":"publish","type":"page","link":"https:\/\/www.auto-elect.nl\/de\/over-ons\/","title":{"rendered":"\u00dcber uns"},"content":{"rendered":"<section class=\"has-bg header\" >\n\t    <div class=\"img-box\">\n\t\t<figure><img decoding=\"async\" src=\"https:\/\/www.auto-elect.nl\/wp-content\/uploads\/2024\/09\/header-image-alfa-desktop.jpg\" alt=\"\u00dcber Auto Elect\" \/><\/figure>    <\/div>\n        <div class=\"grid-container\">\n       <div class=\"header-inner-container is-page\">\n           <div class=\"header-inner\" data-aos=\"fade-up\">\n\t\t               <div class=\"breadcrumbs\" typeof=\"Breadcrumblist\" vocab=\"https:\/\/schema.org\">\n\t\t\t<span property=\"itemListElement\" typeof=\"ListItem\"><a property=\"item\" typeof=\"WebPage\" title=\"Gehe zu Auto Elect Zeewolde.\" href=\"https:\/\/www.auto-elect.nl\/de\" class=\"home\" aria-current=\"page\"><span property=\"name\">Auto Elect Zeewolde<\/span><\/a><meta property=\"position\" content=\"1\"><\/span>        <\/div>\n\t\t<h1>\u00dcber Auto Elect<\/h1><p>Entwickler und Enthusiast<\/p>\n               <div class=\"btn-container\">\n\t\t\t                      <\/div>\n           <\/div>\n           <div class=\"employees-container\">\n               <div class=\"background\">\n                   <img decoding=\"async\" src=\"https:\/\/www.auto-elect.nl\/wp-content\/themes\/treesign\/assets\/images\/header-white-flakes.svg\" alt=\"Hintergrund Kopfzeile\">\n               <\/div>\n                      <\/div>\n       <\/div>\n    <\/div>\n<\/section>\n\n\n\n<section class=\"text-only left\" >\n        <div class=\"grid-container\">\n        <div class=\"text\">\n        \t\t\t<h2 >\u00dcber uns<\/h2><p ><p>Auto Elect entwickelt und \u00fcberarbeitet Produkte f\u00fcr den Automobilsektor. Im Jahr 1988 begann Edwin Roozing mit der \u00dcberarbeitung von Anlassern und Lichtmaschinen. Bald spezialisierte er sich auf Servolenkungssysteme. Damit legte er den Grundstein f\u00fcr das Familienunternehmen, das heute besteht. Mit unserem Team bieten wir eine Vielzahl von neuen und aufbereiteten Produkten an. Sowohl ab Lager als auch ma\u00dfgeschneidert.<\/p>\n<\/p>        <a class=\"btn\" href=\"\/autobuch.html\" target=\"_self\">\n\t\t\tSehen Sie sich unsere Produkte an        <\/a>\n\t\t\t            <\/div>\n    <\/div>\n<\/section>\n\n\n<section class=\"text-media white right\" >\n    <div class=\"grid-container\">\n        <div class=\"grid-x grid-margin-x grid-margin-y\">\n            <div class=\"cell  large-5\">\n                <div class=\"text\" data-aos=\"fade-up\">\n\t\t\t\t\t<h2>Team von begeisterten Technikern<\/h2><p>Das Team von Auto Elect besteht aus begeisterten Technikern. Von Zeewolde aus arbeiten wir f\u00fcr Auftraggeber im In- und Ausland. Unsere langj\u00e4hrige Erfahrung und Leidenschaft f\u00fcr das Fachgebiet kommen in unserer eigenen F&amp;E-Abteilung; zusammen. Egal ob es sich um einen Oldtimer aus dem Jahr 1900 oder ein hochmodernes Auto von heute handelt, wir wissen genau, was Auftraggeber ben\u00f6tigen. Damit sind wir bereit f\u00fcr die Zukunft!<\/p>\n        <a class=\"btn\" href=\"https:\/\/www.auto-elect.nl\/de\/rd\/\" target=\"_self\">\n\t\t\tErfahren Sie mehr \u00fcber unsere F&amp;E-Abteilung        <\/a>\n\t\t                <\/div>\n            <\/div>\n        <\/div>\n    <\/div>\n    <div class=\"img-container\" data-aos=\"fade-up\" data-aos-delay=\"200\">\n\t\t<figure><img decoding=\"async\" src=\"https:\/\/www.auto-elect.nl\/wp-content\/uploads\/2024\/10\/team-van-bevlogen-techneuten.webp\" alt=\"Team von begeisterten Technikern\" loading=\"lazy\" \/><\/figure>    <\/div>\n<\/section>\n\n\n<section class=\"text-media white left\" >\n    <div class=\"grid-container\">\n        <div class=\"grid-x grid-margin-x grid-margin-y\">\n            <div class=\"cell  large-offset-7 large-5\">\n                <div class=\"text\" data-aos=\"fade-up\">\n\t\t\t\t\t<h2>Spezialist f\u00fcr \u00dcberholung<\/h2><p>Unser Beruf hat Zukunft. Mit unserem Wissen, Werkzeugen und Testger\u00e4ten k\u00f6nnen wir eine Vielzahl von Produkten \u00fcberholen. Damit leisten wir einen Beitrag zur Kreislaufwirtschaft, aber vor allem f\u00fcr Sie und Ihre Kunden. M\u00f6chten Sie mehr \u00fcber die M\u00f6glichkeiten der \u00dcberholung erfahren? Oder haben Sie eine spezifische Frage? Dann nehmen Sie Kontakt mit uns auf.<\/p>\n        <a class=\"btn\" href=\"https:\/\/www.auto-elect.nl\/de\/servolenkung\/steuerhausrevision\/\" target=\"_self\">\n\t\t\tErfahren Sie mehr \u00fcber die \u00dcberarbeitung        <\/a>\n\t\t                <\/div>\n            <\/div>\n        <\/div>\n    <\/div>\n    <div class=\"img-container\" data-aos=\"fade-up\" data-aos-delay=\"200\">\n\t\t<figure><img decoding=\"async\" src=\"https:\/\/www.auto-elect.nl\/wp-content\/uploads\/2024\/10\/specialist-in-revisie.webp\" alt=\"Spezialist f\u00fcr \u00dcberholung\" loading=\"lazy\" \/><\/figure>    <\/div>\n<\/section>\n\n\n\n<section class=\"text-only left\" >\n        <div class=\"grid-container\">\n        <div class=\"text\">\n        \t\t\t<h2 >Neue Produkte von hoher Qualit\u00e4t<br \/>\r\n<\/h2><p ><p>Wir versuchen immer, Produkte zuerst zu \u00fcberarbeiten. Wenn das nicht gelingt, bieten wir neue Produkte an. Da uns eine gute Qualit\u00e4t wichtig ist, arbeiten wir mit sorgf\u00e4ltig ausgew\u00e4hlten Herstellern zusammen. Obwohl sie auf einem hohen Niveau arbeiten, entscheiden wir uns daf\u00fcr, alle unsere Produkte zus\u00e4tzlich zu \u00fcberpr\u00fcfen. Daf\u00fcr entwickelt unsere Forschungs- und Entwicklungsabteilung fortschrittliche Testger\u00e4te.<\/p>\n<\/p>        <a class=\"btn\" href=\"\/autobuch.html\" target=\"_self\">\n\t\t\tSehen Sie sich unsere Produkte an        <\/a>\n\t\t\t            <\/div>\n    <\/div>\n<\/section>\n\n\n<section class=\"cta\" >\n    <div class=\"img-box\">\n\t\t<figure><img decoding=\"async\" src=\"https:\/\/www.auto-elect.nl\/wp-content\/uploads\/2024\/10\/samen-lossen-we-elke-storing-op.webp\" alt=\"Gemeinsam l&ouml;sen wir jedes Problem&lt;br \/&gt;\" loading=\"lazy\" \/><\/figure>    <\/div>\n\n    <div class=\"grid-container\">\n        <div class=\"cta-inner\">\n\t        <h2>Gemeinsam l\u00f6sen wir jedes Problem<br \/>\r\n<\/h2><p>Egal ob es sich um ein altes oder neues Auto handelt, gemeinsam l\u00f6sen wir jedes Problem. Mit unseren Produkten arbeiten Sie effizient und auf h\u00f6chstem Niveau. Wir k\u00f6nnen ab Lager liefern oder Ihr Produkt \u00fcberarbeiten. M\u00f6chten Sie mehr erfahren? Suchen Sie in unserem Online-Shop nach dem Produkt, das Sie ben\u00f6tigen, oder nehmen Sie direkt Kontakt auf. Wir schauen gerne, wie wir Ihnen helfen k\u00f6nnen, damit Ihr Kunde schnell wieder auf der Stra\u00dfe ist.<\/p>\n        <a class=\"btn outline\" href=\"https:\/\/www.auto-elect.nl\/de\/kontakt\/\" target=\"_self\">\n\t\t\tKontaktieren Sie uns        <\/a>\n\t\t        <\/div>\n    <\/div>\n<\/section>\n\n\n<section class=\"logos\" >\n    <div class=\"grid-container\">\n\t\t            <div class=\"logo-container\">\n\t\t\t\t                        <article class=\"logo-card\">\n\t\t\t\t\t\t\t\t<figure><img decoding=\"async\" src=\"https:\/\/www.auto-elect.nl\/wp-content\/uploads\/2024\/10\/logo-tec-doc-bw.png\" alt=\"\" loading=\"lazy\" \/><\/figure>\t\t\t\t\t\t\t                        <\/article>\n\t\t\t\t                        <article class=\"logo-card\">\n\t\t\t\t\t\t\t\t<figure><img decoding=\"async\" src=\"https:\/\/www.auto-elect.nl\/wp-content\/uploads\/2024\/10\/logo-edro-zw.png\" alt=\"\" loading=\"lazy\" \/><\/figure>\t\t\t\t\t\t\t                        <\/article>\n\t\t\t\t                        <article class=\"logo-card\">\n\t\t\t\t\t\t\t\t<figure><img decoding=\"async\" src=\"https:\/\/www.auto-elect.nl\/wp-content\/uploads\/2024\/10\/logo-gaured-zw.png\" alt=\"\" loading=\"lazy\" \/><\/figure>\t\t\t\t\t\t\t                        <\/article>\n\t\t\t\t                        <article class=\"logo-card\">\n\t\t\t\t\t\t\t\t<figure><img decoding=\"async\" src=\"https:\/\/www.auto-elect.nl\/wp-content\/uploads\/2024\/10\/logo-pim-automotive-zw.png\" alt=\"\" loading=\"lazy\" \/><\/figure>\t\t\t\t\t\t\t                        <\/article>\n\t\t\t\t                        <article class=\"logo-card\">\n\t\t\t\t\t\t\t\t<figure><img decoding=\"async\" src=\"https:\/\/www.auto-elect.nl\/wp-content\/uploads\/2024\/10\/logo-auto-elect-vintage-zw.png\" alt=\"\" loading=\"lazy\" \/><\/figure>\t\t\t\t\t\t\t                        <\/article>\n\t\t\t\t            <\/div>\n\t\t    <\/div>\n<\/section>","protected":false},"excerpt":{"rendered":"","protected":false},"author":1,"featured_media":0,"parent":0,"menu_order":0,"comment_status":"closed","ping_status":"closed","template":"","meta":{"_acf_changed":false,"footnotes":""},"class_list":["post-19","page","type-page","status-publish","hentry"],"acf":[],"yoast_head":"<!-- This site is optimized with the Yoast SEO plugin v27.4 - https:\/\/yoast.com\/product\/yoast-seo-wordpress\/ -->\n<title>About Us - Auto-Elect | Experts Auto Elect Zeewolde<\/title>\n<meta name=\"description\" content=\"Learn more about Auto-Elect, your trusted partner in automotive electronics. Quality products and innovative solutions for your vehicle&#039;s needs.\" \/>\n<meta name=\"robots\" content=\"index, follow, max-snippet:-1, max-image-preview:large, max-video-preview:-1\" \/>\n<link rel=\"canonical\" href=\"https:\/\/www.auto-elect.nl\/de\/uber-uns\/\" \/>\n<meta property=\"og:locale\" content=\"de_DE\" \/>\n<meta property=\"og:type\" content=\"article\" \/>\n<meta property=\"og:title\" content=\"About Us - Auto-Elect | Experts Auto Elect Zeewolde\" \/>\n<meta property=\"og:description\" content=\"Learn more about Auto-Elect, your trusted partner in automotive electronics. Quality products and innovative solutions for your vehicle&#039;s needs.\" \/>\n<meta property=\"og:url\" content=\"https:\/\/www.auto-elect.nl\/de\/uber-uns\/\" \/>\n<meta property=\"og:site_name\" content=\"Auto Elect Zeewolde\" \/>\n<meta property=\"article:modified_time\" content=\"2025-02-19T10:11:39+00:00\" \/>\n<meta name=\"twitter:card\" content=\"summary_large_image\" \/>\n<script type=\"application\/ld+json\" class=\"yoast-schema-graph\">{\"@context\":\"https:\\\/\\\/schema.org\",\"@graph\":[{\"@type\":\"WebPage\",\"@id\":\"https:\\\/\\\/www.auto-elect.nl\\\/over-ons\\\/\",\"url\":\"https:\\\/\\\/www.auto-elect.nl\\\/over-ons\\\/\",\"name\":\"About Us - Auto-Elect | Experts Auto Elect Zeewolde\",\"isPartOf\":{\"@id\":\"https:\\\/\\\/www.auto-elect.nl\\\/#website\"},\"datePublished\":\"2024-09-30T12:10:32+00:00\",\"dateModified\":\"2025-02-19T10:11:39+00:00\",\"description\":\"Learn more about Auto-Elect, your trusted partner in automotive electronics. Quality products and innovative solutions for your vehicle's needs.\",\"breadcrumb\":{\"@id\":\"https:\\\/\\\/www.auto-elect.nl\\\/over-ons\\\/#breadcrumb\"},\"inLanguage\":\"de\",\"potentialAction\":[{\"@type\":\"ReadAction\",\"target\":[\"https:\\\/\\\/www.auto-elect.nl\\\/over-ons\\\/\"]}]},{\"@type\":\"BreadcrumbList\",\"@id\":\"https:\\\/\\\/www.auto-elect.nl\\\/over-ons\\\/#breadcrumb\",\"itemListElement\":[{\"@type\":\"ListItem\",\"position\":1,\"name\":\"Home\",\"item\":\"https:\\\/\\\/www.auto-elect.nl\\\/\"},{\"@type\":\"ListItem\",\"position\":2,\"name\":\"Over ons\"}]},{\"@type\":\"WebSite\",\"@id\":\"https:\\\/\\\/www.auto-elect.nl\\\/#website\",\"url\":\"https:\\\/\\\/www.auto-elect.nl\\\/\",\"name\":\"Auto Elect Zeewolde\",\"description\":\"Specialist in nieuwe en gereviseerde autotechnische producten\",\"potentialAction\":[{\"@type\":\"SearchAction\",\"target\":{\"@type\":\"EntryPoint\",\"urlTemplate\":\"https:\\\/\\\/www.auto-elect.nl\\\/?s={search_term_string}\"},\"query-input\":{\"@type\":\"PropertyValueSpecification\",\"valueRequired\":true,\"valueName\":\"search_term_string\"}}],\"inLanguage\":\"de\"}]}<\/script>\n<!-- \/ Yoast SEO plugin. -->","yoast_head_json":{"title":"\u00dcber uns - Auto-Elect | Experten Auto Elect Zeewolde","description":"Erfahren Sie mehr \u00fcber Auto-Elect, Ihren zuverl\u00e4ssigen Partner f\u00fcr Fahrzeugelektronik. Qualit\u00e4tsprodukte und innovative L\u00f6sungen f\u00fcr die Anforderungen Ihres Fahrzeugs.","robots":{"index":"index","follow":"follow","max-snippet":"max-snippet:-1","max-image-preview":"max-image-preview:large","max-video-preview":"max-video-preview:-1"},"canonical":"https:\/\/www.auto-elect.nl\/de\/uber-uns\/","og_locale":"de_DE","og_type":"article","og_title":"About Us - Auto-Elect | Experts Auto Elect Zeewolde","og_description":"Learn more about Auto-Elect, your trusted partner in automotive electronics. Quality products and innovative solutions for your vehicle's needs.","og_url":"https:\/\/www.auto-elect.nl\/de\/uber-uns\/","og_site_name":"Auto Elect Zeewolde","article_modified_time":"2025-02-19T10:11:39+00:00","twitter_card":"summary_large_image","schema":{"@context":"https:\/\/schema.org","@graph":[{"@type":"WebPage","@id":"https:\/\/www.auto-elect.nl\/over-ons\/","url":"https:\/\/www.auto-elect.nl\/over-ons\/","name":"\u00dcber uns - Auto-Elect | Experten Auto Elect Zeewolde","isPartOf":{"@id":"https:\/\/www.auto-elect.nl\/#website"},"datePublished":"2024-09-30T12:10:32+00:00","dateModified":"2025-02-19T10:11:39+00:00","description":"Erfahren Sie mehr \u00fcber Auto-Elect, Ihren zuverl\u00e4ssigen Partner f\u00fcr Fahrzeugelektronik. Qualit\u00e4tsprodukte und innovative L\u00f6sungen f\u00fcr die Anforderungen Ihres Fahrzeugs.","breadcrumb":{"@id":"https:\/\/www.auto-elect.nl\/over-ons\/#breadcrumb"},"inLanguage":"de","potentialAction":[{"@type":"ReadAction","target":["https:\/\/www.auto-elect.nl\/over-ons\/"]}]},{"@type":"BreadcrumbList","@id":"https:\/\/www.auto-elect.nl\/over-ons\/#breadcrumb","itemListElement":[{"@type":"ListItem","position":1,"name":"Home","item":"https:\/\/www.auto-elect.nl\/"},{"@type":"ListItem","position":2,"name":"Over ons"}]},{"@type":"WebSite","@id":"https:\/\/www.auto-elect.nl\/#website","url":"https:\/\/www.auto-elect.nl\/","name":"Auto Elect Zeewolde","description":"Spezialist f\u00c3\u00bcr neue und \u00c3\u00bcberholte Autotechnikprodukte","potentialAction":[{"@type":"SearchAction","target":{"@type":"EntryPoint","urlTemplate":"https:\/\/www.auto-elect.nl\/?s={search_term_string}"},"query-input":{"@type":"PropertyValueSpecification","valueRequired":true,"valueName":"search_term_string"}}],"inLanguage":"de"}]}},"_links":{"self":[{"href":"https:\/\/www.auto-elect.nl\/de\/wp-json\/wp\/v2\/pages\/19","targetHints":{"allow":["GET"]}}],"collection":[{"href":"https:\/\/www.auto-elect.nl\/de\/wp-json\/wp\/v2\/pages"}],"about":[{"href":"https:\/\/www.auto-elect.nl\/de\/wp-json\/wp\/v2\/types\/page"}],"author":[{"embeddable":true,"href":"https:\/\/www.auto-elect.nl\/de\/wp-json\/wp\/v2\/users\/1"}],"replies":[{"embeddable":true,"href":"https:\/\/www.auto-elect.nl\/de\/wp-json\/wp\/v2\/comments?post=19"}],"version-history":[{"count":9,"href":"https:\/\/www.auto-elect.nl\/de\/wp-json\/wp\/v2\/pages\/19\/revisions"}],"predecessor-version":[{"id":10142,"href":"https:\/\/www.auto-elect.nl\/de\/wp-json\/wp\/v2\/pages\/19\/revisions\/10142"}],"wp:attachment":[{"href":"https:\/\/www.auto-elect.nl\/de\/wp-json\/wp\/v2\/media?parent=19"}],"curies":[{"name":"wp","href":"https:\/\/api.w.org\/{rel}","templated":true}]}}