{"id":17,"date":"2024-09-30T12:10:24","date_gmt":"2024-09-30T12:10:24","guid":{"rendered":"http:\/\/auto-elect.test\/?page_id=17"},"modified":"2025-01-22T15:28:31","modified_gmt":"2025-01-22T14:28:31","slug":"r-d","status":"publish","type":"page","link":"https:\/\/www.auto-elect.nl\/de\/r-d\/","title":{"rendered":"F&amp;E"},"content":{"rendered":"<section class=\"has-bg header\" >\n\t    <div class=\"img-box\">\n\t\t<figure><img decoding=\"async\" src=\"https:\/\/www.auto-elect.nl\/wp-content\/uploads\/2024\/09\/header-image-alfa-desktop.jpg\" alt=\"\" \/><\/figure>    <\/div>\n        <div class=\"grid-container\">\n       <div class=\"header-inner-container is-page\">\n           <div class=\"header-inner\" data-aos=\"fade-up\">\n\t\t               <div class=\"breadcrumbs\" typeof=\"Breadcrumblist\" vocab=\"https:\/\/schema.org\">\n\t\t\t<span property=\"itemListElement\" typeof=\"ListItem\"><a property=\"item\" typeof=\"WebPage\" title=\"Gehe zu Auto Elect Zeewolde.\" href=\"https:\/\/www.auto-elect.nl\/de\" class=\"home\" aria-current=\"page\"><span property=\"name\">Auto Elect Zeewolde<\/span><\/a><meta property=\"position\" content=\"1\"><\/span>        <\/div>\n\t\t<h1>F&amp;E<\/h1><p>Stets in Entwicklung<\/p>\n               <div class=\"btn-container\">\n\t\t\t                      <\/div>\n           <\/div>\n           <div class=\"employees-container\">\n               <div class=\"background\">\n                   <img decoding=\"async\" src=\"https:\/\/www.auto-elect.nl\/wp-content\/themes\/treesign\/assets\/images\/header-white-flakes.svg\" alt=\"Hintergrund Kopfzeile\">\n               <\/div>\n                      <\/div>\n       <\/div>\n    <\/div>\n<\/section>\n\n\n\n<section class=\"text-only left\" >\n        <div class=\"grid-container\">\n        <div class=\"text\">\n        \t\t\t<h2 >F&amp;E bei Auto Elect<br \/>\r\n<\/h2><p ><p>Die Abteilung Forschung und Entwicklung (F&amp;E) ist ein entscheidender Bestandteil unserer Organisationsstruktur, da sie eine wesentliche Rolle bei der Entwicklung neuer Produkte, Prozesse und Technologien spielt. Mit unserem Team vertiefen wir uns in verschiedene Themen, die zu neuen Innovationen und Ideen f\u00fchren k\u00f6nnen, die uns helfen, im Markt wettbewerbsf\u00e4hig zu bleiben.<\/p>\n<ul>\n<li>Wir f\u00fchren Forschung durch, um unser Wissen zu erweitern.<\/li>\n<li>Wir arbeiten kreativ, systematisch und planm\u00e4\u00dfig an L\u00f6sungen f\u00fcr praktische Probleme.<\/li>\n<li>Wir \u00fcbersetzen Ideen und Prototypen in nutzbare Prozesse und Produkte, einschlie\u00dflich Maschinenbau.<\/li>\n<\/ul>\n<\/p>        <a class=\"btn\" href=\"https:\/\/www.auto-elect.nl\/de\/kontakt\/\" target=\"_self\">\n\t\t\tKontaktieren Sie uns        <\/a>\n\t\t\t            <\/div>\n    <\/div>\n<\/section>\n\n\n<section class=\"text-media white left\" >\n    <div class=\"grid-container\">\n        <div class=\"grid-x grid-margin-x grid-margin-y\">\n            <div class=\"cell  large-offset-7 large-5\">\n                <div class=\"text\" data-aos=\"fade-up\">\n\t\t\t\t\t<h2>Technische Spezialisten<\/h2><p>Unsere F&amp;E-Abteilung; besteht aus einem Team von technischen Spezialisten. Sie arbeiten eng mit unseren erfahrenen Fachkr\u00e4ften vor Ort zusammen. Einerseits lernen sie so die Marktnachfrage kennen, andererseits halten sie alle \u00fcber neue Techniken auf dem Laufenden. Um die Leistung dieser Techniken zu \u00fcberpr\u00fcfen, investieren wir kontinuierlich in fortschrittliche Testger\u00e4te.<\/p>\n        <a class=\"btn\" href=\"https:\/\/www.auto-elect.nl\/de\/kontakt\/\" target=\"_self\">\n\t\t\tKontaktieren Sie uns        <\/a>\n\t\t                <\/div>\n            <\/div>\n        <\/div>\n    <\/div>\n    <div class=\"img-container\" data-aos=\"fade-up\" data-aos-delay=\"200\">\n\t\t<figure><img decoding=\"async\" src=\"https:\/\/www.auto-elect.nl\/wp-content\/uploads\/2024\/10\/technische-specialisten.webp\" alt=\"Technische Spezialisten\" loading=\"lazy\" \/><\/figure>    <\/div>\n<\/section>\n\n\n<section class=\"text-media white right\" >\n    <div class=\"grid-container\">\n        <div class=\"grid-x grid-margin-x grid-margin-y\">\n            <div class=\"cell  large-5\">\n                <div class=\"text\" data-aos=\"fade-up\">\n\t\t\t\t\t<h2>Liebe zum Beruf<br \/>\r\n<\/h2><p>Wir bleiben in der Entwicklung. Weil wir unsere Arbeit lieben, aber auch weil unsere Arbeit f\u00fcr die Kreislaufwirtschaft von gro\u00dfer Bedeutung ist. Produkte, die verwendet wurden, verdienen es, ein zweites Leben zu bekommen. Mit unserem kompetenten und erfahrenen Team setzen wir uns daf\u00fcr ein. Jetzt und in Zukunft.<\/p>\n        <a class=\"btn\" href=\"https:\/\/www.auto-elect.nl\/de\/kontakt\/\" target=\"_self\">\n\t\t\tKontaktieren Sie uns        <\/a>\n\t\t                <\/div>\n            <\/div>\n        <\/div>\n    <\/div>\n    <div class=\"img-container\" data-aos=\"fade-up\" data-aos-delay=\"200\">\n\t\t<figure><img decoding=\"async\" src=\"https:\/\/www.auto-elect.nl\/wp-content\/uploads\/2024\/10\/liefde-voor-het-vak.webp\" alt=\"Liebe zum Beruf&lt;br \/&gt;\" loading=\"lazy\" \/><\/figure>    <\/div>\n<\/section>\n\n\n\n<section class=\"text-only left\" >\n        <div class=\"grid-container\">\n        <div class=\"text\">\n        \t\t\t<h2 >Hochentwickelte Testger\u00e4te<\/h2><p ><ul>\n<li>Wir verf\u00fcgen \u00fcber Pr\u00fcfst\u00e4nde, mit denen wir viele verschiedene Komponenten wie Lenkr\u00e4der, Lenks\u00e4ulen, Servolenkpumpen und Turbolader \u00fcberpr\u00fcfen k\u00f6nnen. Wir k\u00f6nnen auch Komponenten testen, die das FlexRay-Protokoll verwenden. Dar\u00fcber hinaus sind wir in Zusammenarbeit mit Pr\u00fcfstandlieferanten in der Lage, nicht unterst\u00fctzte Komponenten hinzuzuf\u00fcgen.<\/li>\n<li>Wir haben ein Werkzeug entwickelt, um den Zahnriemen zwischen dem Elektromotor und der Spindel von ESP-Lenkr\u00e4dern zu spannen. Dadurch stellen wir sicher, dass nach dem Erneuern des Zahnriemens die Spannung innerhalb der Spezifikation liegt und die Servolenkung wieder optimal funktioniert.<\/li>\n<li>Wir reprogrammieren EPS-Lenks\u00e4ulen und -Rack. Dadurch k\u00f6nnen wir sie erneuern oder mit der neuesten Software ausstatten.<\/li>\n<li>Wir haben einen Emulator auf Basis der RBS-Technologie erstellt. Mit diesem Emulator k\u00f6nnen wir EPS-Lenks\u00e4ulen und -Racks testen, SAS-Kalibrierungen durchf\u00fchren und Fehlercodes entfernen. Es ist auch m\u00f6glich, Dauertests durchzuf\u00fchren, bei denen die Komponenten mehrmals gestartet und gestoppt werden. Der Emulator ist in unseren vorhandenen Pr\u00fcfstand integriert und erh\u00e4lt regelm\u00e4\u00dfige Updates. Dadurch wird sichergestellt, dass alle EPS-Lenks\u00e4ulen und -Racks optimal \u00fcberpr\u00fcft werden.<\/li>\n<li>Wir k\u00f6nnen EGR- und MAF-Sensoren sowie Drosselklappen testen. Basierend auf verschiedenen Bedingungen \u00fcberpr\u00fcfen wir auf abnormale Ausgaben. Zum Beispiel kann ein EGR-Ventil unzureichend oder \u00fcberm\u00e4\u00dfig zirkulieren oder ein MAF-Sensor das Luft-Kraftstoff-Verh\u00e4ltnis des Motors st\u00f6ren. Basierend auf den Ergebnissen bestimmen wir, ob die Komponente innerhalb oder au\u00dferhalb der OEM-Spezifikation liegt.<\/li>\n<\/ul>\n<\/p>        <a class=\"btn\" href=\"https:\/\/www.auto-elect.nl\/de\/kontakt\/\" target=\"_self\">\n\t\t\tKontaktieren Sie uns        <\/a>\n\t\t\t            <\/div>\n    <\/div>\n<\/section>\n\n\n<section class=\"cta\" >\n    <div class=\"img-box\">\n\t\t<figure><img decoding=\"async\" src=\"https:\/\/www.auto-elect.nl\/wp-content\/uploads\/2024\/10\/samen-lossen-we-elke-storing-op.webp\" alt=\"Gemeinsam l&ouml;sen wir jedes Problem&lt;br \/&gt;\" loading=\"lazy\" \/><\/figure>    <\/div>\n\n    <div class=\"grid-container\">\n        <div class=\"cta-inner\">\n\t        <h2>Gemeinsam l\u00f6sen wir jedes Problem<br \/>\r\n<\/h2><p>Egal ob es sich um ein altes oder neues Auto handelt, gemeinsam l\u00f6sen wir jedes Problem. Mit unseren Produkten arbeiten Sie effizient und auf h\u00f6chstem Niveau. Wir k\u00f6nnen ab Lager liefern oder Ihr Produkt \u00fcberarbeiten. M\u00f6chten Sie mehr erfahren? Suchen Sie in unserem Online-Shop nach dem Produkt, das Sie ben\u00f6tigen, oder nehmen Sie direkt Kontakt auf. Wir schauen gerne, wie wir Ihnen helfen k\u00f6nnen, damit Ihr Kunde schnell wieder auf der Stra\u00dfe ist.<\/p>\n        <a class=\"btn outline\" href=\"https:\/\/www.auto-elect.nl\/de\/kontakt\/\" target=\"_self\">\n\t\t\tKontaktieren Sie uns        <\/a>\n\t\t        <\/div>\n    <\/div>\n<\/section>\n\n\n<section class=\"logos\" >\n    <div class=\"grid-container\">\n\t\t            <div class=\"logo-container\">\n\t\t\t\t                        <article class=\"logo-card\">\n\t\t\t\t\t\t\t\t<figure><img decoding=\"async\" src=\"https:\/\/www.auto-elect.nl\/wp-content\/uploads\/2024\/10\/logo-tec-doc-bw.png\" alt=\"\" loading=\"lazy\" \/><\/figure>\t\t\t\t\t\t\t                        <\/article>\n\t\t\t\t                        <article class=\"logo-card\">\n\t\t\t\t\t\t\t\t<figure><img decoding=\"async\" src=\"https:\/\/www.auto-elect.nl\/wp-content\/uploads\/2024\/10\/logo-edro-zw.png\" alt=\"\" loading=\"lazy\" \/><\/figure>\t\t\t\t\t\t\t                        <\/article>\n\t\t\t\t                        <article class=\"logo-card\">\n\t\t\t\t\t\t\t\t<figure><img decoding=\"async\" src=\"https:\/\/www.auto-elect.nl\/wp-content\/uploads\/2024\/10\/logo-gaured-zw.png\" alt=\"\" loading=\"lazy\" \/><\/figure>\t\t\t\t\t\t\t                        <\/article>\n\t\t\t\t                        <article class=\"logo-card\">\n\t\t\t\t\t\t\t\t<figure><img decoding=\"async\" src=\"https:\/\/www.auto-elect.nl\/wp-content\/uploads\/2024\/10\/logo-pim-automotive-zw.png\" alt=\"\" loading=\"lazy\" \/><\/figure>\t\t\t\t\t\t\t                        <\/article>\n\t\t\t\t                        <article class=\"logo-card\">\n\t\t\t\t\t\t\t\t<figure><img decoding=\"async\" src=\"https:\/\/www.auto-elect.nl\/wp-content\/uploads\/2024\/10\/logo-auto-elect-vintage-zw.png\" alt=\"\" loading=\"lazy\" \/><\/figure>\t\t\t\t\t\t\t                        <\/article>\n\t\t\t\t            <\/div>\n\t\t    <\/div>\n<\/section>","protected":false},"excerpt":{"rendered":"","protected":false},"author":1,"featured_media":0,"parent":0,"menu_order":0,"comment_status":"closed","ping_status":"closed","template":"","meta":{"_acf_changed":false,"footnotes":""},"class_list":["post-17","page","type-page","status-publish","hentry"],"acf":[],"yoast_head":"<!-- This site is optimized with the Yoast SEO plugin v27.4 - https:\/\/yoast.com\/product\/yoast-seo-wordpress\/ -->\n<title>R&amp;D - Auto-Elect | Innovation &amp; Development- Auto Elect Zeewolde<\/title>\n<meta name=\"description\" content=\"Explore Auto-Elect&#039;s R&amp;D efforts in automotive electronics and technology. Driving innovation to enhance performance, reliability, and efficiency.\" \/>\n<meta name=\"robots\" content=\"index, follow, max-snippet:-1, max-image-preview:large, max-video-preview:-1\" \/>\n<link rel=\"canonical\" href=\"https:\/\/www.auto-elect.nl\/de\/r-d\/\" \/>\n<meta property=\"og:locale\" content=\"de_DE\" \/>\n<meta property=\"og:type\" content=\"article\" \/>\n<meta property=\"og:title\" content=\"R&amp;D - Auto-Elect | Innovation &amp; Development- Auto Elect Zeewolde\" \/>\n<meta property=\"og:description\" content=\"Explore Auto-Elect&#039;s R&amp;D efforts in automotive electronics and technology. Driving innovation to enhance performance, reliability, and efficiency.\" \/>\n<meta property=\"og:url\" content=\"https:\/\/www.auto-elect.nl\/de\/r-d\/\" \/>\n<meta property=\"og:site_name\" content=\"Auto Elect Zeewolde\" \/>\n<meta property=\"article:modified_time\" content=\"2025-01-22T14:28:31+00:00\" \/>\n<meta name=\"twitter:card\" content=\"summary_large_image\" \/>\n<script type=\"application\/ld+json\" class=\"yoast-schema-graph\">{\"@context\":\"https:\\\/\\\/schema.org\",\"@graph\":[{\"@type\":\"WebPage\",\"@id\":\"https:\\\/\\\/www.auto-elect.nl\\\/r-d\\\/\",\"url\":\"https:\\\/\\\/www.auto-elect.nl\\\/r-d\\\/\",\"name\":\"R&D - Auto-Elect | Innovation & Development- Auto Elect Zeewolde\",\"isPartOf\":{\"@id\":\"https:\\\/\\\/www.auto-elect.nl\\\/#website\"},\"datePublished\":\"2024-09-30T12:10:24+00:00\",\"dateModified\":\"2025-01-22T14:28:31+00:00\",\"description\":\"Explore Auto-Elect's R&D efforts in automotive electronics and technology. Driving innovation to enhance performance, reliability, and efficiency.\",\"breadcrumb\":{\"@id\":\"https:\\\/\\\/www.auto-elect.nl\\\/r-d\\\/#breadcrumb\"},\"inLanguage\":\"de\",\"potentialAction\":[{\"@type\":\"ReadAction\",\"target\":[\"https:\\\/\\\/www.auto-elect.nl\\\/r-d\\\/\"]}]},{\"@type\":\"BreadcrumbList\",\"@id\":\"https:\\\/\\\/www.auto-elect.nl\\\/r-d\\\/#breadcrumb\",\"itemListElement\":[{\"@type\":\"ListItem\",\"position\":1,\"name\":\"Home\",\"item\":\"https:\\\/\\\/www.auto-elect.nl\\\/\"},{\"@type\":\"ListItem\",\"position\":2,\"name\":\"R&amp;D\"}]},{\"@type\":\"WebSite\",\"@id\":\"https:\\\/\\\/www.auto-elect.nl\\\/#website\",\"url\":\"https:\\\/\\\/www.auto-elect.nl\\\/\",\"name\":\"Auto Elect Zeewolde\",\"description\":\"Specialist in nieuwe en gereviseerde autotechnische producten\",\"potentialAction\":[{\"@type\":\"SearchAction\",\"target\":{\"@type\":\"EntryPoint\",\"urlTemplate\":\"https:\\\/\\\/www.auto-elect.nl\\\/?s={search_term_string}\"},\"query-input\":{\"@type\":\"PropertyValueSpecification\",\"valueRequired\":true,\"valueName\":\"search_term_string\"}}],\"inLanguage\":\"de\"}]}<\/script>\n<!-- \/ Yoast SEO plugin. -->","yoast_head_json":{"title":"F&amp;E - Auto-Elect | Innovation &amp; Entwicklung- Auto Elect Zeewolde","description":"Entdecken Sie die Forschungs- und Entwicklungsarbeit von Auto-Elect im Bereich Automobilelektronik und -technologie. Wir treiben Innovationen voran, um Leistung, Zuverl\u00e4ssigkeit und Effizienz zu verbessern.","robots":{"index":"index","follow":"follow","max-snippet":"max-snippet:-1","max-image-preview":"max-image-preview:large","max-video-preview":"max-video-preview:-1"},"canonical":"https:\/\/www.auto-elect.nl\/de\/r-d\/","og_locale":"de_DE","og_type":"article","og_title":"R&D - Auto-Elect | Innovation & Development- Auto Elect Zeewolde","og_description":"Explore Auto-Elect's R&D efforts in automotive electronics and technology. Driving innovation to enhance performance, reliability, and efficiency.","og_url":"https:\/\/www.auto-elect.nl\/de\/r-d\/","og_site_name":"Auto Elect Zeewolde","article_modified_time":"2025-01-22T14:28:31+00:00","twitter_card":"summary_large_image","schema":{"@context":"https:\/\/schema.org","@graph":[{"@type":"WebPage","@id":"https:\/\/www.auto-elect.nl\/r-d\/","url":"https:\/\/www.auto-elect.nl\/r-d\/","name":"F&amp;E - Auto-Elect | Innovation &amp; Entwicklung- Auto Elect Zeewolde","isPartOf":{"@id":"https:\/\/www.auto-elect.nl\/#website"},"datePublished":"2024-09-30T12:10:24+00:00","dateModified":"2025-01-22T14:28:31+00:00","description":"Entdecken Sie die Forschungs- und Entwicklungsarbeit von Auto-Elect im Bereich Automobilelektronik und -technologie. Wir treiben Innovationen voran, um Leistung, Zuverl\u00e4ssigkeit und Effizienz zu verbessern.","breadcrumb":{"@id":"https:\/\/www.auto-elect.nl\/r-d\/#breadcrumb"},"inLanguage":"de","potentialAction":[{"@type":"ReadAction","target":["https:\/\/www.auto-elect.nl\/r-d\/"]}]},{"@type":"BreadcrumbList","@id":"https:\/\/www.auto-elect.nl\/r-d\/#breadcrumb","itemListElement":[{"@type":"ListItem","position":1,"name":"Home","item":"https:\/\/www.auto-elect.nl\/"},{"@type":"ListItem","position":2,"name":"R&amp;D"}]},{"@type":"WebSite","@id":"https:\/\/www.auto-elect.nl\/#website","url":"https:\/\/www.auto-elect.nl\/","name":"Auto Elect Zeewolde","description":"Spezialist f\u00c3\u00bcr neue und \u00c3\u00bcberholte Autotechnikprodukte","potentialAction":[{"@type":"SearchAction","target":{"@type":"EntryPoint","urlTemplate":"https:\/\/www.auto-elect.nl\/?s={search_term_string}"},"query-input":{"@type":"PropertyValueSpecification","valueRequired":true,"valueName":"search_term_string"}}],"inLanguage":"de"}]}},"_links":{"self":[{"href":"https:\/\/www.auto-elect.nl\/de\/wp-json\/wp\/v2\/pages\/17","targetHints":{"allow":["GET"]}}],"collection":[{"href":"https:\/\/www.auto-elect.nl\/de\/wp-json\/wp\/v2\/pages"}],"about":[{"href":"https:\/\/www.auto-elect.nl\/de\/wp-json\/wp\/v2\/types\/page"}],"author":[{"embeddable":true,"href":"https:\/\/www.auto-elect.nl\/de\/wp-json\/wp\/v2\/users\/1"}],"replies":[{"embeddable":true,"href":"https:\/\/www.auto-elect.nl\/de\/wp-json\/wp\/v2\/comments?post=17"}],"version-history":[{"count":11,"href":"https:\/\/www.auto-elect.nl\/de\/wp-json\/wp\/v2\/pages\/17\/revisions"}],"predecessor-version":[{"id":10023,"href":"https:\/\/www.auto-elect.nl\/de\/wp-json\/wp\/v2\/pages\/17\/revisions\/10023"}],"wp:attachment":[{"href":"https:\/\/www.auto-elect.nl\/de\/wp-json\/wp\/v2\/media?parent=17"}],"curies":[{"name":"wp","href":"https:\/\/api.w.org\/{rel}","templated":true}]}}