{"id":167,"date":"2024-11-21T09:55:03","date_gmt":"2024-11-21T08:55:03","guid":{"rendered":"https:\/\/stg-autoelect-ontwikkeling.kinsta.cloud\/?page_id=167"},"modified":"2025-01-22T15:27:13","modified_gmt":"2025-01-22T14:27:13","slug":"turbolader","status":"publish","type":"page","link":"https:\/\/www.auto-elect.nl\/de\/producten\/turbochargers\/","title":{"rendered":"Turbolader"},"content":{"rendered":"\n<section class=\"has-bg header\" >\n\t    <div class=\"img-box\">\n\t\t<figure><img decoding=\"async\" src=\"https:\/\/www.auto-elect.nl\/wp-content\/uploads\/2024\/09\/header-image-alfa-desktop.jpg\" alt=\"\" \/><\/figure>    <\/div>\n        <div class=\"grid-container\">\n       <div class=\"header-inner-container is-page\">\n           <div class=\"header-inner\" data-aos=\"fade-up\">\n\t\t               <div class=\"breadcrumbs\" typeof=\"Breadcrumblist\" vocab=\"https:\/\/schema.org\">\n\t\t\t<span property=\"itemListElement\" typeof=\"ListItem\"><a property=\"item\" typeof=\"WebPage\" title=\"Gehe zu Auto Elect Zeewolde.\" href=\"https:\/\/www.auto-elect.nl\/de\" class=\"home\" aria-current=\"page\"><span property=\"name\">Auto Elect Zeewolde<\/span><\/a><meta property=\"position\" content=\"1\"><\/span>        <\/div>\n\t\t<h1>Turbochargers<\/h1><p>Nieuw en gereviseerd<\/p>\n               <div class=\"btn-container\">\n\t\t\t                      <\/div>\n           <\/div>\n           <div class=\"employees-container\">\n               <div class=\"background\">\n                   <img decoding=\"async\" src=\"https:\/\/www.auto-elect.nl\/wp-content\/themes\/treesign\/assets\/images\/header-white-flakes.svg\" alt=\"Background header\">\n               <\/div>\n                      <\/div>\n       <\/div>\n    <\/div>\n<\/section>\n\n\n\n<section class=\"text-only left\" >\n        <div class=\"grid-container\">\n        <div class=\"text\">\n        \t\t\t<h2 >Nieuwe en gereviseerde turbochargers<\/h2><p ><p>Auto Elect biedt nieuwe en gereviseerde turbochargers. Deze turbochargers voeren onder (over)druk lucht aan, waardoor de motor meer zuurstof krijgt en meer brandstof volledig wordt verbrand. Het resultaat: betere motorprestaties bij een gelijkblijvende cilinderinhoud.<\/p>\n<\/p>        <a class=\"btn\" href=\"https:\/\/www.auto-elect.nl\/contact\/\" target=\"_self\">\n\t\t\tNeem contact op        <\/a>\n\t\t\t            <\/div>\n    <\/div>\n<\/section>\n\n\n<section class=\"text-media white left\" >\n    <div class=\"grid-container\">\n        <div class=\"grid-x grid-margin-x grid-margin-y\">\n            <div class=\"cell  large-offset-7 large-5\">\n                <div class=\"text\" data-aos=\"fade-up\">\n\t\t\t\t\t<h2>Turbochargers van hoge kwaliteit<\/h2><p>Bij Auto Elect werken we op hoog niveau. En dat merkt u. Voordat we de turbocharger aan u leveren, worden ze door onze specialisten uitgebreid getest. Daarnaast helpen we u op weg met duidelijke inbouwinstructies. Optimale prestaties in de praktijk, daar gaan we voor.<\/p>\n        <a class=\"btn\" href=\"https:\/\/www.auto-elect.nl\/contact\/\" target=\"_self\">\n\t\t\tNeem contact op        <\/a>\n\t\t                <\/div>\n            <\/div>\n        <\/div>\n    <\/div>\n    <div class=\"img-container\" data-aos=\"fade-up\" data-aos-delay=\"200\">\n\t\t<figure><img decoding=\"async\" src=\"https:\/\/www.auto-elect.nl\/wp-content\/uploads\/2024\/11\/turbochargers-van-hoge-kwaliteit.webp\" alt=\"Turbochargers van hoge kwaliteit\" loading=\"lazy\" \/><\/figure>    <\/div>\n<\/section>\n\n\n\n<section class=\"text-only left\" >\n        <div class=\"grid-container\">\n        <div class=\"text\">\n        \t\t\t<h2 >Turbochargers bestellen<\/h2><p ><p>Wilt u meer weten? Met onze kennis en ervaring helpen we u graag. Breng het probleem in kaart met behulp van de foutcode of een omschrijving van de klacht en vul het formulier in. Hoe meer informatie u geeft, hoe sneller we kunnen reageren.<\/p>\n<\/p>        <a class=\"btn\" href=\"https:\/\/www.auto-elect.nl\/autoboek.html\" target=\"_self\">\n\t\t\tBekijk onze turbochargers voorraad        <\/a>\n\t\t\t            <\/div>\n    <\/div>\n<\/section>\n\n\n    <section class=\"faqs\" >\n                <div class=\"grid-container\">\n            <div class=\"grid-x\">\n                <div class=\"cell large-10\">\n\t                \t\t\t\t\t<h2>Veel gestelde vragen over turbochargers<\/h2>                    <div class=\"accordion faq-accordion\" data-accordion data-allow-all-closed=\"true\">\n\t\t\t\t\t\t                                <div class=\"accordion-item faq-item \" data-accordion-item>\n                                    <a href=\"#\" class=\"accordion-title faq-title\">Wat is een turbocharger en hoe werkt het?                                        <i class=\"fal fa-plus\"><\/i><\/a>\n                                    <div class=\"accordion-content faq-content\" data-tab-content>\n\t\t\t\t\t\t\t\t\t\t<p>Een turbocharger, of turbo, verhoogt de motorprestaties door extra lucht de cilinders in te persen. Het werkt door gebruik te maken van uitlaatgassen die een turbine aandrijven, die op zijn beurt een compressor laat draaien om de luchtstroom te verhogen.<\/p>\n                                    <\/div>\n                                <\/div>\n\t\t\t\t\t\t\t                                <div class=\"accordion-item faq-item \" data-accordion-item>\n                                    <a href=\"#\" class=\"accordion-title faq-title\">Wat zijn de symptomen van een defecte turbocharger?                                        <i class=\"fal fa-plus\"><\/i><\/a>\n                                    <div class=\"accordion-content faq-content\" data-tab-content>\n\t\t\t\t\t\t\t\t\t\t<p>Symptomen zijn verlies van vermogen, zwarte of blauwe uitlaatgassen, fluitende geluiden, of olie die lekt in de turbo of uitlaat.<\/p>\n                                    <\/div>\n                                <\/div>\n\t\t\t\t\t\t\t                                <div class=\"accordion-item faq-item \" data-accordion-item>\n                                    <a href=\"#\" class=\"accordion-title faq-title\">Hoe weet ik wanneer mijn turbocharger vervangen moet worden?                                        <i class=\"fal fa-plus\"><\/i><\/a>\n                                    <div class=\"accordion-content faq-content\" data-tab-content>\n\t\t\t\t\t\t\t\t\t\t<p>Een duidelijke daling in prestaties, rookvorming, of ongebruikelijke geluiden wijzen vaak op een defect. Laat de turbo bij twijfel inspecteren door een specialist.<\/p>\n                                    <\/div>\n                                <\/div>\n\t\t\t\t\t\t\t                                <div class=\"accordion-item faq-item \" data-accordion-item>\n                                    <a href=\"#\" class=\"accordion-title faq-title\">Welke onderhoudstips zijn er om de levensduur van een turbocharger te verlengen?                                        <i class=\"fal fa-plus\"><\/i><\/a>\n                                    <div class=\"accordion-content faq-content\" data-tab-content>\n\t\t\t\t\t\t\t\t\t\t<p>Gebruik hoogwaardige olie, ververs deze op tijd, en laat de motor na intensief gebruik even stationair draaien voordat u deze uitzet. Dit voorkomt oververhitting van de turbo.<\/p>\n                                    <\/div>\n                                <\/div>\n\t\t\t\t\t\t\t                    <\/div>\n                                     <\/div>\n            <\/div>\n        <\/div>\n        \n        <script type=\"application\/ld+json\">\n            {\n                \"@context\": \"https:\/\/schema.org\",\n                \"@type\": \"FAQPage\",\n                \"mainEntity\": [\n                    {\"@type\":\"Question\",\"name\":\"Wat is een turbocharger en hoe werkt het?\",\"acceptedAnswer\":{\"@type\":\"Answer\",\"text\":\"&lt;p&gt;Een turbocharger, of turbo, verhoogt de motorprestaties door extra lucht de cilinders in te persen. Het werkt door gebruik te maken van uitlaatgassen die een turbine aandrijven, die op zijn beurt een compressor laat draaien om de luchtstroom te verhogen.&lt;\\\/p&gt;\\n\"}},{\"@type\":\"Question\",\"name\":\"Wat zijn de symptomen van een defecte turbocharger?\",\"acceptedAnswer\":{\"@type\":\"Answer\",\"text\":\"&lt;p&gt;Symptomen zijn verlies van vermogen, zwarte of blauwe uitlaatgassen, fluitende geluiden, of olie die lekt in de turbo of uitlaat.&lt;\\\/p&gt;\\n\"}},{\"@type\":\"Question\",\"name\":\"Hoe weet ik wanneer mijn turbocharger vervangen moet worden?\",\"acceptedAnswer\":{\"@type\":\"Answer\",\"text\":\"&lt;p&gt;Een duidelijke daling in prestaties, rookvorming, of ongebruikelijke geluiden wijzen vaak op een defect. Laat de turbo bij twijfel inspecteren door een specialist.&lt;\\\/p&gt;\\n\"}},{\"@type\":\"Question\",\"name\":\"Welke onderhoudstips zijn er om de levensduur van een turbocharger te verlengen?\",\"acceptedAnswer\":{\"@type\":\"Answer\",\"text\":\"&lt;p&gt;Gebruik hoogwaardige olie, ververs deze op tijd, en laat de motor na intensief gebruik even stationair draaien voordat u deze uitzet. Dit voorkomt oververhitting van de turbo.&lt;\\\/p&gt;\\n\"}}                ]\n            }\n\n        <\/script>\n    <\/section>\n\n\n<section class=\"cta\" >\n    <div class=\"img-box\">\n\t\t<figure><img decoding=\"async\" src=\"https:\/\/www.auto-elect.nl\/wp-content\/uploads\/2024\/10\/samen-lossen-we-elke-storing-op.webp\" alt=\"Samen lossen we elke storing oprn\" loading=\"lazy\" \/><\/figure>    <\/div>\n\n    <div class=\"grid-container\">\n        <div class=\"cta-inner\">\n\t        <h2>Samen lossen we elke storing oprn<\/h2><p>Of het nu gaat om een oude of nieuwe auto, samen lossen we elke storing op. Met onze producten werkt u effici\u00ebnt en op hoog niveau. We kunnen uit voorraad leveren of uw product reviseren. Meer weten? Zoek in onze webshop het product dat u nodig heeft of neem direct contact op. We kijken graag wat we voor u kunnen betekenen, zodat uw klant snel weer de weg op kan.<\/p>\n        <a class=\"btn outline\" href=\"https:\/\/www.auto-elect.nl\/contact\/\" target=\"_self\">\n\t\t\tNeem contact op        <\/a>\n\t\t        <\/div>\n    <\/div>\n<\/section>\n\n\n<section class=\"logos\" >\n    <div class=\"grid-container\">\n\t\t            <div class=\"logo-container\">\n\t\t\t\t                        <article class=\"logo-card\">\n\t\t\t\t\t\t\t\t<figure><img decoding=\"async\" src=\"https:\/\/www.auto-elect.nl\/wp-content\/uploads\/2024\/10\/logo-tec-doc-bw.png\" alt=\"\" loading=\"lazy\" \/><\/figure>\t\t\t\t\t\t\t                        <\/article>\n\t\t\t\t                        <article class=\"logo-card\">\n\t\t\t\t\t\t\t\t<figure><img decoding=\"async\" src=\"https:\/\/www.auto-elect.nl\/wp-content\/uploads\/2024\/10\/logo-edro-zw.png\" alt=\"\" loading=\"lazy\" \/><\/figure>\t\t\t\t\t\t\t                        <\/article>\n\t\t\t\t                        <article class=\"logo-card\">\n\t\t\t\t\t\t\t\t<figure><img decoding=\"async\" src=\"https:\/\/www.auto-elect.nl\/wp-content\/uploads\/2024\/10\/logo-gaured-zw.png\" alt=\"\" loading=\"lazy\" \/><\/figure>\t\t\t\t\t\t\t                        <\/article>\n\t\t\t\t                        <article class=\"logo-card\">\n\t\t\t\t\t\t\t\t<figure><img decoding=\"async\" src=\"https:\/\/www.auto-elect.nl\/wp-content\/uploads\/2024\/10\/logo-pim-automotive-zw.png\" alt=\"\" loading=\"lazy\" \/><\/figure>\t\t\t\t\t\t\t                        <\/article>\n\t\t\t\t                        <article class=\"logo-card\">\n\t\t\t\t\t\t\t\t<figure><img decoding=\"async\" src=\"https:\/\/www.auto-elect.nl\/wp-content\/uploads\/2024\/10\/logo-auto-elect-vintage-zw.png\" alt=\"\" loading=\"lazy\" \/><\/figure>\t\t\t\t\t\t\t                        <\/article>\n\t\t\t\t            <\/div>\n\t\t    <\/div>\n<\/section>\n","protected":false},"excerpt":{"rendered":"","protected":false},"author":4,"featured_media":0,"parent":13,"menu_order":0,"comment_status":"closed","ping_status":"closed","template":"","meta":{"_acf_changed":false,"footnotes":""},"class_list":["post-167","page","type-page","status-publish","hentry"],"acf":[],"yoast_head":"<!-- This site is optimized with the Yoast SEO plugin v27.4 - https:\/\/yoast.com\/product\/yoast-seo-wordpress\/ -->\n<title>Turbochargers - Auto-Elect |Auto Elect Zeewolde<\/title>\n<meta name=\"description\" content=\"Bekijk de turbochargers van Auto-Elect voor betere prestaties en effici\u00ebntie van je voertuig. Kwaliteit en betrouwbaarheid gegarandeerd!\" \/>\n<meta name=\"robots\" content=\"index, follow, max-snippet:-1, max-image-preview:large, max-video-preview:-1\" \/>\n<link rel=\"canonical\" href=\"https:\/\/www.auto-elect.nl\/de\/produkte\/turbolader\/\" \/>\n<meta property=\"og:locale\" content=\"de_DE\" \/>\n<meta property=\"og:type\" content=\"article\" \/>\n<meta property=\"og:title\" content=\"Turbochargers - Auto-Elect |Auto Elect Zeewolde\" \/>\n<meta property=\"og:description\" content=\"Bekijk de turbochargers van Auto-Elect voor betere prestaties en effici\u00ebntie van je voertuig. Kwaliteit en betrouwbaarheid gegarandeerd!\" \/>\n<meta property=\"og:url\" content=\"https:\/\/www.auto-elect.nl\/de\/produkte\/turbolader\/\" \/>\n<meta property=\"og:site_name\" content=\"Auto Elect Zeewolde\" \/>\n<meta property=\"article:modified_time\" content=\"2025-01-22T14:27:13+00:00\" \/>\n<meta name=\"twitter:card\" content=\"summary_large_image\" \/>\n<script type=\"application\/ld+json\" class=\"yoast-schema-graph\">{\"@context\":\"https:\\\/\\\/schema.org\",\"@graph\":[{\"@type\":\"WebPage\",\"@id\":\"https:\\\/\\\/www.auto-elect.nl\\\/producten\\\/turbochargers\\\/\",\"url\":\"https:\\\/\\\/www.auto-elect.nl\\\/producten\\\/turbochargers\\\/\",\"name\":\"Turbochargers - Auto-Elect |Auto Elect Zeewolde\",\"isPartOf\":{\"@id\":\"https:\\\/\\\/www.auto-elect.nl\\\/#website\"},\"datePublished\":\"2024-11-21T08:55:03+00:00\",\"dateModified\":\"2025-01-22T14:27:13+00:00\",\"description\":\"Bekijk de turbochargers van Auto-Elect voor betere prestaties en effici\u00ebntie van je voertuig. Kwaliteit en betrouwbaarheid gegarandeerd!\",\"breadcrumb\":{\"@id\":\"https:\\\/\\\/www.auto-elect.nl\\\/producten\\\/turbochargers\\\/#breadcrumb\"},\"inLanguage\":\"de\",\"potentialAction\":[{\"@type\":\"ReadAction\",\"target\":[\"https:\\\/\\\/www.auto-elect.nl\\\/producten\\\/turbochargers\\\/\"]}]},{\"@type\":\"BreadcrumbList\",\"@id\":\"https:\\\/\\\/www.auto-elect.nl\\\/producten\\\/turbochargers\\\/#breadcrumb\",\"itemListElement\":[{\"@type\":\"ListItem\",\"position\":1,\"name\":\"Home\",\"item\":\"https:\\\/\\\/www.auto-elect.nl\\\/\"},{\"@type\":\"ListItem\",\"position\":2,\"name\":\"Producten\",\"item\":\"https:\\\/\\\/www.auto-elect.nl\\\/producten\\\/\"},{\"@type\":\"ListItem\",\"position\":3,\"name\":\"Turbochargers\"}]},{\"@type\":\"WebSite\",\"@id\":\"https:\\\/\\\/www.auto-elect.nl\\\/#website\",\"url\":\"https:\\\/\\\/www.auto-elect.nl\\\/\",\"name\":\"Auto Elect Zeewolde\",\"description\":\"Specialist in nieuwe en gereviseerde autotechnische producten\",\"potentialAction\":[{\"@type\":\"SearchAction\",\"target\":{\"@type\":\"EntryPoint\",\"urlTemplate\":\"https:\\\/\\\/www.auto-elect.nl\\\/?s={search_term_string}\"},\"query-input\":{\"@type\":\"PropertyValueSpecification\",\"valueRequired\":true,\"valueName\":\"search_term_string\"}}],\"inLanguage\":\"de\"}]}<\/script>\n<!-- \/ Yoast SEO plugin. -->","yoast_head_json":{"title":"Turbolader - Auto-Elect |Auto Elect Zeewolde","description":"Pr\u00fcfen Sie die Turbolader von Auto-Elect f\u00fcr eine bessere Leistung und Effizienz Ihres Fahrzeugs. Qualit\u00e4t und Zuverl\u00e4ssigkeit garantiert!","robots":{"index":"index","follow":"follow","max-snippet":"max-snippet:-1","max-image-preview":"max-image-preview:large","max-video-preview":"max-video-preview:-1"},"canonical":"https:\/\/www.auto-elect.nl\/de\/produkte\/turbolader\/","og_locale":"de_DE","og_type":"article","og_title":"Turbochargers - Auto-Elect |Auto Elect Zeewolde","og_description":"Bekijk de turbochargers van Auto-Elect voor betere prestaties en effici\u00ebntie van je voertuig. Kwaliteit en betrouwbaarheid gegarandeerd!","og_url":"https:\/\/www.auto-elect.nl\/de\/produkte\/turbolader\/","og_site_name":"Auto Elect Zeewolde","article_modified_time":"2025-01-22T14:27:13+00:00","twitter_card":"summary_large_image","schema":{"@context":"https:\/\/schema.org","@graph":[{"@type":"WebPage","@id":"https:\/\/www.auto-elect.nl\/producten\/turbochargers\/","url":"https:\/\/www.auto-elect.nl\/producten\/turbochargers\/","name":"Turbolader - Auto-Elect |Auto Elect Zeewolde","isPartOf":{"@id":"https:\/\/www.auto-elect.nl\/#website"},"datePublished":"2024-11-21T08:55:03+00:00","dateModified":"2025-01-22T14:27:13+00:00","description":"Pr\u00fcfen Sie die Turbolader von Auto-Elect f\u00fcr eine bessere Leistung und Effizienz Ihres Fahrzeugs. Qualit\u00e4t und Zuverl\u00e4ssigkeit garantiert!","breadcrumb":{"@id":"https:\/\/www.auto-elect.nl\/producten\/turbochargers\/#breadcrumb"},"inLanguage":"de","potentialAction":[{"@type":"ReadAction","target":["https:\/\/www.auto-elect.nl\/producten\/turbochargers\/"]}]},{"@type":"BreadcrumbList","@id":"https:\/\/www.auto-elect.nl\/producten\/turbochargers\/#breadcrumb","itemListElement":[{"@type":"ListItem","position":1,"name":"Home","item":"https:\/\/www.auto-elect.nl\/"},{"@type":"ListItem","position":2,"name":"Producten","item":"https:\/\/www.auto-elect.nl\/producten\/"},{"@type":"ListItem","position":3,"name":"Turbochargers"}]},{"@type":"WebSite","@id":"https:\/\/www.auto-elect.nl\/#website","url":"https:\/\/www.auto-elect.nl\/","name":"Auto Elect Zeewolde","description":"Spezialist f\u00c3\u00bcr neue und \u00c3\u00bcberholte Autotechnikprodukte","potentialAction":[{"@type":"SearchAction","target":{"@type":"EntryPoint","urlTemplate":"https:\/\/www.auto-elect.nl\/?s={search_term_string}"},"query-input":{"@type":"PropertyValueSpecification","valueRequired":true,"valueName":"search_term_string"}}],"inLanguage":"de"}]}},"_links":{"self":[{"href":"https:\/\/www.auto-elect.nl\/de\/wp-json\/wp\/v2\/pages\/167","targetHints":{"allow":["GET"]}}],"collection":[{"href":"https:\/\/www.auto-elect.nl\/de\/wp-json\/wp\/v2\/pages"}],"about":[{"href":"https:\/\/www.auto-elect.nl\/de\/wp-json\/wp\/v2\/types\/page"}],"author":[{"embeddable":true,"href":"https:\/\/www.auto-elect.nl\/de\/wp-json\/wp\/v2\/users\/4"}],"replies":[{"embeddable":true,"href":"https:\/\/www.auto-elect.nl\/de\/wp-json\/wp\/v2\/comments?post=167"}],"version-history":[{"count":13,"href":"https:\/\/www.auto-elect.nl\/de\/wp-json\/wp\/v2\/pages\/167\/revisions"}],"predecessor-version":[{"id":10022,"href":"https:\/\/www.auto-elect.nl\/de\/wp-json\/wp\/v2\/pages\/167\/revisions\/10022"}],"up":[{"embeddable":true,"href":"https:\/\/www.auto-elect.nl\/de\/wp-json\/wp\/v2\/pages\/13"}],"wp:attachment":[{"href":"https:\/\/www.auto-elect.nl\/de\/wp-json\/wp\/v2\/media?parent=167"}],"curies":[{"name":"wp","href":"https:\/\/api.w.org\/{rel}","templated":true}]}}