{"id":15,"date":"2024-09-30T12:10:19","date_gmt":"2024-09-30T12:10:19","guid":{"rendered":"http:\/\/auto-elect.test\/?page_id=15"},"modified":"2025-01-22T15:30:09","modified_gmt":"2025-01-22T14:30:09","slug":"servolenkung","status":"publish","type":"page","link":"https:\/\/www.auto-elect.nl\/de\/stuurbekrachtiging\/","title":{"rendered":"Servolenkung"},"content":{"rendered":"<section class=\"has-bg header\" >\n\t    <div class=\"img-box\">\n\t\t<figure><img decoding=\"async\" src=\"https:\/\/www.auto-elect.nl\/wp-content\/uploads\/2024\/09\/header-image-alfa-desktop.jpg\" alt=\"\" \/><\/figure>    <\/div>\n        <div class=\"grid-container\">\n       <div class=\"header-inner-container is-page\">\n           <div class=\"header-inner\" data-aos=\"fade-up\">\n\t\t               <div class=\"breadcrumbs\" typeof=\"Breadcrumblist\" vocab=\"https:\/\/schema.org\">\n\t\t\t<span property=\"itemListElement\" typeof=\"ListItem\"><a property=\"item\" typeof=\"WebPage\" title=\"Gehe zu Auto Elect Zeewolde.\" href=\"https:\/\/www.auto-elect.nl\/de\" class=\"home\" aria-current=\"page\"><span property=\"name\">Auto Elect Zeewolde<\/span><\/a><meta property=\"position\" content=\"1\"><\/span>        <\/div>\n\t\t<h1>Servolenkung<\/h1><p>Von hoher Qualit\u00e4t<\/p>\n               <div class=\"btn-container\">\n\t\t\t                      <\/div>\n           <\/div>\n           <div class=\"employees-container\">\n               <div class=\"background\">\n                   <img decoding=\"async\" src=\"https:\/\/www.auto-elect.nl\/wp-content\/themes\/treesign\/assets\/images\/header-white-flakes.svg\" alt=\"Hintergrund Kopfzeile\">\n               <\/div>\n                      <\/div>\n       <\/div>\n    <\/div>\n<\/section>\n\n\n\n<section class=\"text-only left\" >\n        <div class=\"grid-container\">\n        <div class=\"text\">\n        \t\t\t<h2 >Auto Elect B.V. Ihr Partner f\u00fcr Lenkgetriebe<br \/>\r\n<\/h2><p ><p>Die \u00dcberarbeitung ist ein spezielles Fachgebiet, das mit \u00e4u\u00dferster Sorgfalt durchgef\u00fchrt werden muss. Mit \u00fcber 35 Jahren Erfahrung sind unsere Mitarbeiter sehr versiert in allen Aspekten der \u00dcberarbeitung. Bei Auto Elect B.V. verstehen wir genau, was es braucht, um Lenkgetriebe pr\u00e4zise zu \u00fcberarbeiten. Unser Sortiment umfasst eine breite Palette von hydraulischen und elektrischen (Austausch-) Lenkgetrieben sowie elektrischen hydraulischen Lenkpumpen.<\/p>\n<p>Wir laden Sie ein, von unserer Expertise und fachkundigen Beratung Gebrauch zu machen. Z\u00f6gern Sie nicht, sich mit einem unserer Mitarbeiter bei Auto Elect B.V. in Verbindung zu setzen, um alle Ihre Fragen und Bed\u00fcrfnisse im Bereich Lenkgetriebe zu kl\u00e4ren.<\/p>\n<\/p>        <a class=\"btn\" href=\"https:\/\/www.auto-elect.nl\/de\/kontakt\/\" target=\"_self\">\n\t\t\tKontaktieren Sie uns        <\/a>\n\t\t\t            <\/div>\n    <\/div>\n<\/section>\n\n\n<section class=\"text-media white left\" >\n    <div class=\"grid-container\">\n        <div class=\"grid-x grid-margin-x grid-margin-y\">\n            <div class=\"cell  large-offset-7 large-5\">\n                <div class=\"text\" data-aos=\"fade-up\">\n\t\t\t\t\t<h2>\u00dcberarbeitung und Modifikation<\/h2><p>Die Lenkung, einschlie\u00dflich der dazugeh\u00f6rigen Servolenkung, ist ein entscheidender Aspekt eines Fahrzeugs. Diese Teile geh\u00f6ren zur Kategorie der Sicherheitskomponenten und sollten jederzeit in optimalem Zustand sein. Bei Auto Elect B.V. haben wir das Fachwissen in der \u00dcberarbeitung bis ins Detail perfektioniert.<\/p>\n<p>Wir sind spezialisiert auf die \u00dcberarbeitung verschiedener Lenkgetriebe, einschlie\u00dflich klassischer Modelle. Bei jeder \u00dcberarbeitung verwenden wir Originalteile, wenden die neuesten Techniken an und unterziehen das \u00fcberarbeitete Lenkgetriebe gr\u00fcndlichen Tests, um m\u00f6gliche Probleme zu identifizieren. Wo n\u00f6tig f\u00fchren wir Modifikationen durch, um die Lebensdauer zu verl\u00e4ngern und die Leistung zu optimieren.<\/p>\n<p>Bei Auto Elect B.V. streben wir danach, Ihre Lenkung mit h\u00f6chster Effizienz und Sicherheit zu betreiben, mit Blick auf Nachhaltigkeit und verbesserte Leistung.<\/p>\n        <a class=\"btn\" href=\"\/de\/\" target=\"_self\">\n\t\t\tErfahren Sie mehr \u00fcber die \u00dcberarbeitung der Lenkung        <\/a>\n\t\t                <\/div>\n            <\/div>\n        <\/div>\n    <\/div>\n    <div class=\"img-container\" data-aos=\"fade-up\" data-aos-delay=\"200\">\n\t\t<figure><img decoding=\"async\" src=\"https:\/\/www.auto-elect.nl\/wp-content\/uploads\/2024\/10\/stuurbekrachtiging-van-hoge-kwaliteit.webp\" alt=\"\u00dcberarbeitung und Modifikation\" loading=\"lazy\" \/><\/figure>    <\/div>\n<\/section>\n\n\n\n<section class=\"text-only left\" >\n        <div class=\"grid-container\">\n        <div class=\"text\">\n        \t\t\t<h2 >Fachwissen und Kundenkreis<br \/>\r\n<\/h2><p ><p>Auto Elect B.V. hat sich auf renommierte Marken wie Delphi, Koyo, Mobis, Saginaw, SMI, TRW, Vistion und ZF spezialisiert. Dank unserer umfangreichen Erfahrung haben wir Vertrautheit im Umgang mit diesen f\u00fchrenden Marken aufgebaut. Dennoch sind wir offen f\u00fcr die \u00dcberarbeitung und Modifikation von Lenksystemen anderer Marken. Z\u00f6gern Sie nicht, uns zu kontaktieren, um die M\u00f6glichkeiten zu besprechen.<\/p>\n<p>Unser Kundenstamm umfasst verschiedene Branchen, darunter Renn- und Rallyehersteller, Importeure und verschiedene Automobilhersteller. Viele haben bereits den Weg zu Auto Elect B.V. gefunden und von unserem Fachwissen profitiert. Wir streben danach, hochwertige Dienstleistungen anzubieten, die den spezifischen Bed\u00fcrfnissen jedes Kunden entsprechen. Kontaktieren Sie uns und entdecken Sie, was wir f\u00fcr Sie tun k\u00f6nnen.<\/p>\n<\/p>        <a class=\"btn\" href=\"https:\/\/www.auto-elect.nl\/de\/kontakt\/\" target=\"_self\">\n\t\t\tKontaktieren Sie uns        <\/a>\n\t\t\t            <\/div>\n    <\/div>\n<\/section>\n\n\n<section class=\"cta\" >\n    <div class=\"img-box\">\n\t\t<figure><img decoding=\"async\" src=\"https:\/\/www.auto-elect.nl\/wp-content\/uploads\/2024\/10\/samen-lossen-we-elke-storing-op.webp\" alt=\"Gemeinsam l&ouml;sen wir jedes Problem&lt;br \/&gt;\" loading=\"lazy\" \/><\/figure>    <\/div>\n\n    <div class=\"grid-container\">\n        <div class=\"cta-inner\">\n\t        <h2>Gemeinsam l\u00f6sen wir jedes Problem<br \/>\r\n<\/h2><p>Egal ob es sich um ein altes oder neues Auto handelt, gemeinsam l\u00f6sen wir jedes Problem. Mit unseren Produkten arbeiten Sie effizient und auf h\u00f6chstem Niveau. Wir k\u00f6nnen ab Lager liefern oder Ihr Produkt \u00fcberarbeiten. M\u00f6chten Sie mehr erfahren? Suchen Sie in unserem Online-Shop nach dem Produkt, das Sie ben\u00f6tigen, oder nehmen Sie direkt Kontakt auf. Wir schauen gerne, wie wir Ihnen helfen k\u00f6nnen, damit Ihr Kunde schnell wieder auf der Stra\u00dfe ist.<\/p>\n        <a class=\"btn outline\" href=\"https:\/\/www.auto-elect.nl\/de\/kontakt\/\" target=\"_self\">\n\t\t\tKontaktieren Sie uns        <\/a>\n\t\t        <\/div>\n    <\/div>\n<\/section>\n\n\n<section class=\"logos\" >\n    <div class=\"grid-container\">\n\t\t            <div class=\"logo-container\">\n\t\t\t\t                        <article class=\"logo-card\">\n\t\t\t\t\t\t\t\t<figure><img decoding=\"async\" src=\"https:\/\/www.auto-elect.nl\/wp-content\/uploads\/2024\/10\/logo-tec-doc-bw.png\" alt=\"\" loading=\"lazy\" \/><\/figure>\t\t\t\t\t\t\t                        <\/article>\n\t\t\t\t                        <article class=\"logo-card\">\n\t\t\t\t\t\t\t\t<figure><img decoding=\"async\" src=\"https:\/\/www.auto-elect.nl\/wp-content\/uploads\/2024\/10\/logo-edro-zw.png\" alt=\"\" loading=\"lazy\" \/><\/figure>\t\t\t\t\t\t\t                        <\/article>\n\t\t\t\t                        <article class=\"logo-card\">\n\t\t\t\t\t\t\t\t<figure><img decoding=\"async\" src=\"https:\/\/www.auto-elect.nl\/wp-content\/uploads\/2024\/10\/logo-gaured-zw.png\" alt=\"\" loading=\"lazy\" \/><\/figure>\t\t\t\t\t\t\t                        <\/article>\n\t\t\t\t                        <article class=\"logo-card\">\n\t\t\t\t\t\t\t\t<figure><img decoding=\"async\" src=\"https:\/\/www.auto-elect.nl\/wp-content\/uploads\/2024\/10\/logo-pim-automotive-zw.png\" alt=\"\" loading=\"lazy\" \/><\/figure>\t\t\t\t\t\t\t                        <\/article>\n\t\t\t\t                        <article class=\"logo-card\">\n\t\t\t\t\t\t\t\t<figure><img decoding=\"async\" src=\"https:\/\/www.auto-elect.nl\/wp-content\/uploads\/2024\/10\/logo-auto-elect-vintage-zw.png\" alt=\"\" loading=\"lazy\" \/><\/figure>\t\t\t\t\t\t\t                        <\/article>\n\t\t\t\t            <\/div>\n\t\t    <\/div>\n<\/section>","protected":false},"excerpt":{"rendered":"","protected":false},"author":1,"featured_media":0,"parent":0,"menu_order":0,"comment_status":"closed","ping_status":"closed","template":"","meta":{"_acf_changed":false,"footnotes":""},"class_list":["post-15","page","type-page","status-publish","hentry"],"acf":[],"yoast_head":"<!-- This site is optimized with the Yoast SEO plugin v27.4 - https:\/\/yoast.com\/product\/yoast-seo-wordpress\/ -->\n<title>Stuurbekrachtiging - Auto-Elect |- Auto Elect Zeewolde<\/title>\n<meta name=\"description\" content=\"Ontdek stuurbekrachtigingssystemen bij Auto-Elect. Kwaliteit en betrouwbaarheid voor een soepel stuurgedrag van je voertuig. Bekijk de opties!\" \/>\n<meta name=\"robots\" content=\"index, follow, max-snippet:-1, max-image-preview:large, max-video-preview:-1\" \/>\n<link rel=\"canonical\" href=\"https:\/\/www.auto-elect.nl\/de\/servolenkung\/\" \/>\n<meta property=\"og:locale\" content=\"de_DE\" \/>\n<meta property=\"og:type\" content=\"article\" \/>\n<meta property=\"og:title\" content=\"Stuurbekrachtiging - Auto-Elect |- Auto Elect Zeewolde\" \/>\n<meta property=\"og:description\" content=\"Ontdek stuurbekrachtigingssystemen bij Auto-Elect. Kwaliteit en betrouwbaarheid voor een soepel stuurgedrag van je voertuig. Bekijk de opties!\" \/>\n<meta property=\"og:url\" content=\"https:\/\/www.auto-elect.nl\/de\/servolenkung\/\" \/>\n<meta property=\"og:site_name\" content=\"Auto Elect Zeewolde\" \/>\n<meta property=\"article:modified_time\" content=\"2025-01-22T14:30:09+00:00\" \/>\n<meta name=\"twitter:card\" content=\"summary_large_image\" \/>\n<script type=\"application\/ld+json\" class=\"yoast-schema-graph\">{\"@context\":\"https:\\\/\\\/schema.org\",\"@graph\":[{\"@type\":\"WebPage\",\"@id\":\"https:\\\/\\\/www.auto-elect.nl\\\/stuurbekrachtiging\\\/\",\"url\":\"https:\\\/\\\/www.auto-elect.nl\\\/stuurbekrachtiging\\\/\",\"name\":\"Stuurbekrachtiging - Auto-Elect |- Auto Elect Zeewolde\",\"isPartOf\":{\"@id\":\"https:\\\/\\\/www.auto-elect.nl\\\/#website\"},\"datePublished\":\"2024-09-30T12:10:19+00:00\",\"dateModified\":\"2025-01-22T14:30:09+00:00\",\"description\":\"Ontdek stuurbekrachtigingssystemen bij Auto-Elect. Kwaliteit en betrouwbaarheid voor een soepel stuurgedrag van je voertuig. Bekijk de opties!\",\"breadcrumb\":{\"@id\":\"https:\\\/\\\/www.auto-elect.nl\\\/stuurbekrachtiging\\\/#breadcrumb\"},\"inLanguage\":\"de\",\"potentialAction\":[{\"@type\":\"ReadAction\",\"target\":[\"https:\\\/\\\/www.auto-elect.nl\\\/stuurbekrachtiging\\\/\"]}]},{\"@type\":\"BreadcrumbList\",\"@id\":\"https:\\\/\\\/www.auto-elect.nl\\\/stuurbekrachtiging\\\/#breadcrumb\",\"itemListElement\":[{\"@type\":\"ListItem\",\"position\":1,\"name\":\"Home\",\"item\":\"https:\\\/\\\/www.auto-elect.nl\\\/\"},{\"@type\":\"ListItem\",\"position\":2,\"name\":\"Stuurbekrachtiging\"}]},{\"@type\":\"WebSite\",\"@id\":\"https:\\\/\\\/www.auto-elect.nl\\\/#website\",\"url\":\"https:\\\/\\\/www.auto-elect.nl\\\/\",\"name\":\"Auto Elect Zeewolde\",\"description\":\"Specialist in nieuwe en gereviseerde autotechnische producten\",\"potentialAction\":[{\"@type\":\"SearchAction\",\"target\":{\"@type\":\"EntryPoint\",\"urlTemplate\":\"https:\\\/\\\/www.auto-elect.nl\\\/?s={search_term_string}\"},\"query-input\":{\"@type\":\"PropertyValueSpecification\",\"valueRequired\":true,\"valueName\":\"search_term_string\"}}],\"inLanguage\":\"de\"}]}<\/script>\n<!-- \/ Yoast SEO plugin. -->","yoast_head_json":{"title":"Servolenkung - Auto-Elect |- Auto Elect Zeewolde","description":"Entdecken Sie Servolenkungen bei Auto-Elect. Qualit\u00e4t und Zuverl\u00e4ssigkeit f\u00fcr eine reibungslose Lenkung Ihres Fahrzeugs. Sehen Sie sich die Optionen an!","robots":{"index":"index","follow":"follow","max-snippet":"max-snippet:-1","max-image-preview":"max-image-preview:large","max-video-preview":"max-video-preview:-1"},"canonical":"https:\/\/www.auto-elect.nl\/de\/servolenkung\/","og_locale":"de_DE","og_type":"article","og_title":"Stuurbekrachtiging - Auto-Elect |- Auto Elect Zeewolde","og_description":"Ontdek stuurbekrachtigingssystemen bij Auto-Elect. Kwaliteit en betrouwbaarheid voor een soepel stuurgedrag van je voertuig. Bekijk de opties!","og_url":"https:\/\/www.auto-elect.nl\/de\/servolenkung\/","og_site_name":"Auto Elect Zeewolde","article_modified_time":"2025-01-22T14:30:09+00:00","twitter_card":"summary_large_image","schema":{"@context":"https:\/\/schema.org","@graph":[{"@type":"WebPage","@id":"https:\/\/www.auto-elect.nl\/stuurbekrachtiging\/","url":"https:\/\/www.auto-elect.nl\/stuurbekrachtiging\/","name":"Servolenkung - Auto-Elect |- Auto Elect Zeewolde","isPartOf":{"@id":"https:\/\/www.auto-elect.nl\/#website"},"datePublished":"2024-09-30T12:10:19+00:00","dateModified":"2025-01-22T14:30:09+00:00","description":"Entdecken Sie Servolenkungen bei Auto-Elect. Qualit\u00e4t und Zuverl\u00e4ssigkeit f\u00fcr eine reibungslose Lenkung Ihres Fahrzeugs. Sehen Sie sich die Optionen an!","breadcrumb":{"@id":"https:\/\/www.auto-elect.nl\/stuurbekrachtiging\/#breadcrumb"},"inLanguage":"de","potentialAction":[{"@type":"ReadAction","target":["https:\/\/www.auto-elect.nl\/stuurbekrachtiging\/"]}]},{"@type":"BreadcrumbList","@id":"https:\/\/www.auto-elect.nl\/stuurbekrachtiging\/#breadcrumb","itemListElement":[{"@type":"ListItem","position":1,"name":"Home","item":"https:\/\/www.auto-elect.nl\/"},{"@type":"ListItem","position":2,"name":"Stuurbekrachtiging"}]},{"@type":"WebSite","@id":"https:\/\/www.auto-elect.nl\/#website","url":"https:\/\/www.auto-elect.nl\/","name":"Auto Elect Zeewolde","description":"Spezialist f\u00c3\u00bcr neue und \u00c3\u00bcberholte Autotechnikprodukte","potentialAction":[{"@type":"SearchAction","target":{"@type":"EntryPoint","urlTemplate":"https:\/\/www.auto-elect.nl\/?s={search_term_string}"},"query-input":{"@type":"PropertyValueSpecification","valueRequired":true,"valueName":"search_term_string"}}],"inLanguage":"de"}]}},"_links":{"self":[{"href":"https:\/\/www.auto-elect.nl\/de\/wp-json\/wp\/v2\/pages\/15","targetHints":{"allow":["GET"]}}],"collection":[{"href":"https:\/\/www.auto-elect.nl\/de\/wp-json\/wp\/v2\/pages"}],"about":[{"href":"https:\/\/www.auto-elect.nl\/de\/wp-json\/wp\/v2\/types\/page"}],"author":[{"embeddable":true,"href":"https:\/\/www.auto-elect.nl\/de\/wp-json\/wp\/v2\/users\/1"}],"replies":[{"embeddable":true,"href":"https:\/\/www.auto-elect.nl\/de\/wp-json\/wp\/v2\/comments?post=15"}],"version-history":[{"count":15,"href":"https:\/\/www.auto-elect.nl\/de\/wp-json\/wp\/v2\/pages\/15\/revisions"}],"predecessor-version":[{"id":10026,"href":"https:\/\/www.auto-elect.nl\/de\/wp-json\/wp\/v2\/pages\/15\/revisions\/10026"}],"wp:attachment":[{"href":"https:\/\/www.auto-elect.nl\/de\/wp-json\/wp\/v2\/media?parent=15"}],"curies":[{"name":"wp","href":"https:\/\/api.w.org\/{rel}","templated":true}]}}