{"id":13,"date":"2024-09-30T12:10:05","date_gmt":"2024-09-30T12:10:05","guid":{"rendered":"http:\/\/auto-elect.test\/?page_id=13"},"modified":"2025-01-22T15:18:19","modified_gmt":"2025-01-22T14:18:19","slug":"produkte","status":"publish","type":"page","link":"https:\/\/www.auto-elect.nl\/de\/producten\/","title":{"rendered":"Produkte"},"content":{"rendered":"<section class=\"has-bg header\" >\n\t    <div class=\"img-box\">\n\t\t<figure><img decoding=\"async\" src=\"https:\/\/www.auto-elect.nl\/wp-content\/uploads\/2024\/09\/header-image-alfa-desktop.jpg\" alt=\"\" \/><\/figure>    <\/div>\n        <div class=\"grid-container\">\n       <div class=\"header-inner-container is-page\">\n           <div class=\"header-inner\" data-aos=\"fade-up\">\n\t\t               <div class=\"breadcrumbs\" typeof=\"Breadcrumblist\" vocab=\"https:\/\/schema.org\">\n\t\t\t<span property=\"itemListElement\" typeof=\"ListItem\"><a property=\"item\" typeof=\"WebPage\" title=\"Gehe zu Auto Elect Zeewolde.\" href=\"https:\/\/www.auto-elect.nl\/de\" class=\"home\" aria-current=\"page\"><span property=\"name\">Auto Elect Zeewolde<\/span><\/a><meta property=\"position\" content=\"1\"><\/span>        <\/div>\n\t\t<h1>Produkte<\/h1><p>Neu und \u00fcberarbeitet<\/p>\n               <div class=\"btn-container\">\n\t\t\t                      <\/div>\n           <\/div>\n           <div class=\"employees-container\">\n               <div class=\"background\">\n                   <img decoding=\"async\" src=\"https:\/\/www.auto-elect.nl\/wp-content\/themes\/treesign\/assets\/images\/header-white-flakes.svg\" alt=\"Hintergrund Kopfzeile\">\n               <\/div>\n                      <\/div>\n       <\/div>\n    <\/div>\n<\/section>\n\n\n\n<section class=\"text-only left\" >\n        <div class=\"grid-container\">\n        <div class=\"text\">\n        \t\t\t<h2 >Unsere Produkte<\/h2><p ><p>Auto Elect ist spezialisiert auf Produkte f\u00fcr den Automobil-Ersatzteilmarkt. Wir bieten eine umfangreiche Auswahl an neuen und \u00fcberarbeiteten Produkten. Wir \u00fcberarbeiten auch auf Anfrage. Das Alter oder die Marke eines Autos spielt dabei keine Rolle. Mit unserem Fachwissen nehmen wir jede Herausforderung an. Da wir alle unsere Produkte umfassend testen, k\u00f6nnen Sie sicher sein, dass Sie Qualit\u00e4t w\u00e4hlen.<\/p>\n<\/p>\t            <\/div>\n    <\/div>\n<\/section>\n\n\n<section class=\"cards\" >\n    <div class=\"grid-container\">\n        <div class=\"title-container\">\n            <h2>Sehen Sie sich unsere Produkte an<\/h2>        <\/div>\n\t\t            <div class=\"grid-x grid-margin-x grid-margin-y\">\n\t\t\t\t                    <div class=\"cell large-3\">\n                        <article class=\"post-card\">\n                                                        <div class=\"post-card--img-box\">\n\t\t\t\t\t\t\t\t<figure><img decoding=\"async\" src=\"https:\/\/www.auto-elect.nl\/wp-content\/uploads\/2024\/11\/product-stuurhuis.webp\" alt=\"Lenkgetriebe\" loading=\"lazy\" \/><\/figure>                            <\/div>\n                                                        <div class=\"post-card--inner\">\n                                <span class=\"card-label\">Neu und \u00fcberarbeitet<\/span>\n\t\t\t\t\t\t\t\t<h3>Lenkgetriebe<\/h3>\t\t\t\t\t\t\t\t\t\t\t\t\t\t\t\t                                    <a class=\"btn-link\" href=\"https:\/\/www.auto-elect.nl\/de\/produkte\/steuerhauser\/\" target=\"_self\">\n\t\t\t\t\t\t\t\t\t\tLenkgetriebe anzeigen                                    <\/a>\n\t\t\t\t\t\t\t\t                            <\/div>\n\t\t\t\t\t\t\t                                <a href=\"https:\/\/www.auto-elect.nl\/de\/produkte\/steuerhauser\/\" class=\"sr-link\">\n                                    <span class=\"screen-reader-text\">\n                                        Lesen Sie mehr \u00fcber View wheelhouses                                    <\/span>\n                                <\/a>\n\t\t\t\t\t\t\t                        <\/article>\n                    <\/div>\n\t\t\t\t                    <div class=\"cell large-3\">\n                        <article class=\"post-card\">\n                                                        <div class=\"post-card--img-box\">\n\t\t\t\t\t\t\t\t<figure><img decoding=\"async\" src=\"https:\/\/www.auto-elect.nl\/wp-content\/uploads\/2024\/11\/product-stuurpomp.webp\" alt=\"Lenkungspumpen\" loading=\"lazy\" \/><\/figure>                            <\/div>\n                                                        <div class=\"post-card--inner\">\n                                <span class=\"card-label\">Neu und \u00fcberarbeitet<\/span>\n\t\t\t\t\t\t\t\t<h3>Lenkungspumpen<\/h3>\t\t\t\t\t\t\t\t\t\t\t\t\t\t\t\t                                    <a class=\"btn-link\" href=\"https:\/\/www.auto-elect.nl\/de\/produkte\/lenkungspumpen\/\" target=\"_self\">\n\t\t\t\t\t\t\t\t\t\tLenkungspumpen anzeigen                                    <\/a>\n\t\t\t\t\t\t\t\t                            <\/div>\n\t\t\t\t\t\t\t                                <a href=\"https:\/\/www.auto-elect.nl\/de\/produkte\/lenkungspumpen\/\" class=\"sr-link\">\n                                    <span class=\"screen-reader-text\">\n                                        Lesen Sie mehr \u00fcber Ansicht Lenkungspumpen                                    <\/span>\n                                <\/a>\n\t\t\t\t\t\t\t                        <\/article>\n                    <\/div>\n\t\t\t\t                    <div class=\"cell large-3\">\n                        <article class=\"post-card\">\n                                                        <div class=\"post-card--img-box\">\n\t\t\t\t\t\t\t\t<figure><img decoding=\"async\" src=\"https:\/\/www.auto-elect.nl\/wp-content\/uploads\/2024\/11\/product-turbo.webp\" alt=\"Turbolader\" loading=\"lazy\" \/><\/figure>                            <\/div>\n                                                        <div class=\"post-card--inner\">\n                                <span class=\"card-label\">Neu und \u00fcberarbeitet<\/span>\n\t\t\t\t\t\t\t\t<h3>Turbolader<\/h3>\t\t\t\t\t\t\t\t\t\t\t\t\t\t\t\t                                    <a class=\"btn-link\" href=\"https:\/\/www.auto-elect.nl\/de\/produkte\/turbolader\/\" target=\"_self\">\n\t\t\t\t\t\t\t\t\t\tTurbolader anzeigen                                    <\/a>\n\t\t\t\t\t\t\t\t                            <\/div>\n\t\t\t\t\t\t\t                                <a href=\"https:\/\/www.auto-elect.nl\/de\/produkte\/turbolader\/\" class=\"sr-link\">\n                                    <span class=\"screen-reader-text\">\n                                        Lesen Sie mehr \u00fcber View Turbolader                                    <\/span>\n                                <\/a>\n\t\t\t\t\t\t\t                        <\/article>\n                    <\/div>\n\t\t\t\t                    <div class=\"cell large-3\">\n                        <article class=\"post-card\">\n                                                        <div class=\"post-card--img-box\">\n\t\t\t\t\t\t\t\t<figure><img decoding=\"async\" src=\"https:\/\/www.auto-elect.nl\/wp-content\/uploads\/2024\/11\/product-hybride-batterij.webp\" alt=\"Hybridbatterien\" loading=\"lazy\" \/><\/figure>                            <\/div>\n                                                        <div class=\"post-card--inner\">\n                                <span class=\"card-label\">\u00dcberarbeitet<\/span>\n\t\t\t\t\t\t\t\t<h3>Hybridbatterien<\/h3>\t\t\t\t\t\t\t\t\t\t\t\t\t\t\t\t                                    <a class=\"btn-link\" href=\"https:\/\/www.auto-elect.nl\/de\/produkte\/hybridbatterien\/\" target=\"_self\">\n\t\t\t\t\t\t\t\t\t\tHybride Batterien anzeigen                                    <\/a>\n\t\t\t\t\t\t\t\t                            <\/div>\n\t\t\t\t\t\t\t                                <a href=\"https:\/\/www.auto-elect.nl\/de\/produkte\/hybridbatterien\/\" class=\"sr-link\">\n                                    <span class=\"screen-reader-text\">\n                                        Lesen Sie mehr \u00fcber View hybrid batteries                                    <\/span>\n                                <\/a>\n\t\t\t\t\t\t\t                        <\/article>\n                    <\/div>\n\t\t\t\t                    <div class=\"cell large-3\">\n                        <article class=\"post-card\">\n                                                        <div class=\"post-card--img-box\">\n\t\t\t\t\t\t\t\t<figure><img decoding=\"async\" src=\"https:\/\/www.auto-elect.nl\/wp-content\/uploads\/2024\/11\/product-egr.webp\" alt=\"AGR\" loading=\"lazy\" \/><\/figure>                            <\/div>\n                                                        <div class=\"post-card--inner\">\n                                <span class=\"card-label\">Neu<\/span>\n\t\t\t\t\t\t\t\t<h3>AGR<\/h3>\t\t\t\t\t\t\t\t\t\t\t\t\t\t\t\t                                    <a class=\"btn-link\" href=\"https:\/\/www.auto-elect.nl\/de\/produkte\/egr\/\" target=\"_self\">\n\t\t\t\t\t\t\t\t\t\tEGR anzeigen                                    <\/a>\n\t\t\t\t\t\t\t\t                            <\/div>\n\t\t\t\t\t\t\t                                <a href=\"https:\/\/www.auto-elect.nl\/de\/produkte\/egr\/\" class=\"sr-link\">\n                                    <span class=\"screen-reader-text\">\n                                        Lesen Sie mehr \u00fcber View EGR                                    <\/span>\n                                <\/a>\n\t\t\t\t\t\t\t                        <\/article>\n                    <\/div>\n\t\t\t\t                    <div class=\"cell large-3\">\n                        <article class=\"post-card\">\n                                                        <div class=\"post-card--img-box\">\n\t\t\t\t\t\t\t\t<figure><img decoding=\"async\" src=\"https:\/\/www.auto-elect.nl\/wp-content\/uploads\/2024\/11\/product-airconditioning.webp\" alt=\"Klimaanlage\" loading=\"lazy\" \/><\/figure>                            <\/div>\n                                                        <div class=\"post-card--inner\">\n                                <span class=\"card-label\">Neu und \u00fcberarbeitet<\/span>\n\t\t\t\t\t\t\t\t<h3>Klimaanlage<\/h3>\t\t\t\t\t\t\t\t\t\t\t\t\t\t\t\t                                    <a class=\"btn-link\" href=\"https:\/\/www.auto-elect.nl\/de\/produkte\/klimatisierung\/\" target=\"_self\">\n\t\t\t\t\t\t\t\t\t\tKlimaanlage anzeigen                                    <\/a>\n\t\t\t\t\t\t\t\t                            <\/div>\n\t\t\t\t\t\t\t                                <a href=\"https:\/\/www.auto-elect.nl\/de\/produkte\/klimatisierung\/\" class=\"sr-link\">\n                                    <span class=\"screen-reader-text\">\n                                        Lesen Sie mehr \u00fcber View air-conditoning                                    <\/span>\n                                <\/a>\n\t\t\t\t\t\t\t                        <\/article>\n                    <\/div>\n\t\t\t\t                    <div class=\"cell large-3\">\n                        <article class=\"post-card\">\n                                                        <div class=\"post-card--img-box\">\n\t\t\t\t\t\t\t\t<figure><img decoding=\"async\" src=\"https:\/\/www.auto-elect.nl\/wp-content\/uploads\/2024\/11\/product-automotive-sensoren.webp\" alt=\"Automobilsensoren\" loading=\"lazy\" \/><\/figure>                            <\/div>\n                                                        <div class=\"post-card--inner\">\n                                <span class=\"card-label\">Neu<\/span>\n\t\t\t\t\t\t\t\t<h3>Automobilsensoren<\/h3>\t\t\t\t\t\t\t\t\t\t\t\t\t\t\t\t                                    <a class=\"btn-link\" href=\"https:\/\/www.auto-elect.nl\/de\/produkte\/kfz-sensoren\/\" target=\"_self\">\n\t\t\t\t\t\t\t\t\t\tAutomobilsensoren anzeigen                                    <\/a>\n\t\t\t\t\t\t\t\t                            <\/div>\n\t\t\t\t\t\t\t                                <a href=\"https:\/\/www.auto-elect.nl\/de\/produkte\/kfz-sensoren\/\" class=\"sr-link\">\n                                    <span class=\"screen-reader-text\">\n                                        Lesen Sie mehr \u00fcber Sensoren f\u00fcr die Automobilindustrie                                    <\/span>\n                                <\/a>\n\t\t\t\t\t\t\t                        <\/article>\n                    <\/div>\n\t\t\t\t            <\/div>\n\t\t    <\/div>\n<\/section>\n\n\n<section class=\"gallery\" >\n\t    <div class=\"grid-container\">\n\t    \t\t            <div class=\"gallery-slider\">\n                <div class=\"swiper-wrapper\">\n\t                                    <div class=\"swiper-slide\">\n                      <div class=\"img-box\">\n\t                      <figure><img decoding=\"async\" src=\"https:\/\/www.auto-elect.nl\/wp-content\/uploads\/2024\/10\/producten-nieuw-en-gereviseerd.webp\" alt=\"\" loading=\"lazy\" \/><\/figure>                      <\/div>\n                    <\/div>\n\t\t                               <\/div>\n            <\/div>\n\t\t\t\t        <\/div>\n    <\/section>\n\n\n\n<section class=\"cta\" >\n    <div class=\"img-box\">\n\t\t<figure><img decoding=\"async\" src=\"https:\/\/www.auto-elect.nl\/wp-content\/uploads\/2024\/10\/samen-lossen-we-elke-storing-op.webp\" alt=\"Gemeinsam l&ouml;sen wir jedes Problem&lt;br \/&gt;\" loading=\"lazy\" \/><\/figure>    <\/div>\n\n    <div class=\"grid-container\">\n        <div class=\"cta-inner\">\n\t        <h2>Gemeinsam l\u00f6sen wir jedes Problem<br \/>\r\n<\/h2><p>Egal ob es sich um ein altes oder neues Auto handelt, gemeinsam l\u00f6sen wir jedes Problem. Mit unseren Produkten arbeiten Sie effizient und auf h\u00f6chstem Niveau. Wir k\u00f6nnen ab Lager liefern oder Ihr Produkt \u00fcberarbeiten. M\u00f6chten Sie mehr erfahren? Suchen Sie in unserem Online-Shop nach dem Produkt, das Sie ben\u00f6tigen, oder nehmen Sie direkt Kontakt auf. Wir schauen gerne, wie wir Ihnen helfen k\u00f6nnen, damit Ihr Kunde schnell wieder auf der Stra\u00dfe ist.<\/p>\n        <a class=\"btn outline\" href=\"https:\/\/www.auto-elect.nl\/de\/kontakt\/\" target=\"_self\">\n\t\t\tKontaktieren Sie uns        <\/a>\n\t\t        <\/div>\n    <\/div>\n<\/section>\n\n\n<section class=\"logos\" >\n    <div class=\"grid-container\">\n\t\t            <div class=\"logo-container\">\n\t\t\t\t                        <article class=\"logo-card\">\n\t\t\t\t\t\t\t\t<figure><img decoding=\"async\" src=\"https:\/\/www.auto-elect.nl\/wp-content\/uploads\/2024\/10\/logo-tec-doc-bw.png\" alt=\"\" loading=\"lazy\" \/><\/figure>\t\t\t\t\t\t\t                        <\/article>\n\t\t\t\t                        <article class=\"logo-card\">\n\t\t\t\t\t\t\t\t<figure><img decoding=\"async\" src=\"https:\/\/www.auto-elect.nl\/wp-content\/uploads\/2024\/10\/logo-edro-zw.png\" alt=\"\" loading=\"lazy\" \/><\/figure>\t\t\t\t\t\t\t                        <\/article>\n\t\t\t\t                        <article class=\"logo-card\">\n\t\t\t\t\t\t\t\t<figure><img decoding=\"async\" src=\"https:\/\/www.auto-elect.nl\/wp-content\/uploads\/2024\/10\/logo-gaured-zw.png\" alt=\"\" loading=\"lazy\" \/><\/figure>\t\t\t\t\t\t\t                        <\/article>\n\t\t\t\t                        <article class=\"logo-card\">\n\t\t\t\t\t\t\t\t<figure><img decoding=\"async\" src=\"https:\/\/www.auto-elect.nl\/wp-content\/uploads\/2024\/10\/logo-pim-automotive-zw.png\" alt=\"\" loading=\"lazy\" \/><\/figure>\t\t\t\t\t\t\t                        <\/article>\n\t\t\t\t                        <article class=\"logo-card\">\n\t\t\t\t\t\t\t\t<figure><img decoding=\"async\" src=\"https:\/\/www.auto-elect.nl\/wp-content\/uploads\/2024\/10\/logo-auto-elect-vintage-zw.png\" alt=\"\" loading=\"lazy\" \/><\/figure>\t\t\t\t\t\t\t                        <\/article>\n\t\t\t\t            <\/div>\n\t\t    <\/div>\n<\/section>","protected":false},"excerpt":{"rendered":"","protected":false},"author":1,"featured_media":0,"parent":0,"menu_order":0,"comment_status":"closed","ping_status":"closed","template":"","meta":{"_acf_changed":false,"footnotes":""},"class_list":["post-13","page","type-page","status-publish","hentry"],"acf":[],"yoast_head":"<!-- This site is optimized with the Yoast SEO plugin v27.4 - https:\/\/yoast.com\/product\/yoast-seo-wordpress\/ -->\n<title>Auto-Elect Producten | - Auto Elect Zeewolde<\/title>\n<meta name=\"description\" content=\"Ontdek het ruime aanbod auto elektronica, accessoires en meer bij Auto-Elect. Kwaliteit en innovatie voor jouw voertuig. Bekijk ons assortiment!\" \/>\n<meta name=\"robots\" content=\"index, follow, max-snippet:-1, max-image-preview:large, max-video-preview:-1\" \/>\n<link rel=\"canonical\" href=\"https:\/\/www.auto-elect.nl\/de\/produkte\/\" \/>\n<meta property=\"og:locale\" content=\"de_DE\" \/>\n<meta property=\"og:type\" content=\"article\" \/>\n<meta property=\"og:title\" content=\"Auto-Elect Producten | - Auto Elect Zeewolde\" \/>\n<meta property=\"og:description\" content=\"Ontdek het ruime aanbod auto elektronica, accessoires en meer bij Auto-Elect. Kwaliteit en innovatie voor jouw voertuig. Bekijk ons assortiment!\" \/>\n<meta property=\"og:url\" content=\"https:\/\/www.auto-elect.nl\/de\/produkte\/\" \/>\n<meta property=\"og:site_name\" content=\"Auto Elect Zeewolde\" \/>\n<meta property=\"article:modified_time\" content=\"2025-01-22T14:18:19+00:00\" \/>\n<meta name=\"twitter:card\" content=\"summary_large_image\" \/>\n<script type=\"application\/ld+json\" class=\"yoast-schema-graph\">{\"@context\":\"https:\\\/\\\/schema.org\",\"@graph\":[{\"@type\":\"WebPage\",\"@id\":\"https:\\\/\\\/www.auto-elect.nl\\\/producten\\\/\",\"url\":\"https:\\\/\\\/www.auto-elect.nl\\\/producten\\\/\",\"name\":\"Auto-Elect Producten | - Auto Elect Zeewolde\",\"isPartOf\":{\"@id\":\"https:\\\/\\\/www.auto-elect.nl\\\/#website\"},\"datePublished\":\"2024-09-30T12:10:05+00:00\",\"dateModified\":\"2025-01-22T14:18:19+00:00\",\"description\":\"Ontdek het ruime aanbod auto elektronica, accessoires en meer bij Auto-Elect. Kwaliteit en innovatie voor jouw voertuig. Bekijk ons assortiment!\",\"breadcrumb\":{\"@id\":\"https:\\\/\\\/www.auto-elect.nl\\\/producten\\\/#breadcrumb\"},\"inLanguage\":\"de\",\"potentialAction\":[{\"@type\":\"ReadAction\",\"target\":[\"https:\\\/\\\/www.auto-elect.nl\\\/producten\\\/\"]}]},{\"@type\":\"BreadcrumbList\",\"@id\":\"https:\\\/\\\/www.auto-elect.nl\\\/producten\\\/#breadcrumb\",\"itemListElement\":[{\"@type\":\"ListItem\",\"position\":1,\"name\":\"Home\",\"item\":\"https:\\\/\\\/www.auto-elect.nl\\\/\"},{\"@type\":\"ListItem\",\"position\":2,\"name\":\"Producten\"}]},{\"@type\":\"WebSite\",\"@id\":\"https:\\\/\\\/www.auto-elect.nl\\\/#website\",\"url\":\"https:\\\/\\\/www.auto-elect.nl\\\/\",\"name\":\"Auto Elect Zeewolde\",\"description\":\"Specialist in nieuwe en gereviseerde autotechnische producten\",\"potentialAction\":[{\"@type\":\"SearchAction\",\"target\":{\"@type\":\"EntryPoint\",\"urlTemplate\":\"https:\\\/\\\/www.auto-elect.nl\\\/?s={search_term_string}\"},\"query-input\":{\"@type\":\"PropertyValueSpecification\",\"valueRequired\":true,\"valueName\":\"search_term_string\"}}],\"inLanguage\":\"de\"}]}<\/script>\n<!-- \/ Yoast SEO plugin. -->","yoast_head_json":{"title":"Auto-Elect Produkte | - Auto Elect Zeewolde","description":"Entdecken Sie die gro\u00dfe Auswahl an Autoelektronik, Zubeh\u00f6r und mehr bei Auto-Elect. Qualit\u00e4t und Innovation f\u00fcr Ihr Fahrzeug. Entdecken Sie unsere Produktpalette!","robots":{"index":"index","follow":"follow","max-snippet":"max-snippet:-1","max-image-preview":"max-image-preview:large","max-video-preview":"max-video-preview:-1"},"canonical":"https:\/\/www.auto-elect.nl\/de\/produkte\/","og_locale":"de_DE","og_type":"article","og_title":"Auto-Elect Producten | - Auto Elect Zeewolde","og_description":"Ontdek het ruime aanbod auto elektronica, accessoires en meer bij Auto-Elect. Kwaliteit en innovatie voor jouw voertuig. Bekijk ons assortiment!","og_url":"https:\/\/www.auto-elect.nl\/de\/produkte\/","og_site_name":"Auto Elect Zeewolde","article_modified_time":"2025-01-22T14:18:19+00:00","twitter_card":"summary_large_image","schema":{"@context":"https:\/\/schema.org","@graph":[{"@type":"WebPage","@id":"https:\/\/www.auto-elect.nl\/producten\/","url":"https:\/\/www.auto-elect.nl\/producten\/","name":"Auto-Elect Produkte | - Auto Elect Zeewolde","isPartOf":{"@id":"https:\/\/www.auto-elect.nl\/#website"},"datePublished":"2024-09-30T12:10:05+00:00","dateModified":"2025-01-22T14:18:19+00:00","description":"Entdecken Sie die gro\u00dfe Auswahl an Autoelektronik, Zubeh\u00f6r und mehr bei Auto-Elect. Qualit\u00e4t und Innovation f\u00fcr Ihr Fahrzeug. Entdecken Sie unsere Produktpalette!","breadcrumb":{"@id":"https:\/\/www.auto-elect.nl\/producten\/#breadcrumb"},"inLanguage":"de","potentialAction":[{"@type":"ReadAction","target":["https:\/\/www.auto-elect.nl\/producten\/"]}]},{"@type":"BreadcrumbList","@id":"https:\/\/www.auto-elect.nl\/producten\/#breadcrumb","itemListElement":[{"@type":"ListItem","position":1,"name":"Home","item":"https:\/\/www.auto-elect.nl\/"},{"@type":"ListItem","position":2,"name":"Producten"}]},{"@type":"WebSite","@id":"https:\/\/www.auto-elect.nl\/#website","url":"https:\/\/www.auto-elect.nl\/","name":"Auto Elect Zeewolde","description":"Spezialist f\u00c3\u00bcr neue und \u00c3\u00bcberholte Autotechnikprodukte","potentialAction":[{"@type":"SearchAction","target":{"@type":"EntryPoint","urlTemplate":"https:\/\/www.auto-elect.nl\/?s={search_term_string}"},"query-input":{"@type":"PropertyValueSpecification","valueRequired":true,"valueName":"search_term_string"}}],"inLanguage":"de"}]}},"_links":{"self":[{"href":"https:\/\/www.auto-elect.nl\/de\/wp-json\/wp\/v2\/pages\/13","targetHints":{"allow":["GET"]}}],"collection":[{"href":"https:\/\/www.auto-elect.nl\/de\/wp-json\/wp\/v2\/pages"}],"about":[{"href":"https:\/\/www.auto-elect.nl\/de\/wp-json\/wp\/v2\/types\/page"}],"author":[{"embeddable":true,"href":"https:\/\/www.auto-elect.nl\/de\/wp-json\/wp\/v2\/users\/1"}],"replies":[{"embeddable":true,"href":"https:\/\/www.auto-elect.nl\/de\/wp-json\/wp\/v2\/comments?post=13"}],"version-history":[{"count":31,"href":"https:\/\/www.auto-elect.nl\/de\/wp-json\/wp\/v2\/pages\/13\/revisions"}],"predecessor-version":[{"id":10014,"href":"https:\/\/www.auto-elect.nl\/de\/wp-json\/wp\/v2\/pages\/13\/revisions\/10014"}],"wp:attachment":[{"href":"https:\/\/www.auto-elect.nl\/de\/wp-json\/wp\/v2\/media?parent=13"}],"curies":[{"name":"wp","href":"https:\/\/api.w.org\/{rel}","templated":true}]}}