{"id":10550,"date":"2026-02-02T21:32:47","date_gmt":"2026-02-02T20:32:47","guid":{"rendered":"https:\/\/www.auto-elect.nl\/?page_id=10550"},"modified":"2026-02-09T09:40:23","modified_gmt":"2026-02-09T08:40:23","slug":"teile","status":"publish","type":"page","link":"https:\/\/www.auto-elect.nl\/de\/onderdelen\/","title":{"rendered":"Onlineshop"},"content":{"rendered":"<section class=\"header webshop\">\n    <div class=\"grid-container\">\n        <div class=\"header-inner-container is-page\">\n            <div class=\"header-inner\">\n\t\t\t\t        <div class=\"breadcrumbs\" typeof=\"Breadcrumblist\" vocab=\"https:\/\/schema.org\">\n\t\t\t<span property=\"itemListElement\" typeof=\"ListItem\"><a property=\"item\" typeof=\"WebPage\" title=\"Gehe zu Auto Elect Zeewolde.\" href=\"https:\/\/www.auto-elect.nl\/de\" class=\"home\" aria-current=\"page\"><span property=\"name\">Auto Elect Zeewolde<\/span><\/a><meta property=\"position\" content=\"1\"><\/span>        <\/div>\n\t\t\t\t\t\t<h1>Webshop f\u00fcr Lenkgetriebe, EPS und Turbolader<\/h1><p>Auto Elect B.V. ist spezialisiert auf Lenkgetriebe, Lenkungspumpen, Klimakompressoren und Fahrzeugelektronik f\u00fcr alle Marken. Um Ihnen den bestm\u00f6glichen Service zu bieten, bitten wir Sie, unten die Marke und anschlie\u00dfend das Modell Ihres Fahrzeugs auszuw\u00e4hlen. Sie sehen dann die Produkte, die wir f\u00fcr Ihr Fahrzeug liefern k\u00f6nnen. Ist die Marke Ihres Fahrzeugs nicht aufgef\u00fchrt? Dann wenden Sie sich an einen unserer Mitarbeiter, der Sie gerne \u00fcber die M\u00f6glichkeiten informieren wird.<\/p>\n            <\/div>\n        <\/div>\n    <\/div>\n<\/section>\n\n<section class=\"products\" >\n    <div class=\"grid-container\">\n        <div class=\"grid-x grid-margin-y grid-margin-x\">\n\n            <div class=\"cell large-3\">\n\t\t\t\t\n<div class=\"grid-searchbar\">\n    <input type=\"search\" id=\"trsn-grid-search\" placeholder=\"Suche nach Artikel oder OEM-Nummer...\" autocomplete=\"off\">\n<\/div>\n\n\n\t\t<div class=\"car-searcher\">\n\n\t\t\t<label for=\"trsn-sel-manufacturer\">Feuer<\/label>\n\t\t\t<select id=\"trsn-sel-manufacturer\" class=\"trsn-sel\">\n\t\t\t\t<option value=\"\">W\u00e4hlen Sie eine Automarke...<\/option>\n\n\t\t\t\t<option value=\"abarth\">ABARTH<\/option><option value=\"acura\">ACURA<\/option><option value=\"alfa-romeo\">ALFA ROMEO<\/option><option value=\"audi\">AUDI<\/option><option value=\"bentley\">BENTLEY<\/option><option value=\"bmw\">BMW<\/option><option value=\"cadillac\">CADILLAC<\/option><option value=\"chevrolet\">CHEVROLET<\/option><option value=\"chrysler\">CHRYSLER<\/option><option value=\"citroen\">CITRO\u00cbN<\/option><option value=\"dacia\">DACIA<\/option><option value=\"daewoo\">DAEWOO<\/option><option value=\"daihatsu\">DAIHATSU<\/option><option value=\"dodge\">DODGE<\/option><option value=\"ds\">DS<\/option><option value=\"ferrari\">FERRARI<\/option><option value=\"fiat\">FIAT<\/option><option value=\"ford\">FORD<\/option><option value=\"ford-usa\">FORD USA<\/option><option value=\"gmc\">GMC<\/option><option value=\"honda\">HONDA<\/option><option value=\"hyundai\">HYUNDAI<\/option><option value=\"isuzu\">ISUZU<\/option><option value=\"iveco\">IVECO<\/option><option value=\"jaguar\">JAGUAR<\/option><option value=\"jeep\">JEEP<\/option><option value=\"kia\">KIA<\/option><option value=\"lada\">LADA<\/option><option value=\"lamborghini\">LAMBORGHINI<\/option><option value=\"lancia\">LANCIA<\/option><option value=\"land-rover\">LAND ROVER<\/option><option value=\"ldv\">LDV<\/option><option value=\"lexus\">LEXUS<\/option><option value=\"lincoln\">LINCOLN<\/option><option value=\"maserati\">MASERATI<\/option><option value=\"mazda\">MAZDA<\/option><option value=\"mercedes-benz\">MERCEDES-BENZ<\/option><option value=\"mg\">MG<\/option><option value=\"mini\">MINI<\/option><option value=\"mitsubishi\">MITSUBISHI<\/option><option value=\"nissan\">NISSAN<\/option><option value=\"opel\">OPEL<\/option><option value=\"peugeot\">PEUGEOT<\/option><option value=\"pontiac\">PONTIAC<\/option><option value=\"porsche\">PORSCHE<\/option><option value=\"proton\">PROTON<\/option><option value=\"renault\">RENAULT<\/option><option value=\"renault-trucks\">RENAULT-LKWS<\/option><option value=\"rover\">ROVER<\/option><option value=\"saab\">SAAB<\/option><option value=\"seat\">SEAT<\/option><option value=\"skoda\">SKODA<\/option><option value=\"smart\">SMART<\/option><option value=\"ssangyong\">SSANGYONG<\/option><option value=\"subaru\">SUBARU<\/option><option value=\"suzuki\">SUZUKI<\/option><option value=\"talbot\">TALBOT<\/option><option value=\"toyota\">TOYOTA<\/option><option value=\"triumph\">TRIUMPH<\/option><option value=\"vauxhall\">VAUXHALL<\/option><option value=\"volvo\">VOLVO<\/option><option value=\"vw\">VW<\/option>\n\t\t\t<\/select>\n\n\t\t\t<label for=\"trsn-sel-model\">Modell<\/label>\n\t\t\t<select id=\"trsn-sel-model\" class=\"trsn-sel\" disabled>\n\t\t\t\t<option value=\"\">W\u00e4hlen Sie zuerst eine Marke...<\/option>\n\t\t\t<\/select>\n\n\t\t\t<label for=\"trsn-sel-engine\">Motor<\/label>\n\t\t\t<select id=\"trsn-sel-engine\" class=\"trsn-sel\" disabled>\n\t\t\t\t<option value=\"\">W\u00e4hlen Sie zuerst ein Modell aus...<\/option>\n\t\t\t<\/select>\n\n\t\t\t<button id=\"trsn-selector-reset\" type=\"button\" class=\"trsn-reset-btn\">\n\t\t\t\tAuswahl l\u00f6schen\t\t\t<\/button>\n\n\t\t<\/div>\n\n\t\t\n        <div class=\"licence-container\" data-lang=\"de\">\n            <form class=\"trsn-licence-search-form\" data-country=\"NL\" action=\"\">\n                <div class=\"licence-country-switch\">\n                    <select id=\"trsn-country-selector\" name=\"country\">\n\t\t\t\t\t\t                            <option value=\"DE\" >\n\t\t\t\t\t\t\t\tDeutschland                            <\/option>\n\t\t\t\t\t\t                            <option value=\"NL\"  selected='selected'>\n\t\t\t\t\t\t\t\tNiederlande                            <\/option>\n\t\t\t\t\t\t                    <\/select>\n                <\/div>\n                <div class=\"plate-container\">\n                    <input type=\"text\" id=\"trsn-licence-input\" name=\"licence\" required maxlength=\"12\"\n                           autocomplete=\"off\" value=\"\"\n                           class=\"input-nl\"\n                           placeholder=\"A-123-AA\" \/>\n                    <button type=\"submit\" class=\"btn search-btn\">\n                        <i class=\"far fa-search\" aria-hidden=\"true\"><\/i>\n                    <\/button>\n                    <span class=\"lang-code\">DE<\/span>\n                    <button type=\"button\" id=\"trsn-reset-btn\" class=\"reset-btn\">\n                        <i class=\"far fa-rotate-left\"><\/i> <span>Zur\u00fccksetzen<\/span>\n                    <\/button>\n                <\/div>\n            <input type=\"hidden\" name=\"trp-form-language\" value=\"de\"\/><\/form>\n            <div class=\"trsn-licence-results\" aria-live=\"polite\"><\/div>\n        <\/div>\n\t\t\n\n<aside class=\"products\" aria-label=\"Produktfilter\">\n    <p class=\"filters\">Filter<\/p>\n\n\t        <div class=\"filter-container\">\n            <div class=\"filter\">\n\n                <ul class=\"trsn-group-list\"\n                    role=\"listbox\"\n                    aria-label=\"Produktgruppen\">\n\t\t\t\t\t                        <li>\n                            <a href=\"#\"\n                               class=\"trsn-group-filter\"\n                               data-group=\"agr-ventil\"\n                               role=\"option\"\n                               aria-selected=\"false\">\n                                <span class=\"box\" aria-hidden=\"true\"><\/span>\n\t\t\t\t\t\t\t\tAGR-Ventil                            <\/a>\n                        <\/li>\n\t\t\t\t\t                        <li>\n                            <a href=\"#\"\n                               class=\"trsn-group-filter\"\n                               data-group=\"antriebsbatterie\"\n                               role=\"option\"\n                               aria-selected=\"false\">\n                                <span class=\"box\" aria-hidden=\"true\"><\/span>\n\t\t\t\t\t\t\t\tAntriebsbatterie                            <\/a>\n                        <\/li>\n\t\t\t\t\t                        <li>\n                            <a href=\"#\"\n                               class=\"trsn-group-filter\"\n                               data-group=\"dichtungssatz-agr-system\"\n                               role=\"option\"\n                               aria-selected=\"false\">\n                                <span class=\"box\" aria-hidden=\"true\"><\/span>\n\t\t\t\t\t\t\t\tDichtungssatz, AGR-System                            <\/a>\n                        <\/li>\n\t\t\t\t\t                        <li>\n                            <a href=\"#\"\n                               class=\"trsn-group-filter\"\n                               data-group=\"hydraulikpumpe-lenkung\"\n                               role=\"option\"\n                               aria-selected=\"false\">\n                                <span class=\"box\" aria-hidden=\"true\"><\/span>\n\t\t\t\t\t\t\t\tHydraulikpumpe, Lenkung                            <\/a>\n                        <\/li>\n\t\t\t\t\t                        <li>\n                            <a href=\"#\"\n                               class=\"trsn-group-filter\"\n                               data-group=\"lader-aufladung\"\n                               role=\"option\"\n                               aria-selected=\"false\">\n                                <span class=\"box\" aria-hidden=\"true\"><\/span>\n\t\t\t\t\t\t\t\tLadeger\u00e4t, Laden                            <\/a>\n                        <\/li>\n\t\t\t\t\t                        <li>\n                            <a href=\"#\"\n                               class=\"trsn-group-filter\"\n                               data-group=\"lenkgetriebe\"\n                               role=\"option\"\n                               aria-selected=\"false\">\n                                <span class=\"box\" aria-hidden=\"true\"><\/span>\n\t\t\t\t\t\t\t\tLenkgetriebe                            <\/a>\n                        <\/li>\n\t\t\t\t\t                        <li>\n                            <a href=\"#\"\n                               class=\"trsn-group-filter\"\n                               data-group=\"lenksaule\"\n                               role=\"option\"\n                               aria-selected=\"false\">\n                                <span class=\"box\" aria-hidden=\"true\"><\/span>\n\t\t\t\t\t\t\t\tLenks\u00e4ule                            <\/a>\n                        <\/li>\n\t\t\t\t\t                        <li>\n                            <a href=\"#\"\n                               class=\"trsn-group-filter\"\n                               data-group=\"luftmassenmesser\"\n                               role=\"option\"\n                               aria-selected=\"false\">\n                                <span class=\"box\" aria-hidden=\"true\"><\/span>\n\t\t\t\t\t\t\t\tLuftmassenmesser                            <\/a>\n                        <\/li>\n\t\t\t\t\t                        <li>\n                            <a href=\"#\"\n                               class=\"trsn-group-filter\"\n                               data-group=\"nox-sensor-nox-katalysator\"\n                               role=\"option\"\n                               aria-selected=\"false\">\n                                <span class=\"box\" aria-hidden=\"true\"><\/span>\n\t\t\t\t\t\t\t\tNOx-Sensor, NOx-Katalysator                            <\/a>\n                        <\/li>\n\t\t\t\t\t                        <li>\n                            <a href=\"#\"\n                               class=\"trsn-group-filter\"\n                               data-group=\"rumpfgruppe-turbolader\"\n                               role=\"option\"\n                               aria-selected=\"false\">\n                                <span class=\"box\" aria-hidden=\"true\"><\/span>\n\t\t\t\t\t\t\t\tRumpfgruppe, Turbolader                            <\/a>\n                        <\/li>\n\t\t\t\t\t                        <li>\n                            <a href=\"#\"\n                               class=\"trsn-group-filter\"\n                               data-group=\"zusatzwasserpumpe-kuhlwasserkreislauf\"\n                               role=\"option\"\n                               aria-selected=\"false\">\n                                <span class=\"box\" aria-hidden=\"true\"><\/span>\n\t\t\t\t\t\t\t\tZusatzwasserpumpe (K\u00fchlwasserkreislauf)                            <\/a>\n                        <\/li>\n\t\t\t\t\t                <\/ul>\n\n                <button id=\"trsn-reset-filters\" class=\"btn-link\" type=\"button\">\n\t\t\t\t\tFilter zur\u00fccksetzen                <\/button>\n            <\/div>\n        <\/div>\n\t<\/aside>\n            <\/div>\n\n            <div class=\"cell large-9 product-container\">\n                <div class=\"grid-x grid-margin-y grid-margin-x trsn-product-list\" aria-live=\"polite\" aria-busy=\"false\"><\/div>\n            <\/div>\n\n        <\/div>\n    <\/div>\n<\/section>","protected":false},"excerpt":{"rendered":"","protected":false},"author":1,"featured_media":0,"parent":0,"menu_order":0,"comment_status":"closed","ping_status":"closed","template":"","meta":{"_acf_changed":false,"footnotes":""},"class_list":["post-10550","page","type-page","status-publish","hentry"],"acf":[],"yoast_head":"<!-- This site is optimized with the Yoast SEO plugin v27.4 - https:\/\/yoast.com\/product\/yoast-seo-wordpress\/ -->\n<title>Webshop - Auto Elect Zeewolde<\/title>\n<meta name=\"robots\" content=\"index, follow, max-snippet:-1, max-image-preview:large, max-video-preview:-1\" \/>\n<link rel=\"canonical\" href=\"https:\/\/www.auto-elect.nl\/de\/teile\/\" \/>\n<meta property=\"og:locale\" content=\"de_DE\" \/>\n<meta property=\"og:type\" content=\"article\" \/>\n<meta property=\"og:title\" content=\"Webshop - Auto Elect Zeewolde\" \/>\n<meta property=\"og:url\" content=\"https:\/\/www.auto-elect.nl\/de\/teile\/\" \/>\n<meta property=\"og:site_name\" content=\"Auto Elect Zeewolde\" \/>\n<meta property=\"article:modified_time\" content=\"2026-02-09T08:40:23+00:00\" \/>\n<meta name=\"twitter:card\" content=\"summary_large_image\" \/>\n<script type=\"application\/ld+json\" class=\"yoast-schema-graph\">{\"@context\":\"https:\\\/\\\/schema.org\",\"@graph\":[{\"@type\":\"WebPage\",\"@id\":\"https:\\\/\\\/www.auto-elect.nl\\\/onderdelen\\\/\",\"url\":\"https:\\\/\\\/www.auto-elect.nl\\\/onderdelen\\\/\",\"name\":\"Webshop - Auto Elect Zeewolde\",\"isPartOf\":{\"@id\":\"https:\\\/\\\/www.auto-elect.nl\\\/#website\"},\"datePublished\":\"2026-02-02T20:32:47+00:00\",\"dateModified\":\"2026-02-09T08:40:23+00:00\",\"breadcrumb\":{\"@id\":\"https:\\\/\\\/www.auto-elect.nl\\\/onderdelen\\\/#breadcrumb\"},\"inLanguage\":\"de\",\"potentialAction\":[{\"@type\":\"ReadAction\",\"target\":[\"https:\\\/\\\/www.auto-elect.nl\\\/onderdelen\\\/\"]}]},{\"@type\":\"BreadcrumbList\",\"@id\":\"https:\\\/\\\/www.auto-elect.nl\\\/onderdelen\\\/#breadcrumb\",\"itemListElement\":[{\"@type\":\"ListItem\",\"position\":1,\"name\":\"Home\",\"item\":\"https:\\\/\\\/www.auto-elect.nl\\\/\"},{\"@type\":\"ListItem\",\"position\":2,\"name\":\"Webshop\"}]},{\"@type\":\"WebSite\",\"@id\":\"https:\\\/\\\/www.auto-elect.nl\\\/#website\",\"url\":\"https:\\\/\\\/www.auto-elect.nl\\\/\",\"name\":\"Auto Elect Zeewolde\",\"description\":\"Specialist in nieuwe en gereviseerde autotechnische producten\",\"potentialAction\":[{\"@type\":\"SearchAction\",\"target\":{\"@type\":\"EntryPoint\",\"urlTemplate\":\"https:\\\/\\\/www.auto-elect.nl\\\/?s={search_term_string}\"},\"query-input\":{\"@type\":\"PropertyValueSpecification\",\"valueRequired\":true,\"valueName\":\"search_term_string\"}}],\"inLanguage\":\"de\"}]}<\/script>\n<!-- \/ Yoast SEO plugin. -->","yoast_head_json":{"title":"Webshop - Auto Elect Zeewolde","robots":{"index":"index","follow":"follow","max-snippet":"max-snippet:-1","max-image-preview":"max-image-preview:large","max-video-preview":"max-video-preview:-1"},"canonical":"https:\/\/www.auto-elect.nl\/de\/teile\/","og_locale":"de_DE","og_type":"article","og_title":"Webshop - Auto Elect Zeewolde","og_url":"https:\/\/www.auto-elect.nl\/de\/teile\/","og_site_name":"Auto Elect Zeewolde","article_modified_time":"2026-02-09T08:40:23+00:00","twitter_card":"summary_large_image","schema":{"@context":"https:\/\/schema.org","@graph":[{"@type":"WebPage","@id":"https:\/\/www.auto-elect.nl\/onderdelen\/","url":"https:\/\/www.auto-elect.nl\/onderdelen\/","name":"Webshop - Auto Elect Zeewolde","isPartOf":{"@id":"https:\/\/www.auto-elect.nl\/#website"},"datePublished":"2026-02-02T20:32:47+00:00","dateModified":"2026-02-09T08:40:23+00:00","breadcrumb":{"@id":"https:\/\/www.auto-elect.nl\/onderdelen\/#breadcrumb"},"inLanguage":"de","potentialAction":[{"@type":"ReadAction","target":["https:\/\/www.auto-elect.nl\/onderdelen\/"]}]},{"@type":"BreadcrumbList","@id":"https:\/\/www.auto-elect.nl\/onderdelen\/#breadcrumb","itemListElement":[{"@type":"ListItem","position":1,"name":"Home","item":"https:\/\/www.auto-elect.nl\/"},{"@type":"ListItem","position":2,"name":"Webshop"}]},{"@type":"WebSite","@id":"https:\/\/www.auto-elect.nl\/#website","url":"https:\/\/www.auto-elect.nl\/","name":"Auto Elect Zeewolde","description":"Spezialist f\u00c3\u00bcr neue und \u00c3\u00bcberholte Autotechnikprodukte","potentialAction":[{"@type":"SearchAction","target":{"@type":"EntryPoint","urlTemplate":"https:\/\/www.auto-elect.nl\/?s={search_term_string}"},"query-input":{"@type":"PropertyValueSpecification","valueRequired":true,"valueName":"search_term_string"}}],"inLanguage":"de"}]}},"_links":{"self":[{"href":"https:\/\/www.auto-elect.nl\/de\/wp-json\/wp\/v2\/pages\/10550","targetHints":{"allow":["GET"]}}],"collection":[{"href":"https:\/\/www.auto-elect.nl\/de\/wp-json\/wp\/v2\/pages"}],"about":[{"href":"https:\/\/www.auto-elect.nl\/de\/wp-json\/wp\/v2\/types\/page"}],"author":[{"embeddable":true,"href":"https:\/\/www.auto-elect.nl\/de\/wp-json\/wp\/v2\/users\/1"}],"replies":[{"embeddable":true,"href":"https:\/\/www.auto-elect.nl\/de\/wp-json\/wp\/v2\/comments?post=10550"}],"version-history":[{"count":3,"href":"https:\/\/www.auto-elect.nl\/de\/wp-json\/wp\/v2\/pages\/10550\/revisions"}],"predecessor-version":[{"id":10573,"href":"https:\/\/www.auto-elect.nl\/de\/wp-json\/wp\/v2\/pages\/10550\/revisions\/10573"}],"wp:attachment":[{"href":"https:\/\/www.auto-elect.nl\/de\/wp-json\/wp\/v2\/media?parent=10550"}],"curies":[{"name":"wp","href":"https:\/\/api.w.org\/{rel}","templated":true}]}}