{"id":10192,"date":"2025-02-21T11:30:15","date_gmt":"2025-02-21T10:30:15","guid":{"rendered":"https:\/\/www.auto-elect.nl\/?page_id=10192"},"modified":"2025-02-24T11:06:09","modified_gmt":"2025-02-24T10:06:09","slug":"bloggt","status":"publish","type":"page","link":"https:\/\/www.auto-elect.nl\/de\/blogs\/","title":{"rendered":"Blogs"},"content":{"rendered":"<section class=\"has-bg header\" >\n\t    <div class=\"img-box\">\n\t\t<figure><img decoding=\"async\" src=\"https:\/\/www.auto-elect.nl\/wp-content\/uploads\/2024\/09\/header-image-alfa-desktop.jpg\" alt=\"\" \/><\/figure>    <\/div>\n        <div class=\"grid-container\">\n       <div class=\"header-inner-container is-page\">\n           <div class=\"header-inner\" data-aos=\"fade-up\">\n\t\t               <div class=\"breadcrumbs\" typeof=\"Breadcrumblist\" vocab=\"https:\/\/schema.org\">\n\t\t\t<span property=\"itemListElement\" typeof=\"ListItem\"><a property=\"item\" typeof=\"WebPage\" title=\"Gehe zu Auto Elect Zeewolde.\" href=\"https:\/\/www.auto-elect.nl\/de\" class=\"home\" aria-current=\"page\"><span property=\"name\">Auto Elect Zeewolde<\/span><\/a><meta property=\"position\" content=\"1\"><\/span>        <\/div>\n\t\t<h1>Blogs<\/h1>               <div class=\"btn-container\">\n\t\t\t                      <\/div>\n           <\/div>\n           <div class=\"employees-container\">\n               <div class=\"background\">\n                   <img decoding=\"async\" src=\"https:\/\/www.auto-elect.nl\/wp-content\/themes\/treesign\/assets\/images\/header-white-flakes.svg\" alt=\"Hintergrund Kopfzeile\">\n               <\/div>\n                      <\/div>\n       <\/div>\n    <\/div>\n<\/section>\n\n\n<section class=\"grid\" >\n    <div class=\"grid-container\">\n\t\t        <div class=\"grid-x grid-margin-x\">\n            <div class=\"cell large-3\">\n                <aside class=\"grid--filters\">\n                    <h2>Filter<\/h2>\n                    <div id=\"filter-location-label\">\n                        <label>Kategorien<\/label>\n\t\t\t            <div class=\"facetwp-facet facetwp-facet-post_categories facetwp-type-checkboxes\" data-name=\"post_categories\" data-type=\"checkboxes\"><\/div>                    <\/div>\n\t\t            \n                <\/aside>\n            <\/div>\n            <div class=\"cell large-9\">\n\t                  <div class=\"loop\">\n                <div class=\"grid-x grid-margin-x grid-margin-y\">\n\t\t                                                    <div class=\"cell large-6\">\n\t\t\t\t\t                  <article class=\"post-card\">\n    <div class=\"post-card--img-box\">\n\t    <span class=\"term\">Lenkgetriebe<\/span>\t\t<figure><img decoding=\"async\" src=\"https:\/\/www.auto-elect.nl\/wp-content\/uploads\/2024\/10\/stuurhuizen-van-hoge-kwaliteit.webp\" alt=\"Neue Entwicklung: bald umfangreicher Bestand an neuen hydraulischen Lenkgeh\u00e4usen\" loading=\"lazy\" \/><\/figure>    <\/div>\n    <div class=\"post-card--inner\">\n        <div class=\"meta\">\n            <i class=\"far fa-calendar\"><\/i>31. M\u00e4rz 2026            <i class=\"far fa-clock\" style=\"margin: 0 0.375rem 0 1rem;\"><\/i>5 Minuten Lesezeit            <i class=\"far fa-user\"><\/i>Glenn Roozing        <\/div>\n\n\t\t<h3>Neue Entwicklung: bald umfangreicher Bestand an neuen hydraulischen Lenkgeh\u00e4usen<\/h3>        <a class=\"btn-link\" href=\"https:\/\/www.auto-elect.nl\/de\/blog\/nieuwe-ontwikkeling-binnenkort-ruime-voorraad-nieuwe-hydraulische-stuurhuizen\/\" target=\"_self\">\n\t\t\tMehr lesen        <\/a>\n    <\/div>\n    <a href=\"https:\/\/www.auto-elect.nl\/de\/blog\/nieuwe-ontwikkeling-binnenkort-ruime-voorraad-nieuwe-hydraulische-stuurhuizen\/\" class=\"sr-link\">\n        <span class=\"screen-reader-text\">\n            Lesen Sie mehr \u00fcberNeuentwicklung: Bald reichlicher Vorrat an neuen hydraulischen Lenkgeh\u00e4usen        <\/span>\n    <\/a>\n<\/article>\n                                  <\/div>\n\t\t\t\t                                                    <div class=\"cell large-6\">\n\t\t\t\t\t                  <article class=\"post-card\">\n    <div class=\"post-card--img-box\">\n\t    <span class=\"term\">Lenkgetriebe<\/span>\t\t<figure><img decoding=\"async\" src=\"https:\/\/www.auto-elect.nl\/wp-content\/uploads\/2026\/03\/Blog-20-VAG-voorraad-1600x800.jpg\" alt=\"Die Konstruktion der VAG EPS-Lenkgetriebe: Technik, Varianten und \u00dcberholung in der Praxis\" loading=\"lazy\" \/><\/figure>    <\/div>\n    <div class=\"post-card--inner\">\n        <div class=\"meta\">\n            <i class=\"far fa-calendar\"><\/i>17. M\u00e4rz 2026            <i class=\"far fa-clock\" style=\"margin: 0 0.375rem 0 1rem;\"><\/i>13 Minuten Lesezeit            <i class=\"far fa-user\"><\/i>Gerard Brouwers        <\/div>\n\n\t\t<h3>Die Konstruktion der VAG EPS-Lenkgetriebe: Technik, Varianten und \u00dcberholung in der Praxis<\/h3>        <a class=\"btn-link\" href=\"https:\/\/www.auto-elect.nl\/de\/blog\/de-opbouw-van-vag-eps-stuurhuizen-techniek-variaties-en-revisie-in-de-praktijk\/\" target=\"_self\">\n\t\t\tMehr lesen        <\/a>\n    <\/div>\n    <a href=\"https:\/\/www.auto-elect.nl\/de\/blog\/de-opbouw-van-vag-eps-stuurhuizen-techniek-variaties-en-revisie-in-de-praktijk\/\" class=\"sr-link\">\n        <span class=\"screen-reader-text\">\n            Lesen Sie mehr \u00fcberDie Konstruktion der VAG EPS-Lenkgetriebe: Technik, Varianten und \u00dcberholung in der Praxis        <\/span>\n    <\/a>\n<\/article>\n                                  <\/div>\n\t\t\t\t                                                    <div class=\"cell large-6\">\n\t\t\t\t\t                  <article class=\"post-card\">\n    <div class=\"post-card--img-box\">\n\t    <span class=\"term\">Revision<\/span>\t\t<figure><img decoding=\"async\" src=\"https:\/\/www.auto-elect.nl\/wp-content\/uploads\/2026\/02\/Blog-19-Retro-Classics-Stuttgart-Porsche-1600x800.jpg\" alt=\"Auto Elect auf der Retro Classics Stuttgart 2026\" loading=\"lazy\" \/><\/figure>    <\/div>\n    <div class=\"post-card--inner\">\n        <div class=\"meta\">\n            <i class=\"far fa-calendar\"><\/i>17. Februar 2026            <i class=\"far fa-clock\" style=\"margin: 0 0.375rem 0 1rem;\"><\/i>13 Minuten Lesezeit            <i class=\"far fa-user\"><\/i>Glenn Roozing        <\/div>\n\n\t\t<h3>Auto Elect auf der Retro Classics Stuttgart 2026<\/h3>        <a class=\"btn-link\" href=\"https:\/\/www.auto-elect.nl\/de\/blog\/auto-elect-op-de-retro-classics-stuttgart-2026\/\" target=\"_self\">\n\t\t\tMehr lesen        <\/a>\n    <\/div>\n    <a href=\"https:\/\/www.auto-elect.nl\/de\/blog\/auto-elect-op-de-retro-classics-stuttgart-2026\/\" class=\"sr-link\">\n        <span class=\"screen-reader-text\">\n            Lesen Sie mehr \u00fcberAuto Elect auf der Retro Classics Stuttgart 2026        <\/span>\n    <\/a>\n<\/article>\n                                  <\/div>\n\t\t\t\t                                                    <div class=\"cell large-6\">\n\t\t\t\t\t                  <article class=\"post-card\">\n    <div class=\"post-card--img-box\">\n\t    <span class=\"term\">Lenkgetriebe<\/span>\t\t<figure><img decoding=\"async\" src=\"https:\/\/www.auto-elect.nl\/wp-content\/uploads\/2026\/02\/Blog-18-Rolls-Royce-Arnage-4-1600x800.jpg\" alt=\"\u00dcberholung des Lenkgetriebes f\u00fcr Bentley und Rolls-Royce: Luxus und Technologie\" loading=\"lazy\" \/><\/figure>    <\/div>\n    <div class=\"post-card--inner\">\n        <div class=\"meta\">\n            <i class=\"far fa-calendar\"><\/i>03. Februar 2026            <i class=\"far fa-clock\" style=\"margin: 0 0.375rem 0 1rem;\"><\/i>7 Min. Lesezeit            <i class=\"far fa-user\"><\/i>Gerard Brouwers        <\/div>\n\n\t\t<h3>\u00dcberholung des Lenkgetriebes f\u00fcr Bentley und Rolls-Royce: Luxus und Technologie<\/h3>        <a class=\"btn-link\" href=\"https:\/\/www.auto-elect.nl\/de\/blog\/stuurhuizen-reviseren-voor-bentley-en-rolls-royce-waar-luxe-en-techniek-samenkomen\/\" target=\"_self\">\n\t\t\tMehr lesen        <\/a>\n    <\/div>\n    <a href=\"https:\/\/www.auto-elect.nl\/de\/blog\/stuurhuizen-reviseren-voor-bentley-en-rolls-royce-waar-luxe-en-techniek-samenkomen\/\" class=\"sr-link\">\n        <span class=\"screen-reader-text\">\n            Lesen Sie mehr \u00fcber\u00dcberarbeitete Steuerh\u00e4user f\u00fcr Bentley und Rolls-Royce: Wo Luxus auf Technologie trifft        <\/span>\n    <\/a>\n<\/article>\n                                  <\/div>\n\t\t\t\t                                                    <div class=\"cell large-6\">\n\t\t\t\t\t                  <article class=\"post-card\">\n    <div class=\"post-card--img-box\">\n\t    <span class=\"term\">Qualit\u00e4t<\/span>\t\t<figure><img decoding=\"async\" src=\"https:\/\/www.auto-elect.nl\/wp-content\/uploads\/2025\/12\/Blog-17-Klassieker-voor-pand-1600x800.jpg\" alt=\"Servolenkungs\u00fcberholung im Oldtimermarkt: Wenn Leidenschaft und Handwerkskunst den Unterschied ausmachen\" loading=\"lazy\" \/><\/figure>    <\/div>\n    <div class=\"post-card--inner\">\n        <div class=\"meta\">\n            <i class=\"far fa-calendar\"><\/i>16. Dezember 2025            <i class=\"far fa-clock\" style=\"margin: 0 0.375rem 0 1rem;\"><\/i>5 Minuten Lesezeit            <i class=\"far fa-user\"><\/i>Gerard Brouwers        <\/div>\n\n\t\t<h3>Servolenkungs\u00fcberholung im Oldtimermarkt: Wenn Leidenschaft und Handwerkskunst den Unterschied ausmachen<\/h3>        <a class=\"btn-link\" href=\"https:\/\/www.auto-elect.nl\/de\/blog\/stuurbekrachtiging-revisie-in-de-klassieke-automarkt-wanneer-passie-en-vakmanschap-het-verschil-maken\/\" target=\"_self\">\n\t\t\tMehr lesen        <\/a>\n    <\/div>\n    <a href=\"https:\/\/www.auto-elect.nl\/de\/blog\/stuurbekrachtiging-revisie-in-de-klassieke-automarkt-wanneer-passie-en-vakmanschap-het-verschil-maken\/\" class=\"sr-link\">\n        <span class=\"screen-reader-text\">\n            Lesen Sie mehr \u00fcber die \u00dcberholung von Servolenkungen auf dem Oldtimermarkt: Wenn Leidenschaft und Handwerkskunst den Unterschied machen        <\/span>\n    <\/a>\n<\/article>\n                                  <\/div>\n\t\t\t\t                                                    <div class=\"cell large-6\">\n\t\t\t\t\t                  <article class=\"post-card\">\n    <div class=\"post-card--img-box\">\n\t    <span class=\"term\">AGR<\/span>\t\t<figure><img decoding=\"async\" src=\"https:\/\/www.auto-elect.nl\/wp-content\/uploads\/2025\/06\/Blog-5-EGR-testen_scaled-1600x800.jpg\" alt=\"Austausch des AGR-Ventils: So machen Sie es richtig\" loading=\"lazy\" \/><\/figure>    <\/div>\n    <div class=\"post-card--inner\">\n        <div class=\"meta\">\n            <i class=\"far fa-calendar\"><\/i>02 Dezember 2025            <i class=\"far fa-clock\" style=\"margin: 0 0.375rem 0 1rem;\"><\/i>14 Minuten Lesezeit            <i class=\"far fa-user\"><\/i>Glenn Roozing        <\/div>\n\n\t\t<h3>Austausch des AGR-Ventils: So machen Sie es richtig<\/h3>        <a class=\"btn-link\" href=\"https:\/\/www.auto-elect.nl\/de\/blog\/de-vervangingsprocedure-van-de-egr-klep-zo-doe-je-het-goed\/\" target=\"_self\">\n\t\t\tMehr lesen        <\/a>\n    <\/div>\n    <a href=\"https:\/\/www.auto-elect.nl\/de\/blog\/de-vervangingsprocedure-van-de-egr-klep-zo-doe-je-het-goed\/\" class=\"sr-link\">\n        <span class=\"screen-reader-text\">\n            Lesen Sie mehr \u00fcberDas Verfahren zum Austausch des AGR-Ventils: So machen Sie es richtig        <\/span>\n    <\/a>\n<\/article>\n                                  <\/div>\n\t\t\t\t                                                    <div class=\"cell large-6\">\n\t\t\t\t\t                  <article class=\"post-card\">\n    <div class=\"post-card--img-box\">\n\t    <span class=\"term\">AGR<\/span>\t\t<figure><img decoding=\"async\" src=\"https:\/\/www.auto-elect.nl\/wp-content\/uploads\/2025\/06\/Blog-5-EGR-testbank-1600x800.jpg\" alt=\"Was ist ein AGR-Ventil und warum ist es so wichtig?\" loading=\"lazy\" \/><\/figure>    <\/div>\n    <div class=\"post-card--inner\">\n        <div class=\"meta\">\n            <i class=\"far fa-calendar\"><\/i>18. November 2025            <i class=\"far fa-clock\" style=\"margin: 0 0.375rem 0 1rem;\"><\/i>21 Minuten Lesezeit            <i class=\"far fa-user\"><\/i>Gerard Brouwers        <\/div>\n\n\t\t<h3>Was ist ein AGR-Ventil und warum ist es so wichtig?<\/h3>        <a class=\"btn-link\" href=\"https:\/\/www.auto-elect.nl\/de\/blog\/wat-is-een-egr-klep-en-waarom-is-het-zo-belangrijk\/\" target=\"_self\">\n\t\t\tMehr lesen        <\/a>\n    <\/div>\n    <a href=\"https:\/\/www.auto-elect.nl\/de\/blog\/wat-is-een-egr-klep-en-waarom-is-het-zo-belangrijk\/\" class=\"sr-link\">\n        <span class=\"screen-reader-text\">\n            Lesen Sie mehr \u00fcberWas ist ein AGR-Ventil und warum ist es so wichtig?        <\/span>\n    <\/a>\n<\/article>\n                                  <\/div>\n\t\t\t\t                                                    <div class=\"cell large-6\">\n\t\t\t\t\t                  <article class=\"post-card\">\n    <div class=\"post-card--img-box\">\n\t    <span class=\"term\">Revision<\/span>\t\t<figure><img decoding=\"async\" src=\"https:\/\/www.auto-elect.nl\/wp-content\/uploads\/2025\/11\/Blog-12-Test-benches.jpeg\" alt=\"Diagnosehilfen f\u00fcr mechanische Probleme an Ihrem Auto\" loading=\"lazy\" \/><\/figure>    <\/div>\n    <div class=\"post-card--inner\">\n        <div class=\"meta\">\n            <i class=\"far fa-calendar\"><\/i>04. November 2025            <i class=\"far fa-clock\" style=\"margin: 0 0.375rem 0 1rem;\"><\/i>10 Minuten Lesezeit            <i class=\"far fa-user\"><\/i>Gerard Brouwers        <\/div>\n\n\t\t<h3>Diagnosehilfen f\u00fcr mechanische Probleme an Ihrem Auto<\/h3>        <a class=\"btn-link\" href=\"https:\/\/www.auto-elect.nl\/de\/blog\/diagnostische-hulpmiddelen-voor-mechanische-problemen-in-je-auto\/\" target=\"_self\">\n\t\t\tMehr lesen        <\/a>\n    <\/div>\n    <a href=\"https:\/\/www.auto-elect.nl\/de\/blog\/diagnostische-hulpmiddelen-voor-mechanische-problemen-in-je-auto\/\" class=\"sr-link\">\n        <span class=\"screen-reader-text\">\n            Lesen Sie mehr \u00fcberDiagnosetools f\u00fcr mechanische Probleme in Ihrem Auto        <\/span>\n    <\/a>\n<\/article>\n                                  <\/div>\n\t\t\t\t                                                    <div class=\"cell large-6\">\n\t\t\t\t\t                  <article class=\"post-card\">\n    <div class=\"post-card--img-box\">\n\t    <span class=\"term\">Lenkgetriebe<\/span>\t\t<figure><img decoding=\"async\" src=\"https:\/\/www.auto-elect.nl\/wp-content\/uploads\/2025\/09\/Blog-9-Rebuilding-1600x800.jpg\" alt=\"So k\u00f6nnen Sie die Lebensdauer Ihrer Zahnstange verl\u00e4ngern\" loading=\"lazy\" \/><\/figure>    <\/div>\n    <div class=\"post-card--inner\">\n        <div class=\"meta\">\n            <i class=\"far fa-calendar\"><\/i>21. Oktober 2025            <i class=\"far fa-clock\" style=\"margin: 0 0.375rem 0 1rem;\"><\/i>13 Minuten Lesezeit            <i class=\"far fa-user\"><\/i>Gerard Brouwers        <\/div>\n\n\t\t<h3>So k\u00f6nnen Sie die Lebensdauer Ihrer Zahnstange verl\u00e4ngern<\/h3>        <a class=\"btn-link\" href=\"https:\/\/www.auto-elect.nl\/de\/blog\/zo-verleng-je-de-levensduur-van-je-stuurhuis\/\" target=\"_self\">\n\t\t\tMehr lesen        <\/a>\n    <\/div>\n    <a href=\"https:\/\/www.auto-elect.nl\/de\/blog\/zo-verleng-je-de-levensduur-van-je-stuurhuis\/\" class=\"sr-link\">\n        <span class=\"screen-reader-text\">\n            Lesen Sie mehr \u00fcber Wie Sie die Lebensdauer Ihres Lenkgetriebes verl\u00e4ngern k\u00f6nnen        <\/span>\n    <\/a>\n<\/article>\n                                  <\/div>\n\t\t\t\t                                                    <div class=\"cell large-6\">\n\t\t\t\t\t                  <article class=\"post-card\">\n    <div class=\"post-card--img-box\">\n\t    <span class=\"term\">Lenkgetriebe<\/span>\t\t<figure><img decoding=\"async\" src=\"https:\/\/www.auto-elect.nl\/wp-content\/uploads\/2025\/10\/Blog-10-Stuurkolommen_scaled-1600x800.jpg\" alt=\"Nicht jede Lenkungsbeschwerde l\u00e4sst sich mit einer \u00dcberholung l\u00f6sen\" loading=\"lazy\" \/><\/figure>    <\/div>\n    <div class=\"post-card--inner\">\n        <div class=\"meta\">\n            <i class=\"far fa-calendar\"><\/i>07. Oktober 2025            <i class=\"far fa-clock\" style=\"margin: 0 0.375rem 0 1rem;\"><\/i>12 Minuten Lesezeit            <i class=\"far fa-user\"><\/i>Gerard Brouwers        <\/div>\n\n\t\t<h3>Nicht jede Lenkungsbeschwerde l\u00e4sst sich mit einer \u00dcberholung l\u00f6sen<\/h3>        <a class=\"btn-link\" href=\"https:\/\/www.auto-elect.nl\/de\/blog\/niet-elke-stuurklacht-is-met-revisie-op-te-lossen\/\" target=\"_self\">\n\t\t\tMehr lesen        <\/a>\n    <\/div>\n    <a href=\"https:\/\/www.auto-elect.nl\/de\/blog\/niet-elke-stuurklacht-is-met-revisie-op-te-lossen\/\" class=\"sr-link\">\n        <span class=\"screen-reader-text\">\n            Lesen Sie mehr \u00fcberNicht jedes Lenkungsproblem l\u00e4sst sich mit einer \u00dcberholung l\u00f6sen        <\/span>\n    <\/a>\n<\/article>\n                                  <\/div>\n\t\t\t\t                                                    <div class=\"cell large-6\">\n\t\t\t\t\t                  <article class=\"post-card\">\n    <div class=\"post-card--img-box\">\n\t    <span class=\"term\">Revision<\/span>\t\t<figure><img decoding=\"async\" src=\"https:\/\/www.auto-elect.nl\/wp-content\/uploads\/2025\/09\/Blog-9-Engineering-1600x800.jpg\" alt=\"Was ist der Unterschied zwischen neuen und general\u00fcberholten Kfz-Produkten?\" loading=\"lazy\" \/><\/figure>    <\/div>\n    <div class=\"post-card--inner\">\n        <div class=\"meta\">\n            <i class=\"far fa-calendar\"><\/i>23. September 2025            <i class=\"far fa-clock\" style=\"margin: 0 0.375rem 0 1rem;\"><\/i>5 Minuten Lesezeit            <i class=\"far fa-user\"><\/i>Glenn Roozing        <\/div>\n\n\t\t<h3>Was ist der Unterschied zwischen neuen und general\u00fcberholten Kfz-Produkten?<\/h3>        <a class=\"btn-link\" href=\"https:\/\/www.auto-elect.nl\/de\/blog\/nieuwe-vs-gereviseerde-autoproducten-wat-is-het-verschil\/\" target=\"_self\">\n\t\t\tMehr lesen        <\/a>\n    <\/div>\n    <a href=\"https:\/\/www.auto-elect.nl\/de\/blog\/nieuwe-vs-gereviseerde-autoproducten-wat-is-het-verschil\/\" class=\"sr-link\">\n        <span class=\"screen-reader-text\">\n            Lesen Sie mehr \u00fcberWas ist der Unterschied zwischen neuen und \u00fcberholten Autoprodukten?        <\/span>\n    <\/a>\n<\/article>\n                                  <\/div>\n\t\t\t\t                                                    <div class=\"cell large-6\">\n\t\t\t\t\t                  <article class=\"post-card\">\n    <div class=\"post-card--img-box\">\n\t    <span class=\"term\">Qualit\u00e4t<\/span>\t\t<figure><img decoding=\"async\" src=\"https:\/\/www.auto-elect.nl\/wp-content\/uploads\/2025\/09\/Blog-8-Porsche-997-met-stuurhuis-1600x800.jpg\" alt=\"Neue Lenkgetriebe f\u00fcr Porsche-Klassiker: Leidenschaft trifft Perfektion\" loading=\"lazy\" \/><\/figure>    <\/div>\n    <div class=\"post-card--inner\">\n        <div class=\"meta\">\n            <i class=\"far fa-calendar\"><\/i>09. September 2025            <i class=\"far fa-clock\" style=\"margin: 0 0.375rem 0 1rem;\"><\/i>10 Minuten Lesezeit            <i class=\"far fa-user\"><\/i>Glenn Roozing        <\/div>\n\n\t\t<h3>Neue Lenkgetriebe f\u00fcr Porsche-Klassiker: Leidenschaft trifft Perfektion<\/h3>        <a class=\"btn-link\" href=\"https:\/\/www.auto-elect.nl\/de\/blog\/nieuwe-stuurhuizen-voor-porsche-klassiekers-passie-ontmoet-perfectie\/\" target=\"_self\">\n\t\t\tMehr lesen        <\/a>\n    <\/div>\n    <a href=\"https:\/\/www.auto-elect.nl\/de\/blog\/nieuwe-stuurhuizen-voor-porsche-klassiekers-passie-ontmoet-perfectie\/\" class=\"sr-link\">\n        <span class=\"screen-reader-text\">\n            Read more aboutNeue Lenkgetriebe f\u00fcr Porsche-Klassiker: Leidenschaft trifft Perfektion        <\/span>\n    <\/a>\n<\/article>\n                                  <\/div>\n\t\t\t\t                                        <\/div>\n                <\/div>\n            <\/div>\n\n        <\/div>\n\t\t<div class=\"pagination-container\"><\/div>    <\/div>\n<\/section>","protected":false},"excerpt":{"rendered":"","protected":false},"author":1,"featured_media":0,"parent":0,"menu_order":0,"comment_status":"closed","ping_status":"closed","template":"","meta":{"_acf_changed":false,"footnotes":""},"class_list":["post-10192","page","type-page","status-publish","hentry"],"acf":[],"yoast_head":"<!-- This site is optimized with the Yoast SEO plugin v27.4 - https:\/\/yoast.com\/product\/yoast-seo-wordpress\/ -->\n<title>Blogs - Auto Elect Zeewolde<\/title>\n<meta name=\"robots\" content=\"index, follow, max-snippet:-1, max-image-preview:large, max-video-preview:-1\" \/>\n<link rel=\"canonical\" href=\"https:\/\/www.auto-elect.nl\/de\/bloggt\/\" \/>\n<meta property=\"og:locale\" content=\"de_DE\" \/>\n<meta property=\"og:type\" content=\"article\" \/>\n<meta property=\"og:title\" content=\"Blogs - Auto Elect Zeewolde\" \/>\n<meta property=\"og:url\" content=\"https:\/\/www.auto-elect.nl\/de\/bloggt\/\" \/>\n<meta property=\"og:site_name\" content=\"Auto Elect Zeewolde\" \/>\n<meta property=\"article:modified_time\" content=\"2025-02-24T10:06:09+00:00\" \/>\n<meta name=\"twitter:card\" content=\"summary_large_image\" \/>\n<script type=\"application\/ld+json\" class=\"yoast-schema-graph\">{\"@context\":\"https:\\\/\\\/schema.org\",\"@graph\":[{\"@type\":\"WebPage\",\"@id\":\"https:\\\/\\\/www.auto-elect.nl\\\/blogs\\\/\",\"url\":\"https:\\\/\\\/www.auto-elect.nl\\\/blogs\\\/\",\"name\":\"Blogs - Auto Elect Zeewolde\",\"isPartOf\":{\"@id\":\"https:\\\/\\\/www.auto-elect.nl\\\/#website\"},\"datePublished\":\"2025-02-21T10:30:15+00:00\",\"dateModified\":\"2025-02-24T10:06:09+00:00\",\"breadcrumb\":{\"@id\":\"https:\\\/\\\/www.auto-elect.nl\\\/blogs\\\/#breadcrumb\"},\"inLanguage\":\"de\",\"potentialAction\":[{\"@type\":\"ReadAction\",\"target\":[\"https:\\\/\\\/www.auto-elect.nl\\\/blogs\\\/\"]}]},{\"@type\":\"BreadcrumbList\",\"@id\":\"https:\\\/\\\/www.auto-elect.nl\\\/blogs\\\/#breadcrumb\",\"itemListElement\":[{\"@type\":\"ListItem\",\"position\":1,\"name\":\"Home\",\"item\":\"https:\\\/\\\/www.auto-elect.nl\\\/\"},{\"@type\":\"ListItem\",\"position\":2,\"name\":\"Blogs\"}]},{\"@type\":\"WebSite\",\"@id\":\"https:\\\/\\\/www.auto-elect.nl\\\/#website\",\"url\":\"https:\\\/\\\/www.auto-elect.nl\\\/\",\"name\":\"Auto Elect Zeewolde\",\"description\":\"Specialist in nieuwe en gereviseerde autotechnische producten\",\"potentialAction\":[{\"@type\":\"SearchAction\",\"target\":{\"@type\":\"EntryPoint\",\"urlTemplate\":\"https:\\\/\\\/www.auto-elect.nl\\\/?s={search_term_string}\"},\"query-input\":{\"@type\":\"PropertyValueSpecification\",\"valueRequired\":true,\"valueName\":\"search_term_string\"}}],\"inLanguage\":\"de\"}]}<\/script>\n<!-- \/ Yoast SEO plugin. -->","yoast_head_json":{"title":"Blogs - Auto Elect Zeewolde","robots":{"index":"index","follow":"follow","max-snippet":"max-snippet:-1","max-image-preview":"max-image-preview:large","max-video-preview":"max-video-preview:-1"},"canonical":"https:\/\/www.auto-elect.nl\/de\/bloggt\/","og_locale":"de_DE","og_type":"article","og_title":"Blogs - Auto Elect Zeewolde","og_url":"https:\/\/www.auto-elect.nl\/de\/bloggt\/","og_site_name":"Auto Elect Zeewolde","article_modified_time":"2025-02-24T10:06:09+00:00","twitter_card":"summary_large_image","schema":{"@context":"https:\/\/schema.org","@graph":[{"@type":"WebPage","@id":"https:\/\/www.auto-elect.nl\/blogs\/","url":"https:\/\/www.auto-elect.nl\/blogs\/","name":"Blogs - Auto Elect Zeewolde","isPartOf":{"@id":"https:\/\/www.auto-elect.nl\/#website"},"datePublished":"2025-02-21T10:30:15+00:00","dateModified":"2025-02-24T10:06:09+00:00","breadcrumb":{"@id":"https:\/\/www.auto-elect.nl\/blogs\/#breadcrumb"},"inLanguage":"de","potentialAction":[{"@type":"ReadAction","target":["https:\/\/www.auto-elect.nl\/blogs\/"]}]},{"@type":"BreadcrumbList","@id":"https:\/\/www.auto-elect.nl\/blogs\/#breadcrumb","itemListElement":[{"@type":"ListItem","position":1,"name":"Home","item":"https:\/\/www.auto-elect.nl\/"},{"@type":"ListItem","position":2,"name":"Blogs"}]},{"@type":"WebSite","@id":"https:\/\/www.auto-elect.nl\/#website","url":"https:\/\/www.auto-elect.nl\/","name":"Auto Elect Zeewolde","description":"Spezialist f\u00c3\u00bcr neue und \u00c3\u00bcberholte Autotechnikprodukte","potentialAction":[{"@type":"SearchAction","target":{"@type":"EntryPoint","urlTemplate":"https:\/\/www.auto-elect.nl\/?s={search_term_string}"},"query-input":{"@type":"PropertyValueSpecification","valueRequired":true,"valueName":"search_term_string"}}],"inLanguage":"de"}]}},"_links":{"self":[{"href":"https:\/\/www.auto-elect.nl\/de\/wp-json\/wp\/v2\/pages\/10192","targetHints":{"allow":["GET"]}}],"collection":[{"href":"https:\/\/www.auto-elect.nl\/de\/wp-json\/wp\/v2\/pages"}],"about":[{"href":"https:\/\/www.auto-elect.nl\/de\/wp-json\/wp\/v2\/types\/page"}],"author":[{"embeddable":true,"href":"https:\/\/www.auto-elect.nl\/de\/wp-json\/wp\/v2\/users\/1"}],"replies":[{"embeddable":true,"href":"https:\/\/www.auto-elect.nl\/de\/wp-json\/wp\/v2\/comments?post=10192"}],"version-history":[{"count":2,"href":"https:\/\/www.auto-elect.nl\/de\/wp-json\/wp\/v2\/pages\/10192\/revisions"}],"predecessor-version":[{"id":10196,"href":"https:\/\/www.auto-elect.nl\/de\/wp-json\/wp\/v2\/pages\/10192\/revisions\/10196"}],"wp:attachment":[{"href":"https:\/\/www.auto-elect.nl\/de\/wp-json\/wp\/v2\/media?parent=10192"}],"curies":[{"name":"wp","href":"https:\/\/api.w.org\/{rel}","templated":true}]}}