{"id":10127,"date":"2025-02-21T08:50:41","date_gmt":"2025-02-21T07:50:41","guid":{"rendered":"https:\/\/www.auto-elect.nl\/?page_id=10127"},"modified":"2025-02-21T08:50:42","modified_gmt":"2025-02-21T07:50:42","slug":"produktentwicklung","status":"publish","type":"page","link":"https:\/\/www.auto-elect.nl\/de\/r-d\/productontwikkeling\/","title":{"rendered":"Produktentwicklung"},"content":{"rendered":"<section class=\"has-bg header\" >\n\t    <div class=\"img-box\">\n\t\t<figure><img decoding=\"async\" src=\"https:\/\/www.auto-elect.nl\/wp-content\/uploads\/2024\/09\/header-image-alfa-desktop.jpg\" alt=\"Produktentwicklung\" \/><\/figure>    <\/div>\n        <div class=\"grid-container\">\n       <div class=\"header-inner-container is-page\">\n           <div class=\"header-inner\" data-aos=\"fade-up\">\n\t\t               <div class=\"breadcrumbs\" typeof=\"Breadcrumblist\" vocab=\"https:\/\/schema.org\">\n\t\t\t<span property=\"itemListElement\" typeof=\"ListItem\"><a property=\"item\" typeof=\"WebPage\" title=\"Gehe zu Auto Elect Zeewolde.\" href=\"https:\/\/www.auto-elect.nl\/de\" class=\"home\" aria-current=\"page\"><span property=\"name\">Auto Elect Zeewolde<\/span><\/a><meta property=\"position\" content=\"1\"><\/span>        <\/div>\n\t\t<h1>Produktentwicklung<\/h1><p>Ergebnis eines Pioniergeistes<\/p>\n               <div class=\"btn-container\">\n\t\t\t                      <\/div>\n           <\/div>\n           <div class=\"employees-container\">\n               <div class=\"background\">\n                   <img decoding=\"async\" src=\"https:\/\/www.auto-elect.nl\/wp-content\/themes\/treesign\/assets\/images\/header-white-flakes.svg\" alt=\"Hintergrund Kopfzeile\">\n               <\/div>\n                      <\/div>\n       <\/div>\n    <\/div>\n<\/section>\n\n\n\n<section class=\"text-only left\" >\n        <div class=\"grid-container\">\n        <div class=\"text\">\n        \t\t\t<h2 >Kein Kartonschieber, sondern Produktentwicklung<\/h2><p ><p>Die Produkte unter der Marke Gaured werden vollst\u00e4ndig von Auto Elect entwickelt und produziert. Der Produktionsprozess wird von A bis Z betreut und kontinuierlich \u00fcberwacht. Um absolute Zuverl\u00e4ssigkeit zu gew\u00e4hrleisten, wird jedes einzelne Produkt vor der Auslieferung nochmals getestet \u2013 keine Stichproben, sondern jedes St\u00fcck auf dem Pr\u00fcfstand.<\/p>\n<p>Um dies zu erm\u00f6glichen, entwickelt und baut die F&amp;E-Abteilung von Auto Elect kontinuierlich neue Testger\u00e4te. Diese kommen sowohl im Produktionsprozess als auch bei der Auslieferung zum Einsatz. Das Ergebnis: Produkte von h\u00f6chster Qualit\u00e4t, auf die wir eine 100%ige Garantie geben k\u00f6nnen. Das macht Gaured-Produkte einzigartig, denn Auto Elect verf\u00fcgt \u00fcber das gesamte Wissen und die Expertise, um Innovation und Qualit\u00e4t sicherzustellen.<\/p>\n<\/p>        <a class=\"btn\" href=\"https:\/\/www.auto-elect.nl\/de\/kontakt\/\" target=\"_self\">\n\t\t\tKontaktieren Sie uns        <\/a>\n\t\t\t            <\/div>\n    <\/div>\n<\/section>\n\n\n<section class=\"text-media white left\" >\n    <div class=\"grid-container\">\n        <div class=\"grid-x grid-margin-x grid-margin-y\">\n            <div class=\"cell  large-offset-7 large-5\">\n                <div class=\"text\" data-aos=\"fade-up\">\n\t\t\t\t\t<h2>Wissen ist der Schl\u00fcssel<\/h2><p>Gaured-Produkte, entwickelt von Auto Elect, sind mit OEM-Produkten vergleichbar oder sogar besser. Der Markt wird kontinuierlich \u00fcberwacht, Probleme werden analysiert und innovative L\u00f6sungen entwickelt. Basierend auf diesen Erkenntnissen wird die Produktentwicklung gestartet oder gem\u00e4\u00df dem Reverse-Engineering-Prozess angepasst. Dabei steht die garantierte Qualit\u00e4t stets an erster Stelle: Notwendige Modifikationen werden nicht gescheut, um Leistung und Zuverl\u00e4ssigkeit zu optimieren.<\/p>\n        <a class=\"btn\" href=\"https:\/\/www.auto-elect.nl\/de\/kontakt\/\" target=\"_self\">\n\t\t\tKontaktieren Sie uns        <\/a>\n\t\t                <\/div>\n            <\/div>\n        <\/div>\n    <\/div>\n    <div class=\"img-container\" data-aos=\"fade-up\" data-aos-delay=\"200\">\n\t\t<figure><img decoding=\"async\" src=\"https:\/\/www.auto-elect.nl\/wp-content\/uploads\/2024\/11\/egr-producten-van-hoge-kwaliteit.webp\" alt=\"Wissen ist der Schl\u00fcssel\" loading=\"lazy\" \/><\/figure>    <\/div>\n<\/section>\n\n\n\n<section class=\"text-only left\" >\n        <div class=\"grid-container\">\n        <div class=\"text\">\n        \t\t\t<h2 >Sicherheit durch gr\u00fcndliche Tests<\/h2><p ><p>\u201e\u00c4rger kostet mehr\u201c \u2013 ein gefl\u00fcgeltes Wort hinter der Entwicklung der Gaured-Produkte. Deshalb setzt Auto Elect auf einen Ansatz, bei dem jedes Produkt doppelt getestet wird, bevor es auf den Markt kommt. Keine Stichproben, sondern 100 % Kontrolle. So wird sichergestellt, dass ein Gaured-Bauteil nach dem Einbau stets wie erwartet funktioniert.<\/p>\n<p>Ein defektes Produkt bedeutet Zeitverlust, zus\u00e4tzliche Kosten, Frustration und m\u00f6glicherweise den Verlust von Kunden. Auto Elect tut alles, um dies zu vermeiden, indem es ausschlie\u00dflich hochwertige und gr\u00fcndlich getestete Sensoren und Komponenten unter dem Namen Gaured liefert. Und falls in einem Ausnahmefall doch ein Problem auftritt, steht Auto Elect sofort mit technischer Unterst\u00fctzung bereit. Dieses Ma\u00df an Sicherheit und Service findet man nur bei engagierten Technikern, die jedes Problem als Herausforderung sehen.<\/p>\n<\/p>\t            <\/div>\n    <\/div>\n<\/section>\n\n\n<section class=\"cta\" >\n    <div class=\"img-box\">\n\t\t<figure><img decoding=\"async\" src=\"https:\/\/www.auto-elect.nl\/wp-content\/uploads\/2024\/11\/nieuwe-stuurbekrachtiging.webp\" alt=\"Gemeinsam l\u00f6sen wir jedes Problem\" loading=\"lazy\" \/><\/figure>    <\/div>\n\n    <div class=\"grid-container\">\n        <div class=\"cta-inner\">\n\t        <h2>Gemeinsam l\u00f6sen wir jedes Problem<\/h2><p>Egal ob es sich um ein altes oder neues Auto handelt, gemeinsam l\u00f6sen wir jedes Problem. Mit unseren Produkten arbeiten Sie effizient und auf h\u00f6chstem Niveau. Wir k\u00f6nnen ab Lager liefern oder Ihr Produkt \u00fcberarbeiten. M\u00f6chten Sie mehr erfahren? Suchen Sie in unserem Online-Shop nach dem Produkt, das Sie ben\u00f6tigen, oder nehmen Sie direkt Kontakt auf. Wir schauen gerne, wie wir Ihnen helfen k\u00f6nnen, damit Ihr Kunde schnell wieder auf der Stra\u00dfe ist.<\/p>\n        <\/div>\n    <\/div>\n<\/section>\n\n\n<section class=\"logos\" >\n    <div class=\"grid-container\">\n\t\t            <div class=\"logo-container\">\n\t\t\t\t                        <article class=\"logo-card\">\n\t\t\t\t\t\t\t\t<figure><img decoding=\"async\" src=\"https:\/\/www.auto-elect.nl\/wp-content\/uploads\/2024\/10\/logo-tec-doc-bw.png\" alt=\"\" loading=\"lazy\" \/><\/figure>\t\t\t\t\t\t\t                        <\/article>\n\t\t\t\t                        <article class=\"logo-card\">\n\t\t\t\t\t\t\t\t<figure><img decoding=\"async\" src=\"https:\/\/www.auto-elect.nl\/wp-content\/uploads\/2024\/10\/logo-edro-zw.png\" alt=\"\" loading=\"lazy\" \/><\/figure>\t\t\t\t\t\t\t                        <\/article>\n\t\t\t\t                        <article class=\"logo-card\">\n\t\t\t\t\t\t\t\t<figure><img decoding=\"async\" src=\"https:\/\/www.auto-elect.nl\/wp-content\/uploads\/2024\/10\/logo-gaured-zw.png\" alt=\"\" loading=\"lazy\" \/><\/figure>\t\t\t\t\t\t\t                        <\/article>\n\t\t\t\t                        <article class=\"logo-card\">\n\t\t\t\t\t\t\t\t<figure><img decoding=\"async\" src=\"https:\/\/www.auto-elect.nl\/wp-content\/uploads\/2024\/10\/logo-pim-automotive-zw.png\" alt=\"\" loading=\"lazy\" \/><\/figure>\t\t\t\t\t\t\t                        <\/article>\n\t\t\t\t                        <article class=\"logo-card\">\n\t\t\t\t\t\t\t\t<figure><img decoding=\"async\" src=\"https:\/\/www.auto-elect.nl\/wp-content\/uploads\/2024\/10\/logo-auto-elect-vintage-zw.png\" alt=\"\" loading=\"lazy\" \/><\/figure>\t\t\t\t\t\t\t                        <\/article>\n\t\t\t\t            <\/div>\n\t\t    <\/div>\n<\/section>","protected":false},"excerpt":{"rendered":"","protected":false},"author":4,"featured_media":0,"parent":17,"menu_order":0,"comment_status":"closed","ping_status":"closed","template":"","meta":{"_acf_changed":false,"footnotes":""},"class_list":["post-10127","page","type-page","status-publish","hentry"],"acf":[],"yoast_head":"<!-- This site is optimized with the Yoast SEO plugin v27.4 - https:\/\/yoast.com\/product\/yoast-seo-wordpress\/ -->\n<title>Productontwikkeling - Auto Elect Zeewolde<\/title>\n<meta name=\"robots\" content=\"index, follow, max-snippet:-1, max-image-preview:large, max-video-preview:-1\" \/>\n<link rel=\"canonical\" href=\"https:\/\/www.auto-elect.nl\/de\/r-d\/produktentwicklung\/\" \/>\n<meta property=\"og:locale\" content=\"de_DE\" \/>\n<meta property=\"og:type\" content=\"article\" \/>\n<meta property=\"og:title\" content=\"Productontwikkeling - Auto Elect Zeewolde\" \/>\n<meta property=\"og:url\" content=\"https:\/\/www.auto-elect.nl\/de\/r-d\/produktentwicklung\/\" \/>\n<meta property=\"og:site_name\" content=\"Auto Elect Zeewolde\" \/>\n<meta property=\"article:modified_time\" content=\"2025-02-21T07:50:42+00:00\" \/>\n<meta name=\"twitter:card\" content=\"summary_large_image\" \/>\n<script type=\"application\/ld+json\" class=\"yoast-schema-graph\">{\"@context\":\"https:\\\/\\\/schema.org\",\"@graph\":[{\"@type\":\"WebPage\",\"@id\":\"https:\\\/\\\/www.auto-elect.nl\\\/r-d\\\/productontwikkeling\\\/\",\"url\":\"https:\\\/\\\/www.auto-elect.nl\\\/r-d\\\/productontwikkeling\\\/\",\"name\":\"Productontwikkeling - Auto Elect Zeewolde\",\"isPartOf\":{\"@id\":\"https:\\\/\\\/www.auto-elect.nl\\\/#website\"},\"datePublished\":\"2025-02-21T07:50:41+00:00\",\"dateModified\":\"2025-02-21T07:50:42+00:00\",\"breadcrumb\":{\"@id\":\"https:\\\/\\\/www.auto-elect.nl\\\/r-d\\\/productontwikkeling\\\/#breadcrumb\"},\"inLanguage\":\"de\",\"potentialAction\":[{\"@type\":\"ReadAction\",\"target\":[\"https:\\\/\\\/www.auto-elect.nl\\\/r-d\\\/productontwikkeling\\\/\"]}]},{\"@type\":\"BreadcrumbList\",\"@id\":\"https:\\\/\\\/www.auto-elect.nl\\\/r-d\\\/productontwikkeling\\\/#breadcrumb\",\"itemListElement\":[{\"@type\":\"ListItem\",\"position\":1,\"name\":\"Home\",\"item\":\"https:\\\/\\\/www.auto-elect.nl\\\/\"},{\"@type\":\"ListItem\",\"position\":2,\"name\":\"R&amp;D\",\"item\":\"https:\\\/\\\/www.auto-elect.nl\\\/r-d\\\/\"},{\"@type\":\"ListItem\",\"position\":3,\"name\":\"Productontwikkeling\"}]},{\"@type\":\"WebSite\",\"@id\":\"https:\\\/\\\/www.auto-elect.nl\\\/#website\",\"url\":\"https:\\\/\\\/www.auto-elect.nl\\\/\",\"name\":\"Auto Elect Zeewolde\",\"description\":\"Specialist in nieuwe en gereviseerde autotechnische producten\",\"potentialAction\":[{\"@type\":\"SearchAction\",\"target\":{\"@type\":\"EntryPoint\",\"urlTemplate\":\"https:\\\/\\\/www.auto-elect.nl\\\/?s={search_term_string}\"},\"query-input\":{\"@type\":\"PropertyValueSpecification\",\"valueRequired\":true,\"valueName\":\"search_term_string\"}}],\"inLanguage\":\"de\"}]}<\/script>\n<!-- \/ Yoast SEO plugin. -->","yoast_head_json":{"title":"Produktentwicklung - Auto Elect Zeewolde","robots":{"index":"index","follow":"follow","max-snippet":"max-snippet:-1","max-image-preview":"max-image-preview:large","max-video-preview":"max-video-preview:-1"},"canonical":"https:\/\/www.auto-elect.nl\/de\/r-d\/produktentwicklung\/","og_locale":"de_DE","og_type":"article","og_title":"Productontwikkeling - Auto Elect Zeewolde","og_url":"https:\/\/www.auto-elect.nl\/de\/r-d\/produktentwicklung\/","og_site_name":"Auto Elect Zeewolde","article_modified_time":"2025-02-21T07:50:42+00:00","twitter_card":"summary_large_image","schema":{"@context":"https:\/\/schema.org","@graph":[{"@type":"WebPage","@id":"https:\/\/www.auto-elect.nl\/r-d\/productontwikkeling\/","url":"https:\/\/www.auto-elect.nl\/r-d\/productontwikkeling\/","name":"Produktentwicklung - Auto Elect Zeewolde","isPartOf":{"@id":"https:\/\/www.auto-elect.nl\/#website"},"datePublished":"2025-02-21T07:50:41+00:00","dateModified":"2025-02-21T07:50:42+00:00","breadcrumb":{"@id":"https:\/\/www.auto-elect.nl\/r-d\/productontwikkeling\/#breadcrumb"},"inLanguage":"de","potentialAction":[{"@type":"ReadAction","target":["https:\/\/www.auto-elect.nl\/r-d\/productontwikkeling\/"]}]},{"@type":"BreadcrumbList","@id":"https:\/\/www.auto-elect.nl\/r-d\/productontwikkeling\/#breadcrumb","itemListElement":[{"@type":"ListItem","position":1,"name":"Home","item":"https:\/\/www.auto-elect.nl\/"},{"@type":"ListItem","position":2,"name":"R&amp;D","item":"https:\/\/www.auto-elect.nl\/r-d\/"},{"@type":"ListItem","position":3,"name":"Productontwikkeling"}]},{"@type":"WebSite","@id":"https:\/\/www.auto-elect.nl\/#website","url":"https:\/\/www.auto-elect.nl\/","name":"Auto Elect Zeewolde","description":"Spezialist f\u00c3\u00bcr neue und \u00c3\u00bcberholte Autotechnikprodukte","potentialAction":[{"@type":"SearchAction","target":{"@type":"EntryPoint","urlTemplate":"https:\/\/www.auto-elect.nl\/?s={search_term_string}"},"query-input":{"@type":"PropertyValueSpecification","valueRequired":true,"valueName":"search_term_string"}}],"inLanguage":"de"}]}},"_links":{"self":[{"href":"https:\/\/www.auto-elect.nl\/de\/wp-json\/wp\/v2\/pages\/10127","targetHints":{"allow":["GET"]}}],"collection":[{"href":"https:\/\/www.auto-elect.nl\/de\/wp-json\/wp\/v2\/pages"}],"about":[{"href":"https:\/\/www.auto-elect.nl\/de\/wp-json\/wp\/v2\/types\/page"}],"author":[{"embeddable":true,"href":"https:\/\/www.auto-elect.nl\/de\/wp-json\/wp\/v2\/users\/4"}],"replies":[{"embeddable":true,"href":"https:\/\/www.auto-elect.nl\/de\/wp-json\/wp\/v2\/comments?post=10127"}],"version-history":[{"count":15,"href":"https:\/\/www.auto-elect.nl\/de\/wp-json\/wp\/v2\/pages\/10127\/revisions"}],"predecessor-version":[{"id":10184,"href":"https:\/\/www.auto-elect.nl\/de\/wp-json\/wp\/v2\/pages\/10127\/revisions\/10184"}],"up":[{"embeddable":true,"href":"https:\/\/www.auto-elect.nl\/de\/wp-json\/wp\/v2\/pages\/17"}],"wp:attachment":[{"href":"https:\/\/www.auto-elect.nl\/de\/wp-json\/wp\/v2\/media?parent=10127"}],"curies":[{"name":"wp","href":"https:\/\/api.w.org\/{rel}","templated":true}]}}